{"id":2851,"date":"2023-12-06T17:32:33","date_gmt":"2023-12-06T23:32:33","guid":{"rendered":"https:\/\/libreriahistoriasdebolsillo.com\/?post_type=product&#038;p=2851"},"modified":"2025-03-27T16:35:47","modified_gmt":"2025-03-27T22:35:47","slug":"el-viaje-de-shuna","status":"publish","type":"product","link":"https:\/\/libreriahistoriasdebolsillo.com\/index.php\/producto\/el-viaje-de-shuna\/","title":{"rendered":"El viaje de Shuna (Edici\u00f3n en pasta dura)"},"content":{"rendered":"<p>Shuna, joven heredero de una tierra hostil y bald\u00eda, pasa los d\u00edas observando con desesperaci\u00f3n c\u00f3mo su gente trabaja hasta el agotamiento cosechando el poco grano que crece en sus campos. Un d\u00eda, un misterioso anciano llega a sus tierras tras un largo viaje y, moribundo, le habla de unas semillas doradas con las que podr\u00eda devolver la abundancia a sus cosechas. Sin embargo, tendr\u00e1 que pagar un alto precio si quiere encontrarlas, pues las semillas est\u00e1n en el lugar donde nace la luna y regresa a morir, donde la tierra anunciasu fin, un lugar del que nunca nadie ha regresado. Shuna, esperanzado ante la idea de poner fin a la hambruna de su pueblo, emprende un peligroso viaje hacia el oeste.<\/p>\n","protected":false},"excerpt":{"rendered":"<p>Hayao Miyazaki<\/p>\n","protected":false},"featured_media":2852,"template":"","meta":{"_joinchat":[]},"product_brand":[],"product_cat":[67],"product_tag":[34],"class_list":{"0":"post-2851","1":"product","2":"type-product","3":"status-publish","4":"has-post-thumbnail","6":"product_cat-manga","7":"product_tag-penguin-random-house","9":"first","10":"outofstock","11":"shipping-taxable","12":"purchasable","13":"product-type-simple"},"_links":{"self":[{"href":"https:\/\/libreriahistoriasdebolsillo.com\/index.php\/wp-json\/wp\/v2\/product\/2851","targetHints":{"allow":["GET"]}}],"collection":[{"href":"https:\/\/libreriahistoriasdebolsillo.com\/index.php\/wp-json\/wp\/v2\/product"}],"about":[{"href":"https:\/\/libreriahistoriasdebolsillo.com\/index.php\/wp-json\/wp\/v2\/types\/product"}],"wp:featuredmedia":[{"embeddable":true,"href":"https:\/\/libreriahistoriasdebolsillo.com\/index.php\/wp-json\/wp\/v2\/media\/2852"}],"wp:attachment":[{"href":"https:\/\/libreriahistoriasdebolsillo.com\/index.php\/wp-json\/wp\/v2\/media?parent=2851"}],"wp:term":[{"taxonomy":"product_brand","embeddable":true,"href":"https:\/\/libreriahistoriasdebolsillo.com\/index.php\/wp-json\/wp\/v2\/product_brand?post=2851"},{"taxonomy":"product_cat","embeddable":true,"href":"https:\/\/libreriahistoriasdebolsillo.com\/index.php\/wp-json\/wp\/v2\/product_cat?post=2851"},{"taxonomy":"product_tag","embeddable":true,"href":"https:\/\/libreriahistoriasdebolsillo.com\/index.php\/wp-json\/wp\/v2\/product_tag?post=2851"}],"curies":[{"name":"wp","href":"https:\/\/api.w.org\/{rel}","templated":true}]}}