{"id":2855,"date":"2023-12-06T17:38:51","date_gmt":"2023-12-06T23:38:51","guid":{"rendered":"https:\/\/libreriahistoriasdebolsillo.com\/?post_type=product&#038;p=2855"},"modified":"2024-07-01T13:37:07","modified_gmt":"2024-07-01T19:37:07","slug":"2001-una-odisea-espacial","status":"publish","type":"product","link":"https:\/\/libreriahistoriasdebolsillo.com\/index.php\/producto\/2001-una-odisea-espacial\/","title":{"rendered":"2001 una odisea espacial"},"content":{"rendered":"<p><b>Un antiguo m<\/b><b>onolito alien\u00edgena esconde la clave del nacimiento de la civilizaci\u00f3n<\/b><\/p>\n<p>Los doctores\u00a0<b>David Bowman<\/b>\u00a0y Frank Poole se encuentran a bordo del\u00a0<b>Discovery<\/b>\u00a0<b>One<\/b>\u00a0con el objetivo de realizar una<b>expedici\u00f3n<\/b>\u00a0a los confines del universo en busca de evidencias que confirmen que el ser humano no est\u00e1 solo. Les acompa\u00f1an trescient\u00edficos en animaci\u00f3n suspendida y\u00a0<b>HAL 9000<\/b>, un ordenador excepcionalmente inteligente. Pero la misi\u00f3n se vuelve muy peligrosa cuando HAL empieza a fallar. \u00bfSe trata de un problema t\u00e9cnico? \u00bfO quiz\u00e1 Hal tiene\u00a0<b>voluntad propia<\/b>? \u00bfQu\u00e9 influencia ejerce el monolito? Con estas preguntas, surgen otras: \u00bfCu\u00e1l es nuestra esencia? \u00bfQu\u00e9 lugar ocupamos en el cosmos? \u00bfQu\u00e9 son el tiempo, la vida y la muerte?<\/p>\n<p>Uno de los\u00a0<b>grandes cl\u00e1sicos<\/b>\u00a0de la\u00a0<b>ciencia ficci\u00f3n<\/b>, que ofrece una visi\u00f3n totalizadora sobre el origen de la consciencia y la evoluci\u00f3n de la humanidad.<\/p>\n","protected":false},"excerpt":{"rendered":"<p>Arthur C. Clarke<\/p>\n","protected":false},"featured_media":2856,"template":"","meta":{"_joinchat":[]},"product_brand":[],"product_cat":[40],"product_tag":[34],"class_list":{"0":"post-2855","1":"product","2":"type-product","3":"status-publish","4":"has-post-thumbnail","6":"product_cat-ciencia-ficcion","7":"product_tag-penguin-random-house","9":"first","10":"outofstock","11":"shipping-taxable","12":"purchasable","13":"product-type-simple"},"_links":{"self":[{"href":"https:\/\/libreriahistoriasdebolsillo.com\/index.php\/wp-json\/wp\/v2\/product\/2855","targetHints":{"allow":["GET"]}}],"collection":[{"href":"https:\/\/libreriahistoriasdebolsillo.com\/index.php\/wp-json\/wp\/v2\/product"}],"about":[{"href":"https:\/\/libreriahistoriasdebolsillo.com\/index.php\/wp-json\/wp\/v2\/types\/product"}],"wp:featuredmedia":[{"embeddable":true,"href":"https:\/\/libreriahistoriasdebolsillo.com\/index.php\/wp-json\/wp\/v2\/media\/2856"}],"wp:attachment":[{"href":"https:\/\/libreriahistoriasdebolsillo.com\/index.php\/wp-json\/wp\/v2\/media?parent=2855"}],"wp:term":[{"taxonomy":"product_brand","embeddable":true,"href":"https:\/\/libreriahistoriasdebolsillo.com\/index.php\/wp-json\/wp\/v2\/product_brand?post=2855"},{"taxonomy":"product_cat","embeddable":true,"href":"https:\/\/libreriahistoriasdebolsillo.com\/index.php\/wp-json\/wp\/v2\/product_cat?post=2855"},{"taxonomy":"product_tag","embeddable":true,"href":"https:\/\/libreriahistoriasdebolsillo.com\/index.php\/wp-json\/wp\/v2\/product_tag?post=2855"}],"curies":[{"name":"wp","href":"https:\/\/api.w.org\/{rel}","templated":true}]}}