{"id":2857,"date":"2023-12-06T17:43:43","date_gmt":"2023-12-06T23:43:43","guid":{"rendered":"https:\/\/libreriahistoriasdebolsillo.com\/?post_type=product&#038;p=2857"},"modified":"2025-05-13T14:58:16","modified_gmt":"2025-05-13T20:58:16","slug":"beyond-the-story-cronica-de-10-anos-bts","status":"publish","type":"product","link":"https:\/\/libreriahistoriasdebolsillo.com\/index.php\/producto\/beyond-the-story-cronica-de-10-anos-bts\/","title":{"rendered":"Beyond the story. Cr\u00f3nica de 10 a\u00f1os BTS"},"content":{"rendered":"<p><b>Publicado para celebrar el 10.\u00ba aniversario de BTS, contiene historias que van mucho m\u00e1s all\u00e1 de lo que ya sabes sobre el grupo e incluye fotos in\u00e9ditas, c\u00f3digos QR con los v\u00eddeos y toda la informaci\u00f3n de los \u00e1lbumes.<\/b><\/p>\n<p>Tras darse a conocer al mundo el 13 de junio de 2013, BTS celebra el 10.\u00ba aniversario de su debut en junio de 2023. Sus integrantes se han situado en lo m\u00e1s alto como artistas ic\u00f3nicos globales y, aprovechando este importante hito, repasan su trayectoria en su primer libro oficial. De este modo, BTS afianza su potencial para construir un futuro a\u00fan m\u00e1s brillante y da un paso m\u00e1s en un camino que nadie ha transitado antes.<\/p>\n<p>BTS comparte las historias m\u00e1s personales detr\u00e1s de los focos de su trayectoria hasta la fecha a trav\u00e9s de entrevistas y de m\u00e1s de tresa\u00f1os de cobertura en profundidad por parte de Myeongseok Kang, quien ha escrito sobre K-pop y cultura pop coreana en diversos medios. Presentado de forma cronol\u00f3gica en siete cap\u00edtulos desde antes del debut de BTS hasta el presente, en el libro sus v\u00edvidas voces y opiniones se entrelazan para contar una historia sincera, \u00e1gil e intensa. En entrevistas individuales hechas sin c\u00e1mara ni maquillaje, arrojan luz sobre su trayectoria musical desde m\u00faltiples \u00e1ngulos y abordan su trascendencia.<\/p>\n<p>Adem\u00e1s, abren el libro retratos a todo color que muestran a BTS como personas y artistas y a lo largo de sus p\u00e1ginas se intercalan fotosconceptuales, listas de canciones de todos sus \u00e1lbumes anteriores y m\u00e1s de 330 c\u00f3digos QR. Como artistas de la era digital, BTS se ha comunicado con el mundo por internet, y este libro permite a los lectores acceder inmediatamente a trailers, v\u00eddeos musicales y muchos m\u00e1s recursos online para conocer a fondo todos los momentos clave de la historia de BTS. Completado con una cronolog\u00eda de todos sus grandes hitos,\u00a0<i>BEYOND THE STORY<\/i>\u00a0es un archivo extraordinario: todo el universo de BTS en un solo volumen.<\/p>\n","protected":false},"excerpt":{"rendered":"<p>Kang Myeongseok \/ BTS<\/p>\n","protected":false},"featured_media":2858,"template":"","meta":{"_joinchat":[]},"product_brand":[],"product_cat":[52,41],"product_tag":[34],"class_list":{"0":"post-2857","1":"product","2":"type-product","3":"status-publish","4":"has-post-thumbnail","6":"product_cat-juvenil","7":"product_cat-desarrollo-humano","8":"product_tag-penguin-random-house","10":"first","11":"instock","12":"shipping-taxable","13":"purchasable","14":"product-type-simple"},"_links":{"self":[{"href":"https:\/\/libreriahistoriasdebolsillo.com\/index.php\/wp-json\/wp\/v2\/product\/2857","targetHints":{"allow":["GET"]}}],"collection":[{"href":"https:\/\/libreriahistoriasdebolsillo.com\/index.php\/wp-json\/wp\/v2\/product"}],"about":[{"href":"https:\/\/libreriahistoriasdebolsillo.com\/index.php\/wp-json\/wp\/v2\/types\/product"}],"wp:featuredmedia":[{"embeddable":true,"href":"https:\/\/libreriahistoriasdebolsillo.com\/index.php\/wp-json\/wp\/v2\/media\/2858"}],"wp:attachment":[{"href":"https:\/\/libreriahistoriasdebolsillo.com\/index.php\/wp-json\/wp\/v2\/media?parent=2857"}],"wp:term":[{"taxonomy":"product_brand","embeddable":true,"href":"https:\/\/libreriahistoriasdebolsillo.com\/index.php\/wp-json\/wp\/v2\/product_brand?post=2857"},{"taxonomy":"product_cat","embeddable":true,"href":"https:\/\/libreriahistoriasdebolsillo.com\/index.php\/wp-json\/wp\/v2\/product_cat?post=2857"},{"taxonomy":"product_tag","embeddable":true,"href":"https:\/\/libreriahistoriasdebolsillo.com\/index.php\/wp-json\/wp\/v2\/product_tag?post=2857"}],"curies":[{"name":"wp","href":"https:\/\/api.w.org\/{rel}","templated":true}]}}