{"id":2865,"date":"2023-12-06T17:55:01","date_gmt":"2023-12-06T23:55:01","guid":{"rendered":"https:\/\/libreriahistoriasdebolsillo.com\/?post_type=product&#038;p=2865"},"modified":"2023-12-11T19:05:45","modified_gmt":"2023-12-12T01:05:45","slug":"el-espia-de-franco","status":"publish","type":"product","link":"https:\/\/libreriahistoriasdebolsillo.com\/index.php\/producto\/el-espia-de-franco\/","title":{"rendered":"El esp\u00eda de Franco"},"content":{"rendered":"<p><b>Jos\u00e9 Gallostra<\/b>\u00a0llevaba dos a\u00f1os fungiendo como ministro extraoficial de la Espa\u00f1a franquista cuando, el 20 de febrero de 1950, fue\u00a0<b>asesinado a tiros<\/b>\u00a0en una calle de la Ciudad de M\u00e9xico. Gallostra actuaba en realidad no como embajador, sino como un\u00a0<b>esp\u00eda pol\u00edtico<\/b>, y serv\u00eda de enlace en operaciones il\u00edcitas, en contubernio con algunos personajes de la colonia espa\u00f1ola. Aparte de provocar un conflicto diplom\u00e1tico, y de que su ejecutor material, un evidente sicario, ni siquiera se resisti\u00f3 al arresto, su asesinato encierra un enigma:\u00a0<b>\u00bfqui\u00e9n lo orden\u00f3 y con qu\u00e9 prop\u00f3sito? \u00bfLos republicanos, los comunistas, los anarquistas, el propio Franco, para propiciar una crisis?<\/b><\/p>\n<p>Gallostra era un gran ajedrecista y un personaje carism\u00e1tico, galante, p\u00edcaro y lujurioso sin cortapisas, as\u00ed que tambi\u00e9n cabe pensar: \u00bffue su muerte la venganza de alg\u00fan marido cornudo?<\/p>\n<p>Sustentada en una\u00a0<b>meticulosa investigaci\u00f3n<\/b>, esta novela tambi\u00e9n muestra un\u00a0<b>rico mosaico de la sociedad espa\u00f1ola asentada en la capital mexicana en una \u00e9poca vibrante y definitoria<\/b>, donde conviven tanto el muralismo y la cultura del exilio como Diego Rivera, Jos\u00e9 Gaos, Miguel Alem\u00e1n Vald\u00e9s y L\u00e1zaro C\u00e1rdenas.<\/p>\n<p>Luis Rius Caso ha logrado una afortunada mezcla de los elementos del thriller con los de la novela hist\u00f3rica.<\/p>\n","protected":false},"excerpt":{"rendered":"<p>Luis Rius Caso<\/p>\n","protected":false},"featured_media":2866,"template":"","meta":{"_joinchat":[]},"product_brand":[],"product_cat":[56,37],"product_tag":[34],"class_list":{"0":"post-2865","1":"product","2":"type-product","3":"status-publish","4":"has-post-thumbnail","6":"product_cat-historica","7":"product_cat-misterio-y-thriller","8":"product_tag-penguin-random-house","10":"first","11":"outofstock","12":"shipping-taxable","13":"purchasable","14":"product-type-simple"},"_links":{"self":[{"href":"https:\/\/libreriahistoriasdebolsillo.com\/index.php\/wp-json\/wp\/v2\/product\/2865","targetHints":{"allow":["GET"]}}],"collection":[{"href":"https:\/\/libreriahistoriasdebolsillo.com\/index.php\/wp-json\/wp\/v2\/product"}],"about":[{"href":"https:\/\/libreriahistoriasdebolsillo.com\/index.php\/wp-json\/wp\/v2\/types\/product"}],"wp:featuredmedia":[{"embeddable":true,"href":"https:\/\/libreriahistoriasdebolsillo.com\/index.php\/wp-json\/wp\/v2\/media\/2866"}],"wp:attachment":[{"href":"https:\/\/libreriahistoriasdebolsillo.com\/index.php\/wp-json\/wp\/v2\/media?parent=2865"}],"wp:term":[{"taxonomy":"product_brand","embeddable":true,"href":"https:\/\/libreriahistoriasdebolsillo.com\/index.php\/wp-json\/wp\/v2\/product_brand?post=2865"},{"taxonomy":"product_cat","embeddable":true,"href":"https:\/\/libreriahistoriasdebolsillo.com\/index.php\/wp-json\/wp\/v2\/product_cat?post=2865"},{"taxonomy":"product_tag","embeddable":true,"href":"https:\/\/libreriahistoriasdebolsillo.com\/index.php\/wp-json\/wp\/v2\/product_tag?post=2865"}],"curies":[{"name":"wp","href":"https:\/\/api.w.org\/{rel}","templated":true}]}}