{"id":2871,"date":"2023-12-06T18:08:32","date_gmt":"2023-12-07T00:08:32","guid":{"rendered":"https:\/\/libreriahistoriasdebolsillo.com\/?post_type=product&#038;p=2871"},"modified":"2024-03-19T18:09:18","modified_gmt":"2024-03-20T00:09:18","slug":"la-puerta-del-bosque","status":"publish","type":"product","link":"https:\/\/libreriahistoriasdebolsillo.com\/index.php\/producto\/la-puerta-del-bosque\/","title":{"rendered":"La puerta del bosque"},"content":{"rendered":"<p>Alice, una chica de diecisiete a\u00f1os, y su madre se han pasado la mayor parte de sus vidas de un sitio para otro, siempre un paso por delante de la extra\u00f1a mala suerte que les pisa los talones. Pero cuando la abuela de Alice, la esquiva autora de un libro de cuentos espeluznantes, muere en su finca del bosque, Alice descubre hasta d\u00f3nde puede llegar su mala suerte. Su madre desaparece y deja un extra\u00f1o mensaje: no te acerques al bosque de los avellanos.<\/p>\n<p>Para recuperarla, Alice tendr\u00e1 que adentrarse en el mundo en que nacieron las historias de su abuela y donde quiz\u00e1s encuentre la raz\u00f3n del monstruoso y estremecedor origen de su historia.<\/p>\n","protected":false},"excerpt":{"rendered":"<p>Melissa Albert<\/p>\n","protected":false},"featured_media":2872,"template":"","meta":{"_joinchat":[]},"product_brand":[],"product_cat":[39],"product_tag":[34],"class_list":{"0":"post-2871","1":"product","2":"type-product","3":"status-publish","4":"has-post-thumbnail","6":"product_cat-fantasia","7":"product_tag-penguin-random-house","9":"first","10":"outofstock","11":"shipping-taxable","12":"purchasable","13":"product-type-simple"},"_links":{"self":[{"href":"https:\/\/libreriahistoriasdebolsillo.com\/index.php\/wp-json\/wp\/v2\/product\/2871","targetHints":{"allow":["GET"]}}],"collection":[{"href":"https:\/\/libreriahistoriasdebolsillo.com\/index.php\/wp-json\/wp\/v2\/product"}],"about":[{"href":"https:\/\/libreriahistoriasdebolsillo.com\/index.php\/wp-json\/wp\/v2\/types\/product"}],"wp:featuredmedia":[{"embeddable":true,"href":"https:\/\/libreriahistoriasdebolsillo.com\/index.php\/wp-json\/wp\/v2\/media\/2872"}],"wp:attachment":[{"href":"https:\/\/libreriahistoriasdebolsillo.com\/index.php\/wp-json\/wp\/v2\/media?parent=2871"}],"wp:term":[{"taxonomy":"product_brand","embeddable":true,"href":"https:\/\/libreriahistoriasdebolsillo.com\/index.php\/wp-json\/wp\/v2\/product_brand?post=2871"},{"taxonomy":"product_cat","embeddable":true,"href":"https:\/\/libreriahistoriasdebolsillo.com\/index.php\/wp-json\/wp\/v2\/product_cat?post=2871"},{"taxonomy":"product_tag","embeddable":true,"href":"https:\/\/libreriahistoriasdebolsillo.com\/index.php\/wp-json\/wp\/v2\/product_tag?post=2871"}],"curies":[{"name":"wp","href":"https:\/\/api.w.org\/{rel}","templated":true}]}}