{"id":2887,"date":"2023-12-09T15:36:23","date_gmt":"2023-12-09T21:36:23","guid":{"rendered":"https:\/\/libreriahistoriasdebolsillo.com\/?post_type=product&#038;p=2887"},"modified":"2025-03-27T16:35:55","modified_gmt":"2025-03-27T22:35:55","slug":"dentro-de-la-sirenita","status":"publish","type":"product","link":"https:\/\/libreriahistoriasdebolsillo.com\/index.php\/producto\/dentro-de-la-sirenita\/","title":{"rendered":"Dentro de&#8230; La sirenita"},"content":{"rendered":"<p>Capic\u00faa tiene para ti los cuentos cl\u00e1sicos universales en un nuevo e innovador formato que te permitir\u00e1 vivirlos desde una nueva perspectiva. Descubre un nuevo fragmento de la historia al pasar cada p\u00e1gina y divi\u00e9rtete con las aventuras de la Sirenita, acomp\u00e1\u00f1ala en su traves\u00eda para conseguir sus sue\u00f1os y encontrar el amor.<\/p>\n","protected":false},"excerpt":{"rendered":"<p>Capic\u00faa tiene para ti los cuentos cl\u00e1sicos universales en un nuevo e innovador formato que te permitir\u00e1 vivirlos desde una nueva perspectiva. Descubre un nuevo fragmento de la historia al pasar cada p\u00e1gina y divi\u00e9rtete con las aventuras de la Sirenita, acomp\u00e1\u00f1ala en su traves\u00eda para conseguir sus sue\u00f1os y encontrar el amor.<\/p>\n","protected":false},"featured_media":2888,"template":"","meta":{"_joinchat":[]},"product_brand":[],"product_cat":[54],"product_tag":[48],"class_list":{"0":"post-2887","1":"product","2":"type-product","3":"status-publish","4":"has-post-thumbnail","6":"product_cat-infantil","7":"product_tag-vr-editoras","9":"first","10":"outofstock","11":"shipping-taxable","12":"purchasable","13":"product-type-simple"},"_links":{"self":[{"href":"https:\/\/libreriahistoriasdebolsillo.com\/index.php\/wp-json\/wp\/v2\/product\/2887","targetHints":{"allow":["GET"]}}],"collection":[{"href":"https:\/\/libreriahistoriasdebolsillo.com\/index.php\/wp-json\/wp\/v2\/product"}],"about":[{"href":"https:\/\/libreriahistoriasdebolsillo.com\/index.php\/wp-json\/wp\/v2\/types\/product"}],"wp:featuredmedia":[{"embeddable":true,"href":"https:\/\/libreriahistoriasdebolsillo.com\/index.php\/wp-json\/wp\/v2\/media\/2888"}],"wp:attachment":[{"href":"https:\/\/libreriahistoriasdebolsillo.com\/index.php\/wp-json\/wp\/v2\/media?parent=2887"}],"wp:term":[{"taxonomy":"product_brand","embeddable":true,"href":"https:\/\/libreriahistoriasdebolsillo.com\/index.php\/wp-json\/wp\/v2\/product_brand?post=2887"},{"taxonomy":"product_cat","embeddable":true,"href":"https:\/\/libreriahistoriasdebolsillo.com\/index.php\/wp-json\/wp\/v2\/product_cat?post=2887"},{"taxonomy":"product_tag","embeddable":true,"href":"https:\/\/libreriahistoriasdebolsillo.com\/index.php\/wp-json\/wp\/v2\/product_tag?post=2887"}],"curies":[{"name":"wp","href":"https:\/\/api.w.org\/{rel}","templated":true}]}}