{"id":2889,"date":"2023-12-09T15:38:02","date_gmt":"2023-12-09T21:38:02","guid":{"rendered":"https:\/\/libreriahistoriasdebolsillo.com\/?post_type=product&#038;p=2889"},"modified":"2025-03-27T16:36:01","modified_gmt":"2025-03-27T22:36:01","slug":"dentro-de-pinocho","status":"publish","type":"product","link":"https:\/\/libreriahistoriasdebolsillo.com\/index.php\/producto\/dentro-de-pinocho\/","title":{"rendered":"Dentro de&#8230; Pinocho"},"content":{"rendered":"<p>CapiC\u00faa tiene para ti los cuentos cl\u00e1sicos universales en un nuevo e innovador formato que te permitir\u00e1 vivirlos desde una nueva perspectiva. Descubre un nuevo fragmento de la historia al pasar cada p\u00e1gina y divi\u00e9rtete con las aventuras de Pinocho en su traves\u00eda por convertirse en un ni\u00f1o de verdad.<\/p>\n","protected":false},"excerpt":{"rendered":"<p>CapiC\u00faa tiene para ti los cuentos cl\u00e1sicos universales en un nuevo e innovador formato que te permitir\u00e1 vivirlos desde una nueva perspectiva. Descubre un nuevo fragmento de la historia al pasar cada p\u00e1gina y divi\u00e9rtete con las aventuras de Pinocho en su traves\u00eda por convertirse en un ni\u00f1o de verdad.<\/p>\n","protected":false},"featured_media":2890,"template":"","meta":{"_joinchat":[]},"product_brand":[],"product_cat":[54],"product_tag":[48],"class_list":{"0":"post-2889","1":"product","2":"type-product","3":"status-publish","4":"has-post-thumbnail","6":"product_cat-infantil","7":"product_tag-vr-editoras","9":"first","10":"outofstock","11":"shipping-taxable","12":"purchasable","13":"product-type-simple"},"_links":{"self":[{"href":"https:\/\/libreriahistoriasdebolsillo.com\/index.php\/wp-json\/wp\/v2\/product\/2889","targetHints":{"allow":["GET"]}}],"collection":[{"href":"https:\/\/libreriahistoriasdebolsillo.com\/index.php\/wp-json\/wp\/v2\/product"}],"about":[{"href":"https:\/\/libreriahistoriasdebolsillo.com\/index.php\/wp-json\/wp\/v2\/types\/product"}],"wp:featuredmedia":[{"embeddable":true,"href":"https:\/\/libreriahistoriasdebolsillo.com\/index.php\/wp-json\/wp\/v2\/media\/2890"}],"wp:attachment":[{"href":"https:\/\/libreriahistoriasdebolsillo.com\/index.php\/wp-json\/wp\/v2\/media?parent=2889"}],"wp:term":[{"taxonomy":"product_brand","embeddable":true,"href":"https:\/\/libreriahistoriasdebolsillo.com\/index.php\/wp-json\/wp\/v2\/product_brand?post=2889"},{"taxonomy":"product_cat","embeddable":true,"href":"https:\/\/libreriahistoriasdebolsillo.com\/index.php\/wp-json\/wp\/v2\/product_cat?post=2889"},{"taxonomy":"product_tag","embeddable":true,"href":"https:\/\/libreriahistoriasdebolsillo.com\/index.php\/wp-json\/wp\/v2\/product_tag?post=2889"}],"curies":[{"name":"wp","href":"https:\/\/api.w.org\/{rel}","templated":true}]}}