{"id":2893,"date":"2023-12-09T15:40:44","date_gmt":"2023-12-09T21:40:44","guid":{"rendered":"https:\/\/libreriahistoriasdebolsillo.com\/?post_type=product&#038;p=2893"},"modified":"2025-03-27T16:36:12","modified_gmt":"2025-03-27T22:36:12","slug":"dentro-de-alicia-en-el-pais-de-las-maravillas","status":"publish","type":"product","link":"https:\/\/libreriahistoriasdebolsillo.com\/index.php\/producto\/dentro-de-alicia-en-el-pais-de-las-maravillas\/","title":{"rendered":"Dentro de&#8230; Alicia en el pa\u00eds de las maravillas"},"content":{"rendered":"<p>CapiC\u00faa tiene para ti los cuentos cl\u00e1sicos universales en un nuevo e innovador formato que te permitir\u00e1 vivirlos desde una nueva perspectiva: descubre un nuevo fragmento de la historia al pasar cada pagina y divi\u00e9rtete con las aventuras de Alicia en el pa\u00eds de las maravillas.<\/p>\n","protected":false},"excerpt":{"rendered":"<p>CapiC\u00faa tiene para ti los cuentos cl\u00e1sicos universales en un nuevo e innovador formato que te permitir\u00e1 vivirlos desde una nueva perspectiva: descubre un nuevo fragmento de la historia al pasar cada pagina y divi\u00e9rtete con las aventuras de Alicia en el pa\u00eds de las maravillas.<\/p>\n","protected":false},"featured_media":2894,"template":"","meta":{"_joinchat":[]},"product_brand":[],"product_cat":[54],"product_tag":[48],"class_list":{"0":"post-2893","1":"product","2":"type-product","3":"status-publish","4":"has-post-thumbnail","6":"product_cat-infantil","7":"product_tag-vr-editoras","9":"first","10":"outofstock","11":"shipping-taxable","12":"purchasable","13":"product-type-simple"},"_links":{"self":[{"href":"https:\/\/libreriahistoriasdebolsillo.com\/index.php\/wp-json\/wp\/v2\/product\/2893","targetHints":{"allow":["GET"]}}],"collection":[{"href":"https:\/\/libreriahistoriasdebolsillo.com\/index.php\/wp-json\/wp\/v2\/product"}],"about":[{"href":"https:\/\/libreriahistoriasdebolsillo.com\/index.php\/wp-json\/wp\/v2\/types\/product"}],"wp:featuredmedia":[{"embeddable":true,"href":"https:\/\/libreriahistoriasdebolsillo.com\/index.php\/wp-json\/wp\/v2\/media\/2894"}],"wp:attachment":[{"href":"https:\/\/libreriahistoriasdebolsillo.com\/index.php\/wp-json\/wp\/v2\/media?parent=2893"}],"wp:term":[{"taxonomy":"product_brand","embeddable":true,"href":"https:\/\/libreriahistoriasdebolsillo.com\/index.php\/wp-json\/wp\/v2\/product_brand?post=2893"},{"taxonomy":"product_cat","embeddable":true,"href":"https:\/\/libreriahistoriasdebolsillo.com\/index.php\/wp-json\/wp\/v2\/product_cat?post=2893"},{"taxonomy":"product_tag","embeddable":true,"href":"https:\/\/libreriahistoriasdebolsillo.com\/index.php\/wp-json\/wp\/v2\/product_tag?post=2893"}],"curies":[{"name":"wp","href":"https:\/\/api.w.org\/{rel}","templated":true}]}}