{"id":2899,"date":"2023-12-09T15:46:10","date_gmt":"2023-12-09T21:46:10","guid":{"rendered":"https:\/\/libreriahistoriasdebolsillo.com\/?post_type=product&#038;p=2899"},"modified":"2025-03-11T12:48:00","modified_gmt":"2025-03-11T18:48:00","slug":"el-mirador-3-memoria-activa","status":"publish","type":"product","link":"https:\/\/libreriahistoriasdebolsillo.com\/index.php\/producto\/el-mirador-3-memoria-activa\/","title":{"rendered":"El mirador 3. Memoria activa"},"content":{"rendered":"<p>\u00bfQu\u00e9 estar\u00edas dispuesto a arriesgar a cambio de la verdad? Incluso en un mundo interconectado, algunos secretos pueden permanecer ocultos&#8230; Cuando la mano reci\u00e9n cortada de una mujer que supuestamente<br \/>\nestaba muerta, aparece en la escena de un tiroteo, Marisa se convence de que hay mucho sobre su pasado que a\u00fan desconoce y que bajo la superficie ocurren m\u00e1s cosas de las que nadie est\u00e1 dispuesto a admitir. La verdad est\u00e1 all\u00ed afuera y, para poder encontrarla, Carneseca tendr\u00e1 que unirse a amigos perdidos, asesinos corporativos, el cerebro digital del l\u00edder de una pandilla y lo que podr\u00eda ser, literalmente, un fantasma del pasado. Descubre el impactante desenlace de la trilog\u00eda El Mirador. Del autor de No soy un serial killer, Dan Wells.<\/p>\n","protected":false},"excerpt":{"rendered":"<p>Dan Wells<\/p>\n","protected":false},"featured_media":2900,"template":"","meta":{"_joinchat":[]},"product_brand":[],"product_cat":[40,52],"product_tag":[48],"class_list":{"0":"post-2899","1":"product","2":"type-product","3":"status-publish","4":"has-post-thumbnail","6":"product_cat-ciencia-ficcion","7":"product_cat-juvenil","8":"product_tag-vr-editoras","10":"first","11":"instock","12":"shipping-taxable","13":"purchasable","14":"product-type-simple"},"_links":{"self":[{"href":"https:\/\/libreriahistoriasdebolsillo.com\/index.php\/wp-json\/wp\/v2\/product\/2899","targetHints":{"allow":["GET"]}}],"collection":[{"href":"https:\/\/libreriahistoriasdebolsillo.com\/index.php\/wp-json\/wp\/v2\/product"}],"about":[{"href":"https:\/\/libreriahistoriasdebolsillo.com\/index.php\/wp-json\/wp\/v2\/types\/product"}],"wp:featuredmedia":[{"embeddable":true,"href":"https:\/\/libreriahistoriasdebolsillo.com\/index.php\/wp-json\/wp\/v2\/media\/2900"}],"wp:attachment":[{"href":"https:\/\/libreriahistoriasdebolsillo.com\/index.php\/wp-json\/wp\/v2\/media?parent=2899"}],"wp:term":[{"taxonomy":"product_brand","embeddable":true,"href":"https:\/\/libreriahistoriasdebolsillo.com\/index.php\/wp-json\/wp\/v2\/product_brand?post=2899"},{"taxonomy":"product_cat","embeddable":true,"href":"https:\/\/libreriahistoriasdebolsillo.com\/index.php\/wp-json\/wp\/v2\/product_cat?post=2899"},{"taxonomy":"product_tag","embeddable":true,"href":"https:\/\/libreriahistoriasdebolsillo.com\/index.php\/wp-json\/wp\/v2\/product_tag?post=2899"}],"curies":[{"name":"wp","href":"https:\/\/api.w.org\/{rel}","templated":true}]}}