{"id":2903,"date":"2023-12-09T15:52:28","date_gmt":"2023-12-09T21:52:28","guid":{"rendered":"https:\/\/libreriahistoriasdebolsillo.com\/?post_type=product&#038;p=2903"},"modified":"2025-06-10T14:07:55","modified_gmt":"2025-06-10T20:07:55","slug":"oraculo-de-la-abundancia-pasta-dura-tamano-bolsillo","status":"publish","type":"product","link":"https:\/\/libreriahistoriasdebolsillo.com\/index.php\/producto\/oraculo-de-la-abundancia-pasta-dura-tamano-bolsillo\/","title":{"rendered":"Or\u00e1culo de la abundancia (Pasta dura, tama\u00f1o bolsillo)"},"content":{"rendered":"<p>El or\u00e1culo de la abundancia es muy f\u00e1cil de usar: solo tienes que concentrarte en esa necesidad de hallar un indicio, es esa duda que se te qued\u00f3 pegada y estrechar este libro contra tu pecho o apoyarlo en tu frente. Luego, \u00e1brelo al azar y ante tus ojos surgir\u00e1 la respuesta impresa. Aqu\u00ed encontrar\u00e1s sencillos y delicados contrapesos para convencer a la abundancia de que hallar\u00e1 un terreno \u00f3ptimo en tu vida.<\/p>\n","protected":false},"excerpt":{"rendered":"<p>El or\u00e1culo de la abundancia es muy f\u00e1cil de usar: solo tienes que concentrarte en esa necesidad de hallar un indicio, es esa duda que se te qued\u00f3 pegada y estrechar este libro contra tu pecho o apoyarlo en tu frente. Luego, \u00e1brelo al azar y ante tus ojos surgir\u00e1 la respuesta impresa. Aqu\u00ed encontrar\u00e1s [&hellip;]<\/p>\n","protected":false},"featured_media":2904,"template":"","meta":{"_joinchat":[]},"product_brand":[],"product_cat":[59,41],"product_tag":[48],"class_list":{"0":"post-2903","1":"product","2":"type-product","3":"status-publish","4":"has-post-thumbnail","6":"product_cat-esoterismo","7":"product_cat-desarrollo-humano","8":"product_tag-vr-editoras","10":"first","11":"instock","12":"shipping-taxable","13":"purchasable","14":"product-type-simple"},"_links":{"self":[{"href":"https:\/\/libreriahistoriasdebolsillo.com\/index.php\/wp-json\/wp\/v2\/product\/2903","targetHints":{"allow":["GET"]}}],"collection":[{"href":"https:\/\/libreriahistoriasdebolsillo.com\/index.php\/wp-json\/wp\/v2\/product"}],"about":[{"href":"https:\/\/libreriahistoriasdebolsillo.com\/index.php\/wp-json\/wp\/v2\/types\/product"}],"wp:featuredmedia":[{"embeddable":true,"href":"https:\/\/libreriahistoriasdebolsillo.com\/index.php\/wp-json\/wp\/v2\/media\/2904"}],"wp:attachment":[{"href":"https:\/\/libreriahistoriasdebolsillo.com\/index.php\/wp-json\/wp\/v2\/media?parent=2903"}],"wp:term":[{"taxonomy":"product_brand","embeddable":true,"href":"https:\/\/libreriahistoriasdebolsillo.com\/index.php\/wp-json\/wp\/v2\/product_brand?post=2903"},{"taxonomy":"product_cat","embeddable":true,"href":"https:\/\/libreriahistoriasdebolsillo.com\/index.php\/wp-json\/wp\/v2\/product_cat?post=2903"},{"taxonomy":"product_tag","embeddable":true,"href":"https:\/\/libreriahistoriasdebolsillo.com\/index.php\/wp-json\/wp\/v2\/product_tag?post=2903"}],"curies":[{"name":"wp","href":"https:\/\/api.w.org\/{rel}","templated":true}]}}