{"id":2913,"date":"2023-12-09T15:59:34","date_gmt":"2023-12-09T21:59:34","guid":{"rendered":"https:\/\/libreriahistoriasdebolsillo.com\/?post_type=product&#038;p=2913"},"modified":"2025-05-14T12:52:44","modified_gmt":"2025-05-14T18:52:44","slug":"amor-y-otras-palabras","status":"publish","type":"product","link":"https:\/\/libreriahistoriasdebolsillo.com\/index.php\/producto\/amor-y-otras-palabras\/","title":{"rendered":"Amor y otras palabras"},"content":{"rendered":"<p>Macy Sorensen cree tener las riendas de su vida: est\u00e1 a punto de casarse con un hombre que le aporta seguridad cuando se reencuentra con su primer y \u00fanico amor. Entonces, la burbuja que hab\u00eda construido con tanto empe\u00f1o, empieza a disolverse. En el pasado, Elliot Petropoulos lo fue todo para Macy, la \u00fanica persona con quien fue capaz de compartir sus secretos m\u00e1s profundos. Pas\u00f3 de ser el vecino de la casa de al lado a ser su mundo entero. Hasta esa fat\u00eddica noche\u2026 Elliot nunca supo por qu\u00e9 Macy se alej\u00f3 de repente, y nunca tuvo la oportunidad de contar su versi\u00f3n de los hechos. Ahora, once a\u00f1os despu\u00e9s, se han vuelto dos extra\u00f1os. \u00bfPodr\u00e1n Elliot y Macy recuperar el tiempo y las oportunidades perdidas? \u00bfSer\u00e1n capaces de superar el pasado? \u00a1Una historia fascinante sobre la magia y la eternidad del primer amor!<\/p>\n","protected":false},"excerpt":{"rendered":"<p>Christina Lauren<\/p>\n","protected":false},"featured_media":2914,"template":"","meta":{"_joinchat":[]},"product_brand":[],"product_cat":[35],"product_tag":[48],"class_list":{"0":"post-2913","1":"product","2":"type-product","3":"status-publish","4":"has-post-thumbnail","6":"product_cat-romantica","7":"product_tag-vr-editoras","9":"first","10":"instock","11":"shipping-taxable","12":"purchasable","13":"product-type-simple"},"_links":{"self":[{"href":"https:\/\/libreriahistoriasdebolsillo.com\/index.php\/wp-json\/wp\/v2\/product\/2913","targetHints":{"allow":["GET"]}}],"collection":[{"href":"https:\/\/libreriahistoriasdebolsillo.com\/index.php\/wp-json\/wp\/v2\/product"}],"about":[{"href":"https:\/\/libreriahistoriasdebolsillo.com\/index.php\/wp-json\/wp\/v2\/types\/product"}],"wp:featuredmedia":[{"embeddable":true,"href":"https:\/\/libreriahistoriasdebolsillo.com\/index.php\/wp-json\/wp\/v2\/media\/2914"}],"wp:attachment":[{"href":"https:\/\/libreriahistoriasdebolsillo.com\/index.php\/wp-json\/wp\/v2\/media?parent=2913"}],"wp:term":[{"taxonomy":"product_brand","embeddable":true,"href":"https:\/\/libreriahistoriasdebolsillo.com\/index.php\/wp-json\/wp\/v2\/product_brand?post=2913"},{"taxonomy":"product_cat","embeddable":true,"href":"https:\/\/libreriahistoriasdebolsillo.com\/index.php\/wp-json\/wp\/v2\/product_cat?post=2913"},{"taxonomy":"product_tag","embeddable":true,"href":"https:\/\/libreriahistoriasdebolsillo.com\/index.php\/wp-json\/wp\/v2\/product_tag?post=2913"}],"curies":[{"name":"wp","href":"https:\/\/api.w.org\/{rel}","templated":true}]}}