{"id":2917,"date":"2023-12-09T16:55:51","date_gmt":"2023-12-09T22:55:51","guid":{"rendered":"https:\/\/libreriahistoriasdebolsillo.com\/?post_type=product&#038;p=2917"},"modified":"2025-06-27T10:58:34","modified_gmt":"2025-06-27T16:58:34","slug":"el-robo-de-la-mona-lisa","status":"publish","type":"product","link":"https:\/\/libreriahistoriasdebolsillo.com\/index.php\/producto\/el-robo-de-la-mona-lisa\/","title":{"rendered":"El robo de la mona lisa"},"content":{"rendered":"<p>Alguien ha robado la eterna sonrisa del Louvre y ahora, a modo de novela gr\u00e1fica, el inspector Ren\u00e9 Didot nos narrar\u00e1 c\u00f3mo resolvi\u00f3 el famos\u00edsimo caso. Por supuesto, no faltar\u00e1 el humor, las intrigas y el misterio mientras gu\u00edan a los m\u00e1s peque\u00f1os a descubrir c\u00f3mo piensa un detective y aprenden la Historia de una gran historia.<\/p>\n","protected":false},"excerpt":{"rendered":"<p>Franco Vaccarini y Jimena Tello<\/p>\n","protected":false},"featured_media":2918,"template":"","meta":{"_joinchat":[]},"product_brand":[],"product_cat":[54],"product_tag":[48],"class_list":{"0":"post-2917","1":"product","2":"type-product","3":"status-publish","4":"has-post-thumbnail","6":"product_cat-infantil","7":"product_tag-vr-editoras","9":"first","10":"instock","11":"shipping-taxable","12":"purchasable","13":"product-type-simple"},"_links":{"self":[{"href":"https:\/\/libreriahistoriasdebolsillo.com\/index.php\/wp-json\/wp\/v2\/product\/2917","targetHints":{"allow":["GET"]}}],"collection":[{"href":"https:\/\/libreriahistoriasdebolsillo.com\/index.php\/wp-json\/wp\/v2\/product"}],"about":[{"href":"https:\/\/libreriahistoriasdebolsillo.com\/index.php\/wp-json\/wp\/v2\/types\/product"}],"wp:featuredmedia":[{"embeddable":true,"href":"https:\/\/libreriahistoriasdebolsillo.com\/index.php\/wp-json\/wp\/v2\/media\/2918"}],"wp:attachment":[{"href":"https:\/\/libreriahistoriasdebolsillo.com\/index.php\/wp-json\/wp\/v2\/media?parent=2917"}],"wp:term":[{"taxonomy":"product_brand","embeddable":true,"href":"https:\/\/libreriahistoriasdebolsillo.com\/index.php\/wp-json\/wp\/v2\/product_brand?post=2917"},{"taxonomy":"product_cat","embeddable":true,"href":"https:\/\/libreriahistoriasdebolsillo.com\/index.php\/wp-json\/wp\/v2\/product_cat?post=2917"},{"taxonomy":"product_tag","embeddable":true,"href":"https:\/\/libreriahistoriasdebolsillo.com\/index.php\/wp-json\/wp\/v2\/product_tag?post=2917"}],"curies":[{"name":"wp","href":"https:\/\/api.w.org\/{rel}","templated":true}]}}