{"id":2921,"date":"2023-12-11T10:46:38","date_gmt":"2023-12-11T16:46:38","guid":{"rendered":"https:\/\/libreriahistoriasdebolsillo.com\/?post_type=product&#038;p=2921"},"modified":"2025-03-27T16:36:28","modified_gmt":"2025-03-27T22:36:28","slug":"no-te-olvidare-reminders-of-him","status":"publish","type":"product","link":"https:\/\/libreriahistoriasdebolsillo.com\/index.php\/producto\/no-te-olvidare-reminders-of-him\/","title":{"rendered":"No te olvidar\u00e9 (Reminders of him)"},"content":{"rendered":"<div class=\"frase-mkt\">\n<p><strong>Colleen Hoover, un fen\u00f3meno imparable.<\/strong><\/p>\n<p><strong>Una novela conmovedora por la autora de\u00a0<em>R<\/em><em>omper el c\u00edrculo (It Ends with Us)<\/em>.<\/strong><\/p>\n<p>\u00abCon una habilidad especial para la novela de emociones de alto voltaje, Hoover ha vendido m\u00e1s de 20 millones de libros. Y lo ha hecho a su manera\u00bb.\u00a0<em>The New York Times<\/em><\/p>\n<\/div>\n<p><strong>Para volver a creer en el amor, antes hay que reparar los errores del pasado.\u00a0<\/strong><\/p>\n<p>Despu\u00e9s de pasar cinco a\u00f1os en la c\u00e1rcel por el tr\u00e1gico error que le cost\u00f3 la vida de su gran amor Scott, Kenna Rowan regresa a casa con un \u00fanico deseo: abrazar a su hija Diem, de cuatro a\u00f1os, que vive con los padres de Scott y a la que no ha visto desde que naci\u00f3.<\/p>\n<p>La \u00fanica persona que no le ha cerrado la puerta por completo es Ledger Ward, due\u00f1o del bar local y uno de los pocos v\u00ednculos que le quedan con Diem. Pero ella sabe que si alguien descubre que Ledger se est\u00e1 convirtiendo lentamente en una parte importante de su vida, crece el riesgo de no recuperar a su hija. Kenna deber\u00e1 encontrar una manera de reparar los errores de su pasado si quiere construir un nuevo futuro con Ledger.<\/p>\n","protected":false},"excerpt":{"rendered":"<p>Colleen Hoover<\/p>\n","protected":false},"featured_media":2922,"template":"","meta":{"_joinchat":[]},"product_brand":[],"product_cat":[52,35],"product_tag":[45],"class_list":{"0":"post-2921","1":"product","2":"type-product","3":"status-publish","4":"has-post-thumbnail","6":"product_cat-juvenil","7":"product_cat-romantica","8":"product_tag-planeta","10":"first","11":"outofstock","12":"shipping-taxable","13":"purchasable","14":"product-type-simple"},"_links":{"self":[{"href":"https:\/\/libreriahistoriasdebolsillo.com\/index.php\/wp-json\/wp\/v2\/product\/2921","targetHints":{"allow":["GET"]}}],"collection":[{"href":"https:\/\/libreriahistoriasdebolsillo.com\/index.php\/wp-json\/wp\/v2\/product"}],"about":[{"href":"https:\/\/libreriahistoriasdebolsillo.com\/index.php\/wp-json\/wp\/v2\/types\/product"}],"wp:featuredmedia":[{"embeddable":true,"href":"https:\/\/libreriahistoriasdebolsillo.com\/index.php\/wp-json\/wp\/v2\/media\/2922"}],"wp:attachment":[{"href":"https:\/\/libreriahistoriasdebolsillo.com\/index.php\/wp-json\/wp\/v2\/media?parent=2921"}],"wp:term":[{"taxonomy":"product_brand","embeddable":true,"href":"https:\/\/libreriahistoriasdebolsillo.com\/index.php\/wp-json\/wp\/v2\/product_brand?post=2921"},{"taxonomy":"product_cat","embeddable":true,"href":"https:\/\/libreriahistoriasdebolsillo.com\/index.php\/wp-json\/wp\/v2\/product_cat?post=2921"},{"taxonomy":"product_tag","embeddable":true,"href":"https:\/\/libreriahistoriasdebolsillo.com\/index.php\/wp-json\/wp\/v2\/product_tag?post=2921"}],"curies":[{"name":"wp","href":"https:\/\/api.w.org\/{rel}","templated":true}]}}