{"id":2943,"date":"2023-12-13T10:41:15","date_gmt":"2023-12-13T16:41:15","guid":{"rendered":"https:\/\/libreriahistoriasdebolsillo.com\/?post_type=product&#038;p=2943"},"modified":"2025-10-23T10:56:25","modified_gmt":"2025-10-23T16:56:25","slug":"su-ultimo-dia","status":"publish","type":"product","link":"https:\/\/libreriahistoriasdebolsillo.com\/index.php\/producto\/su-ultimo-dia\/","title":{"rendered":"Su \u00faltimo d\u00eda"},"content":{"rendered":"<p>Stephanie y Patrick se est\u00e1n adaptando todav\u00eda a su nueva vida tras el nacimiento de las gemelas. Las beb\u00e9s no les dan respiro y aunque Stephanie sufre el agotamiento y la desorientaci\u00f3n de la falta de sue\u00f1o, hay una cosa de la que est\u00e1 completamente segura: tiene todo lo que siempre hab\u00eda so\u00f1ado. Entonces aparece Erica, una mujer del pasado de Patrick que lanza una escalofriante acusaci\u00f3n. Patrick siempre hab\u00eda afirmado que la\u00a0<b>muerte\u00a0<\/b>de su primera esposa fue un\u00a0<b>accidente<\/b>.Ahora Erica asegura que se trat\u00f3 de un\u00a0<b>asesinato<\/b>. \u00c9l insiste en que es inocente, en que todo no es m\u00e1s que un intento de chantaje. Pero Erica sabe cosas sobre Patrick, cosas que empujan a Stephanie a hacerse preguntas sobre su marido. \u00bfLe ha contado la verdad? \u00bfEs Erica la convincente mentirosa que Patrick asegura que es? \u00bfO ha cometido Stephanie un terrible error?<\/p>\n<p>\u00abTe mantendr\u00e1 en suspenso hasta el final&#8230; Aseg\u00farate de reservarte el tiempo necesario porque, una vez que empieces a leer, no querr\u00e1s parar.\u00bb\u00a0<i><b>USA Today<\/b><\/i><\/p>\n<p>\u00abCon su ritmo trepidante, los aficionados a las novelas de intriga devorar\u00e1n sus p\u00e1ginas.\u00bb\u00a0<b><i>Publishers Weekly<\/i><\/b><\/p>\n<p>\u00abUna nueva novela atrapante de una magistral narradora.\u00bb\u00a0<b><i>My Weekly<\/i><\/b><\/p>\n","protected":false},"excerpt":{"rendered":"<p>Shari Lapena<\/p>\n","protected":false},"featured_media":2944,"template":"","meta":{"_joinchat":[]},"product_brand":[],"product_cat":[37,51],"product_tag":[34],"class_list":{"0":"post-2943","1":"product","2":"type-product","3":"status-publish","4":"has-post-thumbnail","6":"product_cat-misterio-y-thriller","7":"product_cat-oferta","8":"product_tag-penguin-random-house","10":"first","11":"instock","12":"sale","13":"shipping-taxable","14":"purchasable","15":"product-type-simple"},"_links":{"self":[{"href":"https:\/\/libreriahistoriasdebolsillo.com\/index.php\/wp-json\/wp\/v2\/product\/2943","targetHints":{"allow":["GET"]}}],"collection":[{"href":"https:\/\/libreriahistoriasdebolsillo.com\/index.php\/wp-json\/wp\/v2\/product"}],"about":[{"href":"https:\/\/libreriahistoriasdebolsillo.com\/index.php\/wp-json\/wp\/v2\/types\/product"}],"wp:featuredmedia":[{"embeddable":true,"href":"https:\/\/libreriahistoriasdebolsillo.com\/index.php\/wp-json\/wp\/v2\/media\/2944"}],"wp:attachment":[{"href":"https:\/\/libreriahistoriasdebolsillo.com\/index.php\/wp-json\/wp\/v2\/media?parent=2943"}],"wp:term":[{"taxonomy":"product_brand","embeddable":true,"href":"https:\/\/libreriahistoriasdebolsillo.com\/index.php\/wp-json\/wp\/v2\/product_brand?post=2943"},{"taxonomy":"product_cat","embeddable":true,"href":"https:\/\/libreriahistoriasdebolsillo.com\/index.php\/wp-json\/wp\/v2\/product_cat?post=2943"},{"taxonomy":"product_tag","embeddable":true,"href":"https:\/\/libreriahistoriasdebolsillo.com\/index.php\/wp-json\/wp\/v2\/product_tag?post=2943"}],"curies":[{"name":"wp","href":"https:\/\/api.w.org\/{rel}","templated":true}]}}