{"id":2947,"date":"2023-12-13T10:53:40","date_gmt":"2023-12-13T16:53:40","guid":{"rendered":"https:\/\/libreriahistoriasdebolsillo.com\/?post_type=product&#038;p=2947"},"modified":"2025-12-18T17:01:05","modified_gmt":"2025-12-18T23:01:05","slug":"el-banquete-de-hitler","status":"publish","type":"product","link":"https:\/\/libreriahistoriasdebolsillo.com\/index.php\/producto\/el-banquete-de-hitler\/","title":{"rendered":"El banquete de Hitler"},"content":{"rendered":"<p><b>Una gran novela aclamada por la cr\u00edtica y en la lista de m\u00e1s vendidos de Italia. <\/b><b>Ganadora del Premio Campiello.<\/b><\/p>\n<p>\u00abPor favor, leed este libro.\u00bb<br \/>\n<b>Michela Murgia (autora de<i>\u00a0La acabadora<\/i>)<\/b><\/p>\n<p>Imaginen por un momento una mesa bien dispuesta, con platos de loza blanca llenos de comida exquisita. Imaginen unas jud\u00edas verdes condimentadas con mantequilla fundida, el olor embriagador de unos pimientos asados y la textura de un<i>\u00a0Strudel<\/i>\u00a0de manzana reci\u00e9n horneado. Al levantar la vista encontrar\u00e1n a diez mujeres j\u00f3venes y fam\u00e9licas. Estamos en el c<b>uartel general de Hitler<\/b>\u00a0y corre el a\u00f1o 1943; la guerra causa estragos, pero ellas est\u00e1n aqu\u00ed y tienen hambre. Lo que pueda pasar despu\u00e9s poco importa&#8230;<\/p>\n<p>\u00ab\u00a1Comed!\u00bb, ordenan los\u00a0<b><u>soldados de la SS<\/u><\/b><u>:<\/u>\u00a0ellas son las\u00a0<b>catadoras<\/b>\u00a0del\u00a0<b>F\u00fchrer<\/b>\u00a0y tendr\u00e1n que aguardar una hora hasta que los guardias descarten que las viandas est\u00e1n envenenadas. En el ambiente turbio de este banquete perverso, que siempre puede ser el \u00faltimo, las j\u00f3venes y los\u00a0<b>militares<\/b>\u00a0del cuartel trenzan alianzas ins\u00f3litas. Pero \u00bfacaso hay algo ins\u00f3lito cuando vivimos al l\u00edmite?<\/p>\n<p>Inspir\u00e1ndose en la historia real de\u00a0<b>Margot W\u00f6lk<\/b>, catadora de Hitler, Rosella Postorino atraviesa el laberinto del deseo para contarnos la historia de Rosa Sauer, una joven que se aferra a su af\u00e1n por saborearlo todo, incluido el sexo prohibido, mientras espera a un marido que no regresa: una mujer con ganas de sentirse viva.<\/p>\n","protected":false},"excerpt":{"rendered":"<p>Rosella Postorino<\/p>\n","protected":false},"featured_media":2948,"template":"","meta":{"_joinchat":[]},"product_brand":[],"product_cat":[33,56,51,55],"product_tag":[34],"class_list":{"0":"post-2947","1":"product","2":"type-product","3":"status-publish","4":"has-post-thumbnail","6":"product_cat-ficcion-general","7":"product_cat-historica","8":"product_cat-oferta","9":"product_cat-holocausto","10":"product_tag-penguin-random-house","12":"first","13":"outofstock","14":"sale","15":"shipping-taxable","16":"purchasable","17":"product-type-simple"},"_links":{"self":[{"href":"https:\/\/libreriahistoriasdebolsillo.com\/index.php\/wp-json\/wp\/v2\/product\/2947","targetHints":{"allow":["GET"]}}],"collection":[{"href":"https:\/\/libreriahistoriasdebolsillo.com\/index.php\/wp-json\/wp\/v2\/product"}],"about":[{"href":"https:\/\/libreriahistoriasdebolsillo.com\/index.php\/wp-json\/wp\/v2\/types\/product"}],"wp:featuredmedia":[{"embeddable":true,"href":"https:\/\/libreriahistoriasdebolsillo.com\/index.php\/wp-json\/wp\/v2\/media\/2948"}],"wp:attachment":[{"href":"https:\/\/libreriahistoriasdebolsillo.com\/index.php\/wp-json\/wp\/v2\/media?parent=2947"}],"wp:term":[{"taxonomy":"product_brand","embeddable":true,"href":"https:\/\/libreriahistoriasdebolsillo.com\/index.php\/wp-json\/wp\/v2\/product_brand?post=2947"},{"taxonomy":"product_cat","embeddable":true,"href":"https:\/\/libreriahistoriasdebolsillo.com\/index.php\/wp-json\/wp\/v2\/product_cat?post=2947"},{"taxonomy":"product_tag","embeddable":true,"href":"https:\/\/libreriahistoriasdebolsillo.com\/index.php\/wp-json\/wp\/v2\/product_tag?post=2947"}],"curies":[{"name":"wp","href":"https:\/\/api.w.org\/{rel}","templated":true}]}}