{"id":2971,"date":"2023-12-13T11:45:46","date_gmt":"2023-12-13T17:45:46","guid":{"rendered":"https:\/\/libreriahistoriasdebolsillo.com\/?post_type=product&#038;p=2971"},"modified":"2025-03-27T16:36:39","modified_gmt":"2025-03-27T22:36:39","slug":"novela-secreta-4-el-hombre-iluminado","status":"publish","type":"product","link":"https:\/\/libreriahistoriasdebolsillo.com\/index.php\/producto\/novela-secreta-4-el-hombre-iluminado\/","title":{"rendered":"Novela secreta 4. El hombre iluminado"},"content":{"rendered":"<p><b>Brandon Sanderson, el gran autor de fantas\u00eda del siglo XXI, nos lleva a un futuro de su universo del Cosmere en el que un perpetuo vagabundo planetario deber\u00e1 decidir si seguir huyendo o quedarse y ayudar en un mundo atribulado.<\/b><\/p>\n<p><b><i>El Hombre Iluminado<\/i>\u00a0es una de las cuatro incre\u00edbles novelas con las que Sanderson ha protagonizado la mayor campa\u00f1a de micromecenazgo de la historia de Kickstarter.<\/b><\/p>\n<p>Hace a\u00f1os ten\u00eda compa\u00f1eros de armas y una causa en la que creer, pero ahora el hombre que se hace llamar N\u00f3mada solo conoce la vida a la fuga. Obligado a saltar de un mundo a otro en el Cosmere cada vez que la implacable Brigada Nocturna le gana demasiado terreno, N\u00f3mada acaba en un nuevo planeta y de inmediato se ve implicado en la trifulca entre un tirano y los rebeldes que solo pretenden evitar que los conviertan en esclavos sin mente. Y todo bajo la amenaza constante de un amanecer cuyo calor derrite la misma piedra. Incapaz de comprender su idioma, \u00bfsabr\u00e1 navegar el conflicto y obtener el suficiente poder para saltar fuera del planeta antes de que su mente o su cuerpo paguen el precio definitivo?<\/p>\n","protected":false},"excerpt":{"rendered":"<p>Brandon Sanderson<\/p>\n","protected":false},"featured_media":2972,"template":"","meta":{"_joinchat":[]},"product_brand":[],"product_cat":[39],"product_tag":[34],"class_list":{"0":"post-2971","1":"product","2":"type-product","3":"status-publish","4":"has-post-thumbnail","6":"product_cat-fantasia","7":"product_tag-penguin-random-house","9":"first","10":"outofstock","11":"shipping-taxable","12":"purchasable","13":"product-type-simple"},"_links":{"self":[{"href":"https:\/\/libreriahistoriasdebolsillo.com\/index.php\/wp-json\/wp\/v2\/product\/2971","targetHints":{"allow":["GET"]}}],"collection":[{"href":"https:\/\/libreriahistoriasdebolsillo.com\/index.php\/wp-json\/wp\/v2\/product"}],"about":[{"href":"https:\/\/libreriahistoriasdebolsillo.com\/index.php\/wp-json\/wp\/v2\/types\/product"}],"wp:featuredmedia":[{"embeddable":true,"href":"https:\/\/libreriahistoriasdebolsillo.com\/index.php\/wp-json\/wp\/v2\/media\/2972"}],"wp:attachment":[{"href":"https:\/\/libreriahistoriasdebolsillo.com\/index.php\/wp-json\/wp\/v2\/media?parent=2971"}],"wp:term":[{"taxonomy":"product_brand","embeddable":true,"href":"https:\/\/libreriahistoriasdebolsillo.com\/index.php\/wp-json\/wp\/v2\/product_brand?post=2971"},{"taxonomy":"product_cat","embeddable":true,"href":"https:\/\/libreriahistoriasdebolsillo.com\/index.php\/wp-json\/wp\/v2\/product_cat?post=2971"},{"taxonomy":"product_tag","embeddable":true,"href":"https:\/\/libreriahistoriasdebolsillo.com\/index.php\/wp-json\/wp\/v2\/product_tag?post=2971"}],"curies":[{"name":"wp","href":"https:\/\/api.w.org\/{rel}","templated":true}]}}