{"id":2976,"date":"2023-12-13T11:49:28","date_gmt":"2023-12-13T17:49:28","guid":{"rendered":"https:\/\/libreriahistoriasdebolsillo.com\/?post_type=product&#038;p=2976"},"modified":"2026-02-12T15:22:43","modified_gmt":"2026-02-12T21:22:43","slug":"las-indignas","status":"publish","type":"product","link":"https:\/\/libreriahistoriasdebolsillo.com\/index.php\/producto\/las-indignas\/","title":{"rendered":"Las indignas"},"content":{"rendered":"<p><b>\u00abNadie le dice que no a<\/b>\u00a0<b>la Hermana<\/b>\u00a0<b>Superior. Nadie que quiera seguir viva.\u00bb<\/b><\/p>\n<p>El mundo atraves\u00f3\u00a0<b>guerras<\/b>\u00a0por el agua y\u00a0<b>cat\u00e1strofes ambientales<\/b>. Los d\u00edas pasan de g\u00e9lidos a sofocantes en cuesti\u00f3n de horas, el aire est\u00e1 saturado de olores pestilentes y el cielo se cubre con nieblas espesas y pegajosas como telas de ara\u00f1a. En este presente desolador, confinadas en la Casa de la\u00a0<b>Hermandad Sagrada<\/b>, varias mujeres sobreviven sometidas a los designios de un<b>culto religioso<\/b>\u00a0y son objeto de torturas y sacrificios en nombre de la iluminaci\u00f3n. Todas se encuentran bajo el mando estricto de la\u00a0<b>Hermana Superior<\/b>, por encima de quien solo se erige \u201c\u00c9l\u201d. \u00bfQui\u00e9n es \u00c9l? Poco se sabe; nadie puede verlo, pero desde las sombras las domina.<\/p>\n<p>Narrado a trav\u00e9s de las anotaciones dispersas del diario en el que la protagonista lleva el registro de las ceremonias y de sus descubrimientos, toma forma este libro de la noche. Sus p\u00e1ginas se ocultan en recovecos secretos, acaso sin esperanza de liberaci\u00f3n; apenas para que alguien sepa de ellas cuando ya no est\u00e9n.<\/p>\n<p><b>AgustinaBazterrica<\/b>, la autora de la inolvidable\u00a0<i><b>Cad\u00e1ver exquisito<\/b><\/i>, nos ofrece en esta nueva y esperada novela una distop\u00eda perturbadora, en la que resplandece la naturaleza oscura de una falsa divinidad, un dios abusivo, pero tambi\u00e9n la forma subrepticia, aunque poderosa, de la amistad.<\/p>\n","protected":false},"excerpt":{"rendered":"<p>Agustina Bazterrica<\/p>\n","protected":false},"featured_media":2975,"template":"","meta":{"_joinchat":[]},"product_brand":[],"product_cat":[72,33],"product_tag":[34],"class_list":{"0":"post-2976","1":"product","2":"type-product","3":"status-publish","4":"has-post-thumbnail","6":"product_cat-distopico","7":"product_cat-ficcion-general","8":"product_tag-penguin-random-house","10":"first","11":"instock","12":"shipping-taxable","13":"purchasable","14":"product-type-simple"},"_links":{"self":[{"href":"https:\/\/libreriahistoriasdebolsillo.com\/index.php\/wp-json\/wp\/v2\/product\/2976","targetHints":{"allow":["GET"]}}],"collection":[{"href":"https:\/\/libreriahistoriasdebolsillo.com\/index.php\/wp-json\/wp\/v2\/product"}],"about":[{"href":"https:\/\/libreriahistoriasdebolsillo.com\/index.php\/wp-json\/wp\/v2\/types\/product"}],"wp:featuredmedia":[{"embeddable":true,"href":"https:\/\/libreriahistoriasdebolsillo.com\/index.php\/wp-json\/wp\/v2\/media\/2975"}],"wp:attachment":[{"href":"https:\/\/libreriahistoriasdebolsillo.com\/index.php\/wp-json\/wp\/v2\/media?parent=2976"}],"wp:term":[{"taxonomy":"product_brand","embeddable":true,"href":"https:\/\/libreriahistoriasdebolsillo.com\/index.php\/wp-json\/wp\/v2\/product_brand?post=2976"},{"taxonomy":"product_cat","embeddable":true,"href":"https:\/\/libreriahistoriasdebolsillo.com\/index.php\/wp-json\/wp\/v2\/product_cat?post=2976"},{"taxonomy":"product_tag","embeddable":true,"href":"https:\/\/libreriahistoriasdebolsillo.com\/index.php\/wp-json\/wp\/v2\/product_tag?post=2976"}],"curies":[{"name":"wp","href":"https:\/\/api.w.org\/{rel}","templated":true}]}}