{"id":2977,"date":"2023-12-13T11:52:59","date_gmt":"2023-12-13T17:52:59","guid":{"rendered":"https:\/\/libreriahistoriasdebolsillo.com\/?post_type=product&#038;p=2977"},"modified":"2025-10-28T12:13:44","modified_gmt":"2025-10-28T18:13:44","slug":"cronicas-del-campamento-mestizo-la-profecia-del-rayo-y-las-estrellas","status":"publish","type":"product","link":"https:\/\/libreriahistoriasdebolsillo.com\/index.php\/producto\/cronicas-del-campamento-mestizo-la-profecia-del-rayo-y-las-estrellas\/","title":{"rendered":"Cr\u00f3nicas del campamento mestizo. La profec\u00eda del rayo y las estrellas"},"content":{"rendered":"<p>Nico di Angelo, hijo de Hades, ha superado las pruebas m\u00e1s dif\u00edciles que podr\u00eda haberse imaginado: desde la muerte de su madre y su hermana hasta perder a su amigo Jason durante los juicios de Apolo. Pero ahora hay un rayo de sol en su vida: Will Solace, el hijo de Apolo.<\/p>\n<p>Juntos, los dos semidioses pueden superar cualquier obst\u00e1culo.<\/p>\n<p>Al menos, as\u00ed fue hasta el d\u00eda de hoy.<\/p>\n<p>Ahora una voz llama a Nico desde el T\u00e1rtaro, la parte m\u00e1s baja del Inframundo. \u00c9l tiene clara su misi\u00f3n, pero Will no va a dejar que vaya solo&#8230; La pregunta es: \u00bfpuede un ser hecho de luz sobrevivir en la parte m\u00e1s oscura del mundo? \u00bfPodr\u00e1 vencer los demonios que lo rodean y los que tiene en su interior?<\/p>\n<p><b>Descubre un nuevo mundo en una aventura de los personajes m\u00e1s admirados de la saga Percy Jackson.<\/b><\/p>\n","protected":false},"excerpt":{"rendered":"<p>Rick Riordan y Mark Oshiro<\/p>\n","protected":false},"featured_media":2978,"template":"","meta":{"_joinchat":[]},"product_brand":[],"product_cat":[39,52],"product_tag":[34],"class_list":{"0":"post-2977","1":"product","2":"type-product","3":"status-publish","4":"has-post-thumbnail","6":"product_cat-fantasia","7":"product_cat-juvenil","8":"product_tag-penguin-random-house","10":"first","11":"outofstock","12":"shipping-taxable","13":"purchasable","14":"product-type-simple"},"_links":{"self":[{"href":"https:\/\/libreriahistoriasdebolsillo.com\/index.php\/wp-json\/wp\/v2\/product\/2977","targetHints":{"allow":["GET"]}}],"collection":[{"href":"https:\/\/libreriahistoriasdebolsillo.com\/index.php\/wp-json\/wp\/v2\/product"}],"about":[{"href":"https:\/\/libreriahistoriasdebolsillo.com\/index.php\/wp-json\/wp\/v2\/types\/product"}],"wp:featuredmedia":[{"embeddable":true,"href":"https:\/\/libreriahistoriasdebolsillo.com\/index.php\/wp-json\/wp\/v2\/media\/2978"}],"wp:attachment":[{"href":"https:\/\/libreriahistoriasdebolsillo.com\/index.php\/wp-json\/wp\/v2\/media?parent=2977"}],"wp:term":[{"taxonomy":"product_brand","embeddable":true,"href":"https:\/\/libreriahistoriasdebolsillo.com\/index.php\/wp-json\/wp\/v2\/product_brand?post=2977"},{"taxonomy":"product_cat","embeddable":true,"href":"https:\/\/libreriahistoriasdebolsillo.com\/index.php\/wp-json\/wp\/v2\/product_cat?post=2977"},{"taxonomy":"product_tag","embeddable":true,"href":"https:\/\/libreriahistoriasdebolsillo.com\/index.php\/wp-json\/wp\/v2\/product_tag?post=2977"}],"curies":[{"name":"wp","href":"https:\/\/api.w.org\/{rel}","templated":true}]}}