{"id":2981,"date":"2023-12-13T11:56:57","date_gmt":"2023-12-13T17:56:57","guid":{"rendered":"https:\/\/libreriahistoriasdebolsillo.com\/?post_type=product&#038;p=2981"},"modified":"2026-01-31T18:19:36","modified_gmt":"2026-02-01T00:19:36","slug":"percy-jackson-y-los-dioses-del-olimpo-2-el-mar-de-los-monstruos","status":"publish","type":"product","link":"https:\/\/libreriahistoriasdebolsillo.com\/index.php\/producto\/percy-jackson-y-los-dioses-del-olimpo-2-el-mar-de-los-monstruos\/","title":{"rendered":"Percy Jackson y los dioses del Olimpo 2. El mar de los monstruos"},"content":{"rendered":"<p>Aunque el nuevo curso en la Escuela Meriwether transcurre con inusual normalidad, un simple partido de bal\u00f3n prisionero acaba en\u00a0<b>batalla campal<\/b>\u00a0contra una banda de\u00a0<b>feroces gigantes<\/b>. A partir de ah\u00ed los acontecimientos se precipitan: el per\u00edmetro m\u00e1gico que protege el Campamento Mestizo es destruido por un\u00a0<b>misterioso enemigo<\/b>\u00a0y la \u00fanica seguridad con que contaban los semidioses desaparece. As\u00ed, para impedir este da\u00f1o irreparable, Percy y sus amigos inician la\u00a0<b>traves\u00eda del temible Mar de los Monstruos<\/b>\u00a0en busca de lo \u00fanico que puede salvar el campamento:\u00a0<b>el Vellocino de Oro.<\/b><\/p>\n","protected":false},"excerpt":{"rendered":"<p>Rick Riordan<\/p>\n","protected":false},"featured_media":2982,"template":"","meta":{"_joinchat":[]},"product_brand":[],"product_cat":[39,52],"product_tag":[34],"class_list":{"0":"post-2981","1":"product","2":"type-product","3":"status-publish","4":"has-post-thumbnail","6":"product_cat-fantasia","7":"product_cat-juvenil","8":"product_tag-penguin-random-house","10":"first","11":"outofstock","12":"shipping-taxable","13":"purchasable","14":"product-type-simple"},"_links":{"self":[{"href":"https:\/\/libreriahistoriasdebolsillo.com\/index.php\/wp-json\/wp\/v2\/product\/2981","targetHints":{"allow":["GET"]}}],"collection":[{"href":"https:\/\/libreriahistoriasdebolsillo.com\/index.php\/wp-json\/wp\/v2\/product"}],"about":[{"href":"https:\/\/libreriahistoriasdebolsillo.com\/index.php\/wp-json\/wp\/v2\/types\/product"}],"wp:featuredmedia":[{"embeddable":true,"href":"https:\/\/libreriahistoriasdebolsillo.com\/index.php\/wp-json\/wp\/v2\/media\/2982"}],"wp:attachment":[{"href":"https:\/\/libreriahistoriasdebolsillo.com\/index.php\/wp-json\/wp\/v2\/media?parent=2981"}],"wp:term":[{"taxonomy":"product_brand","embeddable":true,"href":"https:\/\/libreriahistoriasdebolsillo.com\/index.php\/wp-json\/wp\/v2\/product_brand?post=2981"},{"taxonomy":"product_cat","embeddable":true,"href":"https:\/\/libreriahistoriasdebolsillo.com\/index.php\/wp-json\/wp\/v2\/product_cat?post=2981"},{"taxonomy":"product_tag","embeddable":true,"href":"https:\/\/libreriahistoriasdebolsillo.com\/index.php\/wp-json\/wp\/v2\/product_tag?post=2981"}],"curies":[{"name":"wp","href":"https:\/\/api.w.org\/{rel}","templated":true}]}}