{"id":2983,"date":"2023-12-13T11:59:09","date_gmt":"2023-12-13T17:59:09","guid":{"rendered":"https:\/\/libreriahistoriasdebolsillo.com\/?post_type=product&#038;p=2983"},"modified":"2025-12-15T16:59:10","modified_gmt":"2025-12-15T22:59:10","slug":"percy-jackson-y-los-dioses-del-olimpo-3-la-maldicion-del-titan","status":"publish","type":"product","link":"https:\/\/libreriahistoriasdebolsillo.com\/index.php\/producto\/percy-jackson-y-los-dioses-del-olimpo-3-la-maldicion-del-titan\/","title":{"rendered":"Percy Jackson y los dioses del Olimpo 3. La maldici\u00f3n del tit\u00e1n"},"content":{"rendered":"<p>Percy recibe una llamada de socorro de su amigo Grover, el s\u00e1tiro, y no duda en acudir inmediatamente en su auxilio. Lo har\u00e1 acompa\u00f1ado de sus aliadas, las semidiosas Annabeth y Thalia, pero ninguno imagina la sorpresa que los aguarda: una terrible mant\u00edcora pretende secuestrarlos y llevarlos ante el general enviado por Cronos, el diab\u00f3lico se\u00f1or de los titanes.<\/p>\n<p>Gracias a la ayuda de las cazadoras de Artemisa, Percy y sus aliadas logran escapar y volver al Campamento Mestizo. Una vez all\u00ed, emprender\u00e1n la b\u00fasqueda del monstruo que puede provocar la destrucci\u00f3n del Olimpo, a pesar de que, seg\u00fan la profec\u00eda del Or\u00e1culo, s\u00f3lo uno de ellos lograr\u00e1 superar la maldici\u00f3n del tit\u00e1n.<\/p>\n","protected":false},"excerpt":{"rendered":"<p>Rick Riordan<\/p>\n","protected":false},"featured_media":2984,"template":"","meta":{"_joinchat":[]},"product_brand":[],"product_cat":[39,52],"product_tag":[34],"class_list":{"0":"post-2983","1":"product","2":"type-product","3":"status-publish","4":"has-post-thumbnail","6":"product_cat-fantasia","7":"product_cat-juvenil","8":"product_tag-penguin-random-house","10":"first","11":"outofstock","12":"shipping-taxable","13":"purchasable","14":"product-type-simple"},"_links":{"self":[{"href":"https:\/\/libreriahistoriasdebolsillo.com\/index.php\/wp-json\/wp\/v2\/product\/2983","targetHints":{"allow":["GET"]}}],"collection":[{"href":"https:\/\/libreriahistoriasdebolsillo.com\/index.php\/wp-json\/wp\/v2\/product"}],"about":[{"href":"https:\/\/libreriahistoriasdebolsillo.com\/index.php\/wp-json\/wp\/v2\/types\/product"}],"wp:featuredmedia":[{"embeddable":true,"href":"https:\/\/libreriahistoriasdebolsillo.com\/index.php\/wp-json\/wp\/v2\/media\/2984"}],"wp:attachment":[{"href":"https:\/\/libreriahistoriasdebolsillo.com\/index.php\/wp-json\/wp\/v2\/media?parent=2983"}],"wp:term":[{"taxonomy":"product_brand","embeddable":true,"href":"https:\/\/libreriahistoriasdebolsillo.com\/index.php\/wp-json\/wp\/v2\/product_brand?post=2983"},{"taxonomy":"product_cat","embeddable":true,"href":"https:\/\/libreriahistoriasdebolsillo.com\/index.php\/wp-json\/wp\/v2\/product_cat?post=2983"},{"taxonomy":"product_tag","embeddable":true,"href":"https:\/\/libreriahistoriasdebolsillo.com\/index.php\/wp-json\/wp\/v2\/product_tag?post=2983"}],"curies":[{"name":"wp","href":"https:\/\/api.w.org\/{rel}","templated":true}]}}