{"id":2985,"date":"2023-12-13T12:01:25","date_gmt":"2023-12-13T18:01:25","guid":{"rendered":"https:\/\/libreriahistoriasdebolsillo.com\/?post_type=product&#038;p=2985"},"modified":"2026-02-10T16:27:49","modified_gmt":"2026-02-10T22:27:49","slug":"percy-jackson-y-los-dioses-del-olimpo-4-la-batalla-del-laberinto","status":"publish","type":"product","link":"https:\/\/libreriahistoriasdebolsillo.com\/index.php\/producto\/percy-jackson-y-los-dioses-del-olimpo-4-la-batalla-del-laberinto\/","title":{"rendered":"Percy Jackson y los dioses del Olimpo 4. La batalla del laberinto"},"content":{"rendered":"<p><b>Contin\u00faan las aventuras de Percy Jackson en esta cuarta entrega de la serie \u00abPercy Jackson y los Dioses del Olimpo\u00bb.<\/b><\/p>\n<p><b>Una serie trepidante que ha ocupado las listas de los libros m\u00e1s vendidos del\u00a0<i>The New York Times<\/i>\u00a0y\u00a0<i>Publishers Weekly<\/i>\u00a0y que ha llegado a la gran pantalla a cargo de Chris Columbus, director de las dos primeras entregas de \u00abHarry Potter\u00bb.<\/b><\/p>\n<p>A punto de comenzar primero de secundaria, Percy Jackson no espera emociones fuertes, sino m\u00e1s bien un aburrimiento sopor\u00edfero. Pero cuando en la nueva escuela se presenta una vieja amiga, seguida de un par de animadoras diab\u00f3licas, los acontecimientos se precipitan y todo empieza a ir de mal en peor.<\/p>\n<p>Cronos, el malvado se\u00f1or de los titanes, amenaza con destruir el Campamento Mestizo, donde se refugian los j\u00f3venes semidioses. Para evitarlo, Percy y sus amigos deben emprender una arriesgada b\u00fasqueda a trav\u00e9s del laberinto,un mundo subterr\u00e1neo plagado de trampas temibles y criaturas perversas, concebido para acabar con quienes se atrevan a profanarlo.<\/p>\n","protected":false},"excerpt":{"rendered":"<p>Rick Riordan<\/p>\n","protected":false},"featured_media":2986,"template":"","meta":{"_joinchat":[]},"product_brand":[],"product_cat":[39,52],"product_tag":[34],"class_list":{"0":"post-2985","1":"product","2":"type-product","3":"status-publish","4":"has-post-thumbnail","6":"product_cat-fantasia","7":"product_cat-juvenil","8":"product_tag-penguin-random-house","10":"first","11":"outofstock","12":"shipping-taxable","13":"purchasable","14":"product-type-simple"},"_links":{"self":[{"href":"https:\/\/libreriahistoriasdebolsillo.com\/index.php\/wp-json\/wp\/v2\/product\/2985","targetHints":{"allow":["GET"]}}],"collection":[{"href":"https:\/\/libreriahistoriasdebolsillo.com\/index.php\/wp-json\/wp\/v2\/product"}],"about":[{"href":"https:\/\/libreriahistoriasdebolsillo.com\/index.php\/wp-json\/wp\/v2\/types\/product"}],"wp:featuredmedia":[{"embeddable":true,"href":"https:\/\/libreriahistoriasdebolsillo.com\/index.php\/wp-json\/wp\/v2\/media\/2986"}],"wp:attachment":[{"href":"https:\/\/libreriahistoriasdebolsillo.com\/index.php\/wp-json\/wp\/v2\/media?parent=2985"}],"wp:term":[{"taxonomy":"product_brand","embeddable":true,"href":"https:\/\/libreriahistoriasdebolsillo.com\/index.php\/wp-json\/wp\/v2\/product_brand?post=2985"},{"taxonomy":"product_cat","embeddable":true,"href":"https:\/\/libreriahistoriasdebolsillo.com\/index.php\/wp-json\/wp\/v2\/product_cat?post=2985"},{"taxonomy":"product_tag","embeddable":true,"href":"https:\/\/libreriahistoriasdebolsillo.com\/index.php\/wp-json\/wp\/v2\/product_tag?post=2985"}],"curies":[{"name":"wp","href":"https:\/\/api.w.org\/{rel}","templated":true}]}}