{"id":2990,"date":"2023-12-13T12:08:54","date_gmt":"2023-12-13T18:08:54","guid":{"rendered":"https:\/\/libreriahistoriasdebolsillo.com\/?post_type=product&#038;p=2990"},"modified":"2024-03-16T16:42:29","modified_gmt":"2024-03-16T22:42:29","slug":"magnus-chase-y-los-dioses-de-asgard-1-la-espada-del-tiempo","status":"publish","type":"product","link":"https:\/\/libreriahistoriasdebolsillo.com\/index.php\/producto\/magnus-chase-y-los-dioses-de-asgard-1-la-espada-del-tiempo\/","title":{"rendered":"Magnus Chase y los dioses de Asgard 1. La espada del tiempo"},"content":{"rendered":"<p><b>Los dioses vikingos han despertado. Magnus tiene en sus manos el secreto que puede detener el fin del mundo. Pero ese mismo secreto tambi\u00e9n puede destruirle.<\/b><\/p>\n<p>Primera entrega de la nueva y trepidante trilog\u00eda de aventuras de Rick Riordan: Magnus Chase y los dioses del Asgard, basada en la mitolog\u00eda n\u00f3rdica.<\/p>\n<p>La nueva serie de Rick Riordan, autor de Percy Jackson y el ladr\u00f3n del rayo y reconocido como el Autor del A\u00f1o en los premios Children&#8217;s Choice Book.<\/p>\n<p>Los mitos vikingos son reales. Los dioses de Asgard est\u00e1n prepar\u00e1ndose para la gran guerra. Trols, gigantes y criaturas horrendas entrenan para el Ragnarok, el fin del mundo. Magnus tendr\u00e1 que viajar por los nueve mundos en busca de la \u00fanica arma que puede detener el Ragnarok: una espada legendaria perdida hace miles de a\u00f1os&#8230;Y en el camino tendr\u00e1 que tomar la m\u00e1s dif\u00edcil de las decisiones. Porque a veces, para salvarse, es necesario morir.<\/p>\n","protected":false},"excerpt":{"rendered":"<p>Rick Riordan<\/p>\n","protected":false},"featured_media":2991,"template":"","meta":{"_joinchat":[]},"product_brand":[],"product_cat":[39,52],"product_tag":[34],"class_list":{"0":"post-2990","1":"product","2":"type-product","3":"status-publish","4":"has-post-thumbnail","6":"product_cat-fantasia","7":"product_cat-juvenil","8":"product_tag-penguin-random-house","10":"first","11":"outofstock","12":"shipping-taxable","13":"purchasable","14":"product-type-simple"},"_links":{"self":[{"href":"https:\/\/libreriahistoriasdebolsillo.com\/index.php\/wp-json\/wp\/v2\/product\/2990","targetHints":{"allow":["GET"]}}],"collection":[{"href":"https:\/\/libreriahistoriasdebolsillo.com\/index.php\/wp-json\/wp\/v2\/product"}],"about":[{"href":"https:\/\/libreriahistoriasdebolsillo.com\/index.php\/wp-json\/wp\/v2\/types\/product"}],"wp:featuredmedia":[{"embeddable":true,"href":"https:\/\/libreriahistoriasdebolsillo.com\/index.php\/wp-json\/wp\/v2\/media\/2991"}],"wp:attachment":[{"href":"https:\/\/libreriahistoriasdebolsillo.com\/index.php\/wp-json\/wp\/v2\/media?parent=2990"}],"wp:term":[{"taxonomy":"product_brand","embeddable":true,"href":"https:\/\/libreriahistoriasdebolsillo.com\/index.php\/wp-json\/wp\/v2\/product_brand?post=2990"},{"taxonomy":"product_cat","embeddable":true,"href":"https:\/\/libreriahistoriasdebolsillo.com\/index.php\/wp-json\/wp\/v2\/product_cat?post=2990"},{"taxonomy":"product_tag","embeddable":true,"href":"https:\/\/libreriahistoriasdebolsillo.com\/index.php\/wp-json\/wp\/v2\/product_tag?post=2990"}],"curies":[{"name":"wp","href":"https:\/\/api.w.org\/{rel}","templated":true}]}}