{"id":2994,"date":"2023-12-13T12:22:10","date_gmt":"2023-12-13T18:22:10","guid":{"rendered":"https:\/\/libreriahistoriasdebolsillo.com\/?post_type=product&#038;p=2994"},"modified":"2024-03-12T13:33:01","modified_gmt":"2024-03-12T19:33:01","slug":"el-negociador","status":"publish","type":"product","link":"https:\/\/libreriahistoriasdebolsillo.com\/index.php\/producto\/el-negociador\/","title":{"rendered":"El negociador"},"content":{"rendered":"<p>Por medio de an\u00e9cdotas, frases y con el carisma que lo caracteriza, Arturo Elias Ayub, considerado por muchos el Mejor negociador de Am\u00e9rica Latina, nos cuenta su vida como empresario. Nos dice que emprender viene de la conjunci\u00f3n de varias premisas y que sea cual sea nuestra actividad todos podemos ser\u00a0<b>emprendedores<\/b>, siempre y cuando haya una cualidad obligatoria: sentir pasi\u00f3n por lo que se hace.<\/p>\n<p>Aqu\u00ed nos comparte lo que ha aprendido en los negocios y en la vida:desde sus inicios en la tienda de su padre en la calle de Correo Mayor, su paso por el\u00a0<b>futbol\u00a0<\/b>como\u00a0<b>presidente de los Pumas<\/b>, hasta convertirse en\u00a0<b>uno de los empresarios y negociadores m\u00e1s reconocidos<\/b>\u00a0de M\u00e9xico por su trabajo en uno de los grupos empresariales m\u00e1s importantes del mundo.<\/p>\n<p><i>El negociador<\/i>\u00a0es un libro ameno y sustancial, con consejos pr\u00e1cticos que te ense\u00f1ar\u00e1n a negociar para mejorar tu sueldo, conseguir un ascenso, resolver situaciones familiares, obtener mejores resultados con tus proveedores y clientes, entre muchas otras cosas, as\u00ed como a tomar buenas decisiones en tu d\u00eda a d\u00eda; dos habilidades clave que, como bien dice el propio Elias Ayub, te ayudar\u00e1n a lograr pr\u00e1cticamente todo lo que quieres en cualquier aspecto de tu vida.<\/p>\n","protected":false},"excerpt":{"rendered":"<p>Arturo Elias Ayub<\/p>\n","protected":false},"featured_media":2995,"template":"","meta":{"_joinchat":[]},"product_brand":[],"product_cat":[58,41],"product_tag":[34],"class_list":{"0":"post-2994","1":"product","2":"type-product","3":"status-publish","4":"has-post-thumbnail","6":"product_cat-desarrollo-humano-y-superacion","7":"product_cat-desarrollo-humano","8":"product_tag-penguin-random-house","10":"first","11":"outofstock","12":"shipping-taxable","13":"purchasable","14":"product-type-simple"},"_links":{"self":[{"href":"https:\/\/libreriahistoriasdebolsillo.com\/index.php\/wp-json\/wp\/v2\/product\/2994","targetHints":{"allow":["GET"]}}],"collection":[{"href":"https:\/\/libreriahistoriasdebolsillo.com\/index.php\/wp-json\/wp\/v2\/product"}],"about":[{"href":"https:\/\/libreriahistoriasdebolsillo.com\/index.php\/wp-json\/wp\/v2\/types\/product"}],"wp:featuredmedia":[{"embeddable":true,"href":"https:\/\/libreriahistoriasdebolsillo.com\/index.php\/wp-json\/wp\/v2\/media\/2995"}],"wp:attachment":[{"href":"https:\/\/libreriahistoriasdebolsillo.com\/index.php\/wp-json\/wp\/v2\/media?parent=2994"}],"wp:term":[{"taxonomy":"product_brand","embeddable":true,"href":"https:\/\/libreriahistoriasdebolsillo.com\/index.php\/wp-json\/wp\/v2\/product_brand?post=2994"},{"taxonomy":"product_cat","embeddable":true,"href":"https:\/\/libreriahistoriasdebolsillo.com\/index.php\/wp-json\/wp\/v2\/product_cat?post=2994"},{"taxonomy":"product_tag","embeddable":true,"href":"https:\/\/libreriahistoriasdebolsillo.com\/index.php\/wp-json\/wp\/v2\/product_tag?post=2994"}],"curies":[{"name":"wp","href":"https:\/\/api.w.org\/{rel}","templated":true}]}}