{"id":2996,"date":"2023-12-13T12:24:55","date_gmt":"2023-12-13T18:24:55","guid":{"rendered":"https:\/\/libreriahistoriasdebolsillo.com\/?post_type=product&#038;p=2996"},"modified":"2025-05-03T10:36:12","modified_gmt":"2025-05-03T16:36:12","slug":"pequeno-cerdo-capitalista-edicion-actualizada-10-aniversario","status":"publish","type":"product","link":"https:\/\/libreriahistoriasdebolsillo.com\/index.php\/producto\/pequeno-cerdo-capitalista-edicion-actualizada-10-aniversario\/","title":{"rendered":"Peque\u00f1o cerdo capitalista. Edici\u00f3n actualizada (10 aniversario)"},"content":{"rendered":"<p>Con\u00a0<i>Peque\u00f1o Cerdo Capitalista<\/i>\u00a0-el\u00a0<b>libro m\u00e1s vendido<\/b>\u00a0de\u00a0<b>finanzas personales<\/b>\u00a0en los \u00faltimos 10 a\u00f1os escrito por una autora de habla hispana y que ha cautivado a m\u00e1s de 500 mil lectores-tendr\u00e1s las\u00a0<b>herramientas<\/b>\u00a0m\u00e1s efectivas para\u00a0<b>ahorrar, invertir y maximizar tus ingresos<\/b>.<\/p>\n<p>Sof\u00eda Mac\u00edas te explica sin rollos -y con una que otra pedrada o coscorr\u00f3n para ser m\u00e1s claros- por qu\u00e9 todos podemos ahorrar, los trucos para lograrlo, c\u00f3mo usar las\u00a0<b>tarjetas de cr\u00e9dito<\/b>\u00a0a tu favor y\u00a0<b>salir de deudas<\/b>\u00a0terror\u00edficas, formas de bajarlea tus impuestos, c\u00f3mo poner tu dinero a trabajar y animarte a\u00a0<b>invertir<\/b>, as\u00ed como tus opciones para el\u00a0<b>retiro<\/b>.<\/p>\n<p>En esta\u00a0<b>edici\u00f3n actualizada<\/b>\u00a0encontrar\u00e1s los cl\u00e1sicos infalibles que han ayudado a miles de lectores y tambi\u00e9n los \u00faltimos cambios, consejos y datos para actualizar tus finanzas. \u00a1El tiempo es dinero! \u00bfQu\u00e9 esperas para arreglar tu relajito financiero y usarlo a tu favor?<\/p>\n","protected":false},"excerpt":{"rendered":"<p>Sof\u00eda Mac\u00edas<\/p>\n","protected":false},"featured_media":2997,"template":"","meta":{"_joinchat":[]},"product_brand":[],"product_cat":[58,41],"product_tag":[34],"class_list":{"0":"post-2996","1":"product","2":"type-product","3":"status-publish","4":"has-post-thumbnail","6":"product_cat-desarrollo-humano-y-superacion","7":"product_cat-desarrollo-humano","8":"product_tag-penguin-random-house","10":"first","11":"outofstock","12":"shipping-taxable","13":"purchasable","14":"product-type-simple"},"_links":{"self":[{"href":"https:\/\/libreriahistoriasdebolsillo.com\/index.php\/wp-json\/wp\/v2\/product\/2996","targetHints":{"allow":["GET"]}}],"collection":[{"href":"https:\/\/libreriahistoriasdebolsillo.com\/index.php\/wp-json\/wp\/v2\/product"}],"about":[{"href":"https:\/\/libreriahistoriasdebolsillo.com\/index.php\/wp-json\/wp\/v2\/types\/product"}],"wp:featuredmedia":[{"embeddable":true,"href":"https:\/\/libreriahistoriasdebolsillo.com\/index.php\/wp-json\/wp\/v2\/media\/2997"}],"wp:attachment":[{"href":"https:\/\/libreriahistoriasdebolsillo.com\/index.php\/wp-json\/wp\/v2\/media?parent=2996"}],"wp:term":[{"taxonomy":"product_brand","embeddable":true,"href":"https:\/\/libreriahistoriasdebolsillo.com\/index.php\/wp-json\/wp\/v2\/product_brand?post=2996"},{"taxonomy":"product_cat","embeddable":true,"href":"https:\/\/libreriahistoriasdebolsillo.com\/index.php\/wp-json\/wp\/v2\/product_cat?post=2996"},{"taxonomy":"product_tag","embeddable":true,"href":"https:\/\/libreriahistoriasdebolsillo.com\/index.php\/wp-json\/wp\/v2\/product_tag?post=2996"}],"curies":[{"name":"wp","href":"https:\/\/api.w.org\/{rel}","templated":true}]}}