{"id":2998,"date":"2023-12-13T12:27:21","date_gmt":"2023-12-13T18:27:21","guid":{"rendered":"https:\/\/libreriahistoriasdebolsillo.com\/?post_type=product&#038;p=2998"},"modified":"2026-02-07T12:02:01","modified_gmt":"2026-02-07T18:02:01","slug":"el-monje-que-vendio-su-ferrari","status":"publish","type":"product","link":"https:\/\/libreriahistoriasdebolsillo.com\/index.php\/producto\/el-monje-que-vendio-su-ferrari\/","title":{"rendered":"El monje que vendi\u00f3 su ferrari"},"content":{"rendered":"<p><b>Escrito a modo de f\u00e1bula, muestra paso a paso c\u00f3mo vivir con m\u00e1s coraje, alegr\u00eda, equilibrio y satisfacci\u00f3n.<\/b><\/p>\n<p><i>El monje que vendi\u00f3 su Ferrari<\/i>\u00a0es la sugerente y emotiva historia de Julian Mantle, un super abogado cuya\u00a0<b>vida estresante, desequilibrada y obsesionada<\/b>\u00a0con el dinero acaba provoc\u00e1ndole un infarto. Ese desastre provoca en Julian una crisis espiritual que le lleva a enfrentarse a las grandes cuestiones de la vida. Esperando descubrir los\u00a0<b>secretos de la felicidad<\/b>\u00a0y el esclarecimiento, emprende un extraordinario viaje por el Himalaya para conocer una antiqu\u00edsima cultura de hombres sabios. Y all\u00ed descubre un modo de vida m\u00e1s gozoso, as\u00ed como un m\u00e9todo que le permite liberar todo su potencial y vivir con pasi\u00f3n, determinaci\u00f3n y paz.<\/p>\n<p>Escrito a modo de f\u00e1bula, este libro contiene una serie de sencillas y eficaces lecciones para mejorar nuestra manera de vivir. Vigorosa fusi\u00f3n de la\u00a0<b>sabidur\u00eda espiritual\u00a0<\/b>de Oriente con los principios del \u00e9xito occidentales, muestra paso a paso c\u00f3mo vivir con m\u00e1s coraje, alegr\u00eda, equilibrio y satisfacci\u00f3n.<\/p>\n","protected":false},"excerpt":{"rendered":"<p>Robin Sharma<\/p>\n","protected":false},"featured_media":2999,"template":"","meta":{"_joinchat":[]},"product_brand":[],"product_cat":[58,41,51],"product_tag":[34],"class_list":{"0":"post-2998","1":"product","2":"type-product","3":"status-publish","4":"has-post-thumbnail","6":"product_cat-desarrollo-humano-y-superacion","7":"product_cat-desarrollo-humano","8":"product_cat-oferta","9":"product_tag-penguin-random-house","11":"first","12":"outofstock","13":"sale","14":"shipping-taxable","15":"purchasable","16":"product-type-simple"},"_links":{"self":[{"href":"https:\/\/libreriahistoriasdebolsillo.com\/index.php\/wp-json\/wp\/v2\/product\/2998","targetHints":{"allow":["GET"]}}],"collection":[{"href":"https:\/\/libreriahistoriasdebolsillo.com\/index.php\/wp-json\/wp\/v2\/product"}],"about":[{"href":"https:\/\/libreriahistoriasdebolsillo.com\/index.php\/wp-json\/wp\/v2\/types\/product"}],"wp:featuredmedia":[{"embeddable":true,"href":"https:\/\/libreriahistoriasdebolsillo.com\/index.php\/wp-json\/wp\/v2\/media\/2999"}],"wp:attachment":[{"href":"https:\/\/libreriahistoriasdebolsillo.com\/index.php\/wp-json\/wp\/v2\/media?parent=2998"}],"wp:term":[{"taxonomy":"product_brand","embeddable":true,"href":"https:\/\/libreriahistoriasdebolsillo.com\/index.php\/wp-json\/wp\/v2\/product_brand?post=2998"},{"taxonomy":"product_cat","embeddable":true,"href":"https:\/\/libreriahistoriasdebolsillo.com\/index.php\/wp-json\/wp\/v2\/product_cat?post=2998"},{"taxonomy":"product_tag","embeddable":true,"href":"https:\/\/libreriahistoriasdebolsillo.com\/index.php\/wp-json\/wp\/v2\/product_tag?post=2998"}],"curies":[{"name":"wp","href":"https:\/\/api.w.org\/{rel}","templated":true}]}}