{"id":3000,"date":"2023-12-13T12:29:44","date_gmt":"2023-12-13T18:29:44","guid":{"rendered":"https:\/\/libreriahistoriasdebolsillo.com\/?post_type=product&#038;p=3000"},"modified":"2025-01-18T19:04:40","modified_gmt":"2025-01-19T01:04:40","slug":"hazlo","status":"publish","type":"product","link":"https:\/\/libreriahistoriasdebolsillo.com\/index.php\/producto\/hazlo\/","title":{"rendered":"\u00a1Hazlo!"},"content":{"rendered":"<p><b>\u00bfUn libro en el que encontrar\u00e1s el verdadero sentir de tu vida, ayud\u00e1ndote a tomar las decisiones correctas para iniciar de nuevo<\/b><b>?<\/b><\/p>\n<p>Llevamos a nuestros hijos al colegio y nos obsesionamos con sus notas, su comportamiento y su capacidad de integraci\u00f3n. Colgamos una oferta de trabajo y buscamos experiencia, universidades de prestigio y una carrera sin fracasos. Y entonces, \u00bfpor qu\u00e9 nos sorprendemos cuando todo se desmorona? Nuestra econom\u00eda no es est\u00e1tica, pero actuamos como si lo fuera. Tu posici\u00f3n en el mundo se define en funci\u00f3n de lo que emprendes, de c\u00f3mo lo haces y de lo que aprendes de los acontecimientos que causas.<\/p>\n<p><i>\u00a1Hazlo!<\/i>\u00a0Constituye un manifiesto sobre la producci\u00f3n de algo que escasea y es, por lo tanto, valioso.\u00a0<b>Ha llegado el momento de que dejes de esperar a<\/b>\u00a0<b>que alguien te proporcione un mapa del camino y empieces a dibujarlo t\u00fa mismo.<\/b><\/p>\n<p>Este libro quiz\u00e1 te haga sentir inc\u00f3modo. Es una llamada de atenci\u00f3n sobre las iniciativas que est\u00e1s tomando, en el trabajo y en cuanto te concierne. Pero tambi\u00e9n puede ser el puntapi\u00e9 que necesitas para introducir un cambio en tu vida.<\/p>\n","protected":false},"excerpt":{"rendered":"<p>Seth Godin<\/p>\n","protected":false},"featured_media":3001,"template":"","meta":{"_joinchat":[]},"product_brand":[],"product_cat":[58,41,51],"product_tag":[34],"class_list":{"0":"post-3000","1":"product","2":"type-product","3":"status-publish","4":"has-post-thumbnail","6":"product_cat-desarrollo-humano-y-superacion","7":"product_cat-desarrollo-humano","8":"product_cat-oferta","9":"product_tag-penguin-random-house","11":"first","12":"outofstock","13":"shipping-taxable","14":"purchasable","15":"product-type-simple"},"_links":{"self":[{"href":"https:\/\/libreriahistoriasdebolsillo.com\/index.php\/wp-json\/wp\/v2\/product\/3000","targetHints":{"allow":["GET"]}}],"collection":[{"href":"https:\/\/libreriahistoriasdebolsillo.com\/index.php\/wp-json\/wp\/v2\/product"}],"about":[{"href":"https:\/\/libreriahistoriasdebolsillo.com\/index.php\/wp-json\/wp\/v2\/types\/product"}],"wp:featuredmedia":[{"embeddable":true,"href":"https:\/\/libreriahistoriasdebolsillo.com\/index.php\/wp-json\/wp\/v2\/media\/3001"}],"wp:attachment":[{"href":"https:\/\/libreriahistoriasdebolsillo.com\/index.php\/wp-json\/wp\/v2\/media?parent=3000"}],"wp:term":[{"taxonomy":"product_brand","embeddable":true,"href":"https:\/\/libreriahistoriasdebolsillo.com\/index.php\/wp-json\/wp\/v2\/product_brand?post=3000"},{"taxonomy":"product_cat","embeddable":true,"href":"https:\/\/libreriahistoriasdebolsillo.com\/index.php\/wp-json\/wp\/v2\/product_cat?post=3000"},{"taxonomy":"product_tag","embeddable":true,"href":"https:\/\/libreriahistoriasdebolsillo.com\/index.php\/wp-json\/wp\/v2\/product_tag?post=3000"}],"curies":[{"name":"wp","href":"https:\/\/api.w.org\/{rel}","templated":true}]}}