{"id":3002,"date":"2023-12-13T12:32:41","date_gmt":"2023-12-13T18:32:41","guid":{"rendered":"https:\/\/libreriahistoriasdebolsillo.com\/?post_type=product&#038;p=3002"},"modified":"2024-03-12T13:30:38","modified_gmt":"2024-03-12T19:30:38","slug":"historia-de-un-canalla","status":"publish","type":"product","link":"https:\/\/libreriahistoriasdebolsillo.com\/index.php\/producto\/historia-de-un-canalla\/","title":{"rendered":"Historia de un canalla"},"content":{"rendered":"<p><b>Un audaz cambio de registro en el que Julia Navarro, autora de\u00a0<i>Dime qui\u00e9n soy<\/i>\u00a0y\u00a0<i>Dispara, yo ya estoy muerto<\/i>\u00a0disecciona la ambici\u00f3n, la codicia y el ego\u00edsmo del ser humano.<\/b><\/p>\n<p><b>Impactante y desgarradora, \u00e9ste es un relato descarnado, en primera persona, de una personalidad compleja y destructiva, cuya mayor satisfacci\u00f3n consiste en arrebatar la felicidad a quienes le rodean, incluidos aquellos a los que ama.<\/b><\/p>\n<p><i>Soy un canalla y no me arrepiento de serlo. He mentido, enga\u00f1ado y manipulado a mi antojo sin que me importaran las consecuencias. S\u00e9 lo que hice y siempre supe lo que deb\u00ed hacer.<\/i><\/p>\n<p><b>Thomas Spencer<\/b>\u00a0sabe c\u00f3mo conseguir todo lo que desea. Una salud delicada y su aspecto envejecido son el precio que ha tenido que pagar, pero en su car\u00e1cter no hay espacio para lamentaciones. Sin embargo, desde su \u00faltimo episodio card\u00edaco, una sensaci\u00f3n extra\u00f1a se ha apoderado de \u00e9l y en la soledad de su lujoso apartamento de\u00a0<b>Brooklyn<\/b>, se suceden las noches en que no puede evitar preguntarse c\u00f3mo habr\u00eda sido la vida que conscientemente eligi\u00f3 no vivir.<\/p>\n<p>El recuerdo de los momentos que le llevaron a triunfar como publicista y asesor de imagen, entre\u00a0<b>Londres<\/b>\u00a0y\u00a0<b>Nueva York\u00a0<\/b>en los\u00a0<b>ochenta<\/b>\u00a0y\u00a0<b>noventa<\/b>, nos descubre los turbios mecanismos que en ocasiones emplean los centros de poder para conseguir sus fines. Un mundo hostil, gobernado por hombres, hecho a medida de quien sabe saltarse las normas y aprovecharse de los m\u00e1s d\u00e9biles, en el que las mujeres se resisten a tener un papel secundario.<\/p>\n<p>&nbsp;<\/p>\n","protected":false},"excerpt":{"rendered":"<p>Julia Navarro<\/p>\n","protected":false},"featured_media":3003,"template":"","meta":{"_joinchat":[]},"product_brand":[],"product_cat":[33,51],"product_tag":[34],"class_list":{"0":"post-3002","1":"product","2":"type-product","3":"status-publish","4":"has-post-thumbnail","6":"product_cat-ficcion-general","7":"product_cat-oferta","8":"product_tag-penguin-random-house","10":"first","11":"outofstock","12":"shipping-taxable","13":"purchasable","14":"product-type-simple"},"_links":{"self":[{"href":"https:\/\/libreriahistoriasdebolsillo.com\/index.php\/wp-json\/wp\/v2\/product\/3002","targetHints":{"allow":["GET"]}}],"collection":[{"href":"https:\/\/libreriahistoriasdebolsillo.com\/index.php\/wp-json\/wp\/v2\/product"}],"about":[{"href":"https:\/\/libreriahistoriasdebolsillo.com\/index.php\/wp-json\/wp\/v2\/types\/product"}],"wp:featuredmedia":[{"embeddable":true,"href":"https:\/\/libreriahistoriasdebolsillo.com\/index.php\/wp-json\/wp\/v2\/media\/3003"}],"wp:attachment":[{"href":"https:\/\/libreriahistoriasdebolsillo.com\/index.php\/wp-json\/wp\/v2\/media?parent=3002"}],"wp:term":[{"taxonomy":"product_brand","embeddable":true,"href":"https:\/\/libreriahistoriasdebolsillo.com\/index.php\/wp-json\/wp\/v2\/product_brand?post=3002"},{"taxonomy":"product_cat","embeddable":true,"href":"https:\/\/libreriahistoriasdebolsillo.com\/index.php\/wp-json\/wp\/v2\/product_cat?post=3002"},{"taxonomy":"product_tag","embeddable":true,"href":"https:\/\/libreriahistoriasdebolsillo.com\/index.php\/wp-json\/wp\/v2\/product_tag?post=3002"}],"curies":[{"name":"wp","href":"https:\/\/api.w.org\/{rel}","templated":true}]}}