{"id":3004,"date":"2023-12-13T12:36:43","date_gmt":"2023-12-13T18:36:43","guid":{"rendered":"https:\/\/libreriahistoriasdebolsillo.com\/?post_type=product&#038;p=3004"},"modified":"2025-12-27T14:35:12","modified_gmt":"2025-12-27T20:35:12","slug":"el-problema-de-los-tres-cuerpos-1","status":"publish","type":"product","link":"https:\/\/libreriahistoriasdebolsillo.com\/index.php\/producto\/el-problema-de-los-tres-cuerpos-1\/","title":{"rendered":"El problema de los tres cuerpos 1"},"content":{"rendered":"<p><b>El primer libro de la \u00abTrilog\u00eda de los Tres Cuerpos\u00bb, el fen\u00f3meno editorial chino que ha conquistado al mundo y ha ganado el premio Hugo 2015 a la mejor novela.<\/b><\/p>\n<p><i>El problema de los tres cuerpos<\/i>\u00a0es la primera novela no escrita originariamente en ingl\u00e9s galardonada con el premio Hugo, el Nobel del g\u00e9nero de la ciencia ficci\u00f3n.<\/p>\n<p>Su autor, Cixin Liu, ha sido considerado el gran descubrimiento del g\u00e9nero y es capaz de vender cuatro millones de ejemplares solamente en China y de hacerse con prescriptores de la talla de\u00a0<b>Barack Obama<\/b>, quien seleccion\u00f3<i>\u00a0El problema de los tres cuerpos\u00a0<\/i>como una de sus lecturas navide\u00f1as de 2015, y\u00a0<b>Mark Zuckerberg,<\/b>\u00a0que lo convirti\u00f3 en la primera novela de su club de lectura.<\/p>\n<p>El p\u00fablico y la cr\u00edtica de los cinco continentes se rinden ante esta obra maestra, enormemente visionaria, sobre el\u00a0<b>papel de la ciencia en nuestras sociedades<\/b>, que nos ayuda a comprender el pasado y el futuro de China, pero tambi\u00e9n, le\u00edda en clave geopol\u00edtica, del mundo en que vivimos.<\/p>\n","protected":false},"excerpt":{"rendered":"<p>Cixin Liu<\/p>\n","protected":false},"featured_media":3005,"template":"","meta":{"_joinchat":[]},"product_brand":[],"product_cat":[40,39],"product_tag":[34],"class_list":{"0":"post-3004","1":"product","2":"type-product","3":"status-publish","4":"has-post-thumbnail","6":"product_cat-ciencia-ficcion","7":"product_cat-fantasia","8":"product_tag-penguin-random-house","10":"first","11":"instock","12":"shipping-taxable","13":"purchasable","14":"product-type-simple"},"_links":{"self":[{"href":"https:\/\/libreriahistoriasdebolsillo.com\/index.php\/wp-json\/wp\/v2\/product\/3004","targetHints":{"allow":["GET"]}}],"collection":[{"href":"https:\/\/libreriahistoriasdebolsillo.com\/index.php\/wp-json\/wp\/v2\/product"}],"about":[{"href":"https:\/\/libreriahistoriasdebolsillo.com\/index.php\/wp-json\/wp\/v2\/types\/product"}],"wp:featuredmedia":[{"embeddable":true,"href":"https:\/\/libreriahistoriasdebolsillo.com\/index.php\/wp-json\/wp\/v2\/media\/3005"}],"wp:attachment":[{"href":"https:\/\/libreriahistoriasdebolsillo.com\/index.php\/wp-json\/wp\/v2\/media?parent=3004"}],"wp:term":[{"taxonomy":"product_brand","embeddable":true,"href":"https:\/\/libreriahistoriasdebolsillo.com\/index.php\/wp-json\/wp\/v2\/product_brand?post=3004"},{"taxonomy":"product_cat","embeddable":true,"href":"https:\/\/libreriahistoriasdebolsillo.com\/index.php\/wp-json\/wp\/v2\/product_cat?post=3004"},{"taxonomy":"product_tag","embeddable":true,"href":"https:\/\/libreriahistoriasdebolsillo.com\/index.php\/wp-json\/wp\/v2\/product_tag?post=3004"}],"curies":[{"name":"wp","href":"https:\/\/api.w.org\/{rel}","templated":true}]}}