{"id":3006,"date":"2023-12-13T12:38:46","date_gmt":"2023-12-13T18:38:46","guid":{"rendered":"https:\/\/libreriahistoriasdebolsillo.com\/?post_type=product&#038;p=3006"},"modified":"2024-03-12T13:29:35","modified_gmt":"2024-03-12T19:29:35","slug":"el-problema-de-los-tres-cuerpos-2-el-bosque-oscuro","status":"publish","type":"product","link":"https:\/\/libreriahistoriasdebolsillo.com\/index.php\/producto\/el-problema-de-los-tres-cuerpos-2-el-bosque-oscuro\/","title":{"rendered":"El problema de los tres cuerpos 2. El bosque oscuro"},"content":{"rendered":"<p>El bosque oscuro es la inquietante continuaci\u00f3n de\u00a0<b>El problema de los tres cuerpos<\/b>, el fen\u00f3meno editorial chino que gan\u00f3 el<b>Premio Hugo 2015<\/b>\u00a0a la mejor novela. Su autor,\u00a0<b>Cixin<\/b><b>\u00a0Liu<\/b>, es el escritor de\u00a0<b>ciencia<\/b>\u00a0<b>ficci\u00f3n<\/b>\u00a0m\u00e1s relevante de China, capaz de vender cuatro millones de ejemplares en su pa\u00eds y deslumbrar al p\u00fablico y la cr\u00edtica de los cinco continentes.Bienvenidos a una magistral historia sobre la tensa espera de la humanidad ante una futura invasi\u00f3n alien\u00edgena. La Tierra tiene cuatro siglos para defenderse de lo inevitable: la llegada de los\u00a0<b>trisolarianos<\/b>. Los colaboracionistas humanos pueden haber sido derrotados, pero los\u00a0<b>sofones<\/b>\u00a0permiten a los extraterrestres acceder a la informaci\u00f3n de la humanidad, dejando al descubierto toda estrategia de defensa. S\u00f3lo la mente humana sigue siendo un secreto, y ahora tambi\u00e9n la clave de un plan de urgencia.<\/p>\n","protected":false},"excerpt":{"rendered":"<p>Cixin Liu<\/p>\n","protected":false},"featured_media":3007,"template":"","meta":{"_joinchat":[]},"product_brand":[],"product_cat":[40,39],"product_tag":[34],"class_list":{"0":"post-3006","1":"product","2":"type-product","3":"status-publish","4":"has-post-thumbnail","6":"product_cat-ciencia-ficcion","7":"product_cat-fantasia","8":"product_tag-penguin-random-house","10":"first","11":"outofstock","12":"shipping-taxable","13":"purchasable","14":"product-type-simple"},"_links":{"self":[{"href":"https:\/\/libreriahistoriasdebolsillo.com\/index.php\/wp-json\/wp\/v2\/product\/3006","targetHints":{"allow":["GET"]}}],"collection":[{"href":"https:\/\/libreriahistoriasdebolsillo.com\/index.php\/wp-json\/wp\/v2\/product"}],"about":[{"href":"https:\/\/libreriahistoriasdebolsillo.com\/index.php\/wp-json\/wp\/v2\/types\/product"}],"wp:featuredmedia":[{"embeddable":true,"href":"https:\/\/libreriahistoriasdebolsillo.com\/index.php\/wp-json\/wp\/v2\/media\/3007"}],"wp:attachment":[{"href":"https:\/\/libreriahistoriasdebolsillo.com\/index.php\/wp-json\/wp\/v2\/media?parent=3006"}],"wp:term":[{"taxonomy":"product_brand","embeddable":true,"href":"https:\/\/libreriahistoriasdebolsillo.com\/index.php\/wp-json\/wp\/v2\/product_brand?post=3006"},{"taxonomy":"product_cat","embeddable":true,"href":"https:\/\/libreriahistoriasdebolsillo.com\/index.php\/wp-json\/wp\/v2\/product_cat?post=3006"},{"taxonomy":"product_tag","embeddable":true,"href":"https:\/\/libreriahistoriasdebolsillo.com\/index.php\/wp-json\/wp\/v2\/product_tag?post=3006"}],"curies":[{"name":"wp","href":"https:\/\/api.w.org\/{rel}","templated":true}]}}