{"id":3009,"date":"2023-12-13T12:42:49","date_gmt":"2023-12-13T18:42:49","guid":{"rendered":"https:\/\/libreriahistoriasdebolsillo.com\/?post_type=product&#038;p=3009"},"modified":"2025-05-07T09:46:56","modified_gmt":"2025-05-07T15:46:56","slug":"hopeless","status":"publish","type":"product","link":"https:\/\/libreriahistoriasdebolsillo.com\/index.php\/producto\/hopeless\/","title":{"rendered":"Hopeless"},"content":{"rendered":"<p><b>En ocasiones, conocer la verdad resulta m\u00e1s doloroso que creer las mentiras&#8230;<\/b><\/p>\n<p>Eso es lo que\u00a0<b>la joven Sky<\/b>\u00a0descubre cuando su camino se cruza con el de\u00a0<b>Dean Holder, un chico conflictivo<\/b>\u00a0que tiene la irritante habilidad de despertar en ella emociones que ni siquiera comprende. Es capaz de aterrorizarla, y al mismo tiempo cautivarla, con una simple mirada o un roce apenas perceptible. Sky comienza a darse cuenta de que Dean atesora una importante pieza de su pasado;\u00a0<b>un pasado oculto, turbulento y borroso<\/b>.Pero \u00e9l no es consciente de que tiene la clave para desvelar un secreto que los unir\u00e1 de un modo que jam\u00e1s habr\u00edan imaginado.\u00a0<i>Hopeless<\/i>\u00a0es una novela que te dejar\u00e1 sin aliento y traer\u00e1 de vuelta el recuerdo de tu primer amor.<\/p>\n","protected":false},"excerpt":{"rendered":"<p>Colleen Hoover<\/p>\n","protected":false},"featured_media":3010,"template":"","meta":{"_joinchat":[]},"product_brand":[],"product_cat":[52,35],"product_tag":[34],"class_list":{"0":"post-3009","1":"product","2":"type-product","3":"status-publish","4":"has-post-thumbnail","6":"product_cat-juvenil","7":"product_cat-romantica","8":"product_tag-penguin-random-house","10":"first","11":"outofstock","12":"shipping-taxable","13":"purchasable","14":"product-type-simple"},"_links":{"self":[{"href":"https:\/\/libreriahistoriasdebolsillo.com\/index.php\/wp-json\/wp\/v2\/product\/3009","targetHints":{"allow":["GET"]}}],"collection":[{"href":"https:\/\/libreriahistoriasdebolsillo.com\/index.php\/wp-json\/wp\/v2\/product"}],"about":[{"href":"https:\/\/libreriahistoriasdebolsillo.com\/index.php\/wp-json\/wp\/v2\/types\/product"}],"wp:featuredmedia":[{"embeddable":true,"href":"https:\/\/libreriahistoriasdebolsillo.com\/index.php\/wp-json\/wp\/v2\/media\/3010"}],"wp:attachment":[{"href":"https:\/\/libreriahistoriasdebolsillo.com\/index.php\/wp-json\/wp\/v2\/media?parent=3009"}],"wp:term":[{"taxonomy":"product_brand","embeddable":true,"href":"https:\/\/libreriahistoriasdebolsillo.com\/index.php\/wp-json\/wp\/v2\/product_brand?post=3009"},{"taxonomy":"product_cat","embeddable":true,"href":"https:\/\/libreriahistoriasdebolsillo.com\/index.php\/wp-json\/wp\/v2\/product_cat?post=3009"},{"taxonomy":"product_tag","embeddable":true,"href":"https:\/\/libreriahistoriasdebolsillo.com\/index.php\/wp-json\/wp\/v2\/product_tag?post=3009"}],"curies":[{"name":"wp","href":"https:\/\/api.w.org\/{rel}","templated":true}]}}