{"id":3012,"date":"2023-12-13T12:47:01","date_gmt":"2023-12-13T18:47:01","guid":{"rendered":"https:\/\/libreriahistoriasdebolsillo.com\/?post_type=product&#038;p=3012"},"modified":"2026-03-26T16:58:29","modified_gmt":"2026-03-26T22:58:29","slug":"roomies","status":"publish","type":"product","link":"https:\/\/libreriahistoriasdebolsillo.com\/index.php\/producto\/roomies\/","title":{"rendered":"Roomies"},"content":{"rendered":"<p><b>Reglas de casa:<\/b><\/p>\n<p><b>\u2022Lava los platos.<\/b><\/p>\n<p><b>\u2022Llama a la puerta antes de entrar al ba\u00f1o.<\/b><\/p>\n<p><b>\u2022No busques nunca a tu<\/b>\u00a0<b>roomie<\/b>\u00a0<b>en internet.<\/b><\/p>\n<p>Los Wheaton tienen mala fama entre la \u00e9lite de la costa este por sus continuos esc\u00e1ndalos, salvo su hija Clara.Ella es el estereotipo perfecto de la alta sociedad: destaca acad\u00e9micamente, es educada y predecible. Pero cuando el chico del que est\u00e1 enamorada desde la infancia la invita a mudarse a la otra punta del pa\u00eds, no duda en aceptar, pues la oferta es demasiado buena para resistirse. Sin embargo, por desgracia, tambi\u00e9n es demasiado buena para ser verdad.<\/p>\n<p>Ahora, Clara se encuentra compartiendo un departamento con un desconocido cautivador. Con sus rizos rubios y un sentido del humor irresistible,tal vez Josh sea un poco demasiado atractivo para la tranquilidad de Clara, pero probablemente habr\u00edan sobrevivido al verano si ella no lo hubiera buscado en internet\u2026 En cuanto se entera de la manera en que Josh se ha hecho famoso, Clara se da cuenta de que vivir con \u00e9l puede ser el detonante de la historia m\u00e1s escandalosa que hayan tenido los Wheaton.<\/p>\n","protected":false},"excerpt":{"rendered":"<p>Rosie Danan<\/p>\n","protected":false},"featured_media":3013,"template":"","meta":{"_joinchat":[]},"product_brand":[],"product_cat":[52,51,35],"product_tag":[34],"class_list":{"0":"post-3012","1":"product","2":"type-product","3":"status-publish","4":"has-post-thumbnail","6":"product_cat-juvenil","7":"product_cat-oferta","8":"product_cat-romantica","9":"product_tag-penguin-random-house","11":"first","12":"outofstock","13":"sale","14":"shipping-taxable","15":"purchasable","16":"product-type-simple"},"_links":{"self":[{"href":"https:\/\/libreriahistoriasdebolsillo.com\/index.php\/wp-json\/wp\/v2\/product\/3012","targetHints":{"allow":["GET"]}}],"collection":[{"href":"https:\/\/libreriahistoriasdebolsillo.com\/index.php\/wp-json\/wp\/v2\/product"}],"about":[{"href":"https:\/\/libreriahistoriasdebolsillo.com\/index.php\/wp-json\/wp\/v2\/types\/product"}],"wp:featuredmedia":[{"embeddable":true,"href":"https:\/\/libreriahistoriasdebolsillo.com\/index.php\/wp-json\/wp\/v2\/media\/3013"}],"wp:attachment":[{"href":"https:\/\/libreriahistoriasdebolsillo.com\/index.php\/wp-json\/wp\/v2\/media?parent=3012"}],"wp:term":[{"taxonomy":"product_brand","embeddable":true,"href":"https:\/\/libreriahistoriasdebolsillo.com\/index.php\/wp-json\/wp\/v2\/product_brand?post=3012"},{"taxonomy":"product_cat","embeddable":true,"href":"https:\/\/libreriahistoriasdebolsillo.com\/index.php\/wp-json\/wp\/v2\/product_cat?post=3012"},{"taxonomy":"product_tag","embeddable":true,"href":"https:\/\/libreriahistoriasdebolsillo.com\/index.php\/wp-json\/wp\/v2\/product_tag?post=3012"}],"curies":[{"name":"wp","href":"https:\/\/api.w.org\/{rel}","templated":true}]}}