{"id":3014,"date":"2023-12-13T12:50:32","date_gmt":"2023-12-13T18:50:32","guid":{"rendered":"https:\/\/libreriahistoriasdebolsillo.com\/?post_type=product&#038;p=3014"},"modified":"2025-12-27T14:32:43","modified_gmt":"2025-12-27T20:32:43","slug":"five-nights-at-freddys-1-los-ojos-de-plata","status":"publish","type":"product","link":"https:\/\/libreriahistoriasdebolsillo.com\/index.php\/producto\/five-nights-at-freddys-1-los-ojos-de-plata\/","title":{"rendered":"Five Nights at Freddy&#8217;s 1. Los ojos de plata"},"content":{"rendered":"<p><b>Bestseller de\u00a0<i>The New York Times<\/i>\u00a0la novela oficial del videojuego de terror que arrasa en el mundo entero.<\/b><\/p>\n<p>Diez a\u00f1os despu\u00e9s de los terror\u00edficos asesinatos en la Freddy Fazbear&#8217;s Pizza, Charlie, la hija del antiguo propietario de la pizzer\u00eda, y sus amigos de la infancia se re\u00fanen para recordar el aniversario de la tragedia a las puertas del local que ha estado cerrado y abandonado durante todos estos a\u00f1os.<\/p>\n<p>Cuando encuentran la manera de entrar a la antigua pizzer\u00eda, descubren que las cosas no son como eran en el pasado. Las cuatro mascotas animatr\u00f3nicas han crecido y sus patrones han cambiado. Ahora tienen un oscuro secreto y una mente macabra en la que el terror y la muerte son sus prioridades.<\/p>\n","protected":false},"excerpt":{"rendered":"<p>Scott Cawthon y Kira Breed Wrisley<\/p>\n","protected":false},"featured_media":3015,"template":"","meta":{"_joinchat":[]},"product_brand":[],"product_cat":[52,36],"product_tag":[34],"class_list":{"0":"post-3014","1":"product","2":"type-product","3":"status-publish","4":"has-post-thumbnail","6":"product_cat-juvenil","7":"product_cat-terror-y-paranormal","8":"product_tag-penguin-random-house","10":"first","11":"instock","12":"shipping-taxable","13":"purchasable","14":"product-type-simple"},"_links":{"self":[{"href":"https:\/\/libreriahistoriasdebolsillo.com\/index.php\/wp-json\/wp\/v2\/product\/3014","targetHints":{"allow":["GET"]}}],"collection":[{"href":"https:\/\/libreriahistoriasdebolsillo.com\/index.php\/wp-json\/wp\/v2\/product"}],"about":[{"href":"https:\/\/libreriahistoriasdebolsillo.com\/index.php\/wp-json\/wp\/v2\/types\/product"}],"wp:featuredmedia":[{"embeddable":true,"href":"https:\/\/libreriahistoriasdebolsillo.com\/index.php\/wp-json\/wp\/v2\/media\/3015"}],"wp:attachment":[{"href":"https:\/\/libreriahistoriasdebolsillo.com\/index.php\/wp-json\/wp\/v2\/media?parent=3014"}],"wp:term":[{"taxonomy":"product_brand","embeddable":true,"href":"https:\/\/libreriahistoriasdebolsillo.com\/index.php\/wp-json\/wp\/v2\/product_brand?post=3014"},{"taxonomy":"product_cat","embeddable":true,"href":"https:\/\/libreriahistoriasdebolsillo.com\/index.php\/wp-json\/wp\/v2\/product_cat?post=3014"},{"taxonomy":"product_tag","embeddable":true,"href":"https:\/\/libreriahistoriasdebolsillo.com\/index.php\/wp-json\/wp\/v2\/product_tag?post=3014"}],"curies":[{"name":"wp","href":"https:\/\/api.w.org\/{rel}","templated":true}]}}