{"id":3018,"date":"2023-12-13T12:56:36","date_gmt":"2023-12-13T18:56:36","guid":{"rendered":"https:\/\/libreriahistoriasdebolsillo.com\/?post_type=product&#038;p=3018"},"modified":"2024-07-01T13:36:16","modified_gmt":"2024-07-01T19:36:16","slug":"el-libro-de-los-secretos-edicion-limitada-pasta-dura","status":"publish","type":"product","link":"https:\/\/libreriahistoriasdebolsillo.com\/index.php\/producto\/el-libro-de-los-secretos-edicion-limitada-pasta-dura\/","title":{"rendered":"El libro de los secretos (Edici\u00f3n limitada pasta dura)"},"content":{"rendered":"<p><b>Quince secretos que te llevar\u00e1n hacia el camino de la iluminaci\u00f3n: una s\u00edntesis cristalina del pensamiento y la sabidur\u00eda de uno de los gu\u00edas espirituales m\u00e1s importantes de nuestra era.<\/b><\/p>\n<p><b>En este libro, Deepak Chopra te acerca a diversas respuestas, para que alcances el autodescubrimiento que siempre has anhelado.<\/b><\/p>\n<p>Todos queremos saber qui\u00e9n es nuestra alma gemela, qu\u00e9 carrera es la m\u00e1s gratificante, c\u00f3mo educar a nuestros hijos, cu\u00e1l es el sentido de la vida&#8230; Buscamos una revelaci\u00f3n que nos muestre el significado de las cosas y de nuestra existencia.<\/p>\n<p>La vida es un libro de secretos, listo para ser abierto. El secreto del amor perfecto se encuentra all\u00ed, al igual que los secretos para sanar, para tener m\u00e1s esperanza, para aprender a ser compasivos&#8230; Somos un misterio para nosotros mismos, sin importar cu\u00e1n cerca est\u00e9n las respuestas que a\u00f1oramos, pues aquello que m\u00e1s deseamos saber se encuentra oculto en las profundidades de nuestro ser.<\/p>\n","protected":false},"excerpt":{"rendered":"<p>Deepak Chopra<\/p>\n","protected":false},"featured_media":3019,"template":"","meta":{"_joinchat":[]},"product_brand":[],"product_cat":[58,41],"product_tag":[34],"class_list":{"0":"post-3018","1":"product","2":"type-product","3":"status-publish","4":"has-post-thumbnail","6":"product_cat-desarrollo-humano-y-superacion","7":"product_cat-desarrollo-humano","8":"product_tag-penguin-random-house","10":"first","11":"outofstock","12":"shipping-taxable","13":"purchasable","14":"product-type-simple"},"_links":{"self":[{"href":"https:\/\/libreriahistoriasdebolsillo.com\/index.php\/wp-json\/wp\/v2\/product\/3018","targetHints":{"allow":["GET"]}}],"collection":[{"href":"https:\/\/libreriahistoriasdebolsillo.com\/index.php\/wp-json\/wp\/v2\/product"}],"about":[{"href":"https:\/\/libreriahistoriasdebolsillo.com\/index.php\/wp-json\/wp\/v2\/types\/product"}],"wp:featuredmedia":[{"embeddable":true,"href":"https:\/\/libreriahistoriasdebolsillo.com\/index.php\/wp-json\/wp\/v2\/media\/3019"}],"wp:attachment":[{"href":"https:\/\/libreriahistoriasdebolsillo.com\/index.php\/wp-json\/wp\/v2\/media?parent=3018"}],"wp:term":[{"taxonomy":"product_brand","embeddable":true,"href":"https:\/\/libreriahistoriasdebolsillo.com\/index.php\/wp-json\/wp\/v2\/product_brand?post=3018"},{"taxonomy":"product_cat","embeddable":true,"href":"https:\/\/libreriahistoriasdebolsillo.com\/index.php\/wp-json\/wp\/v2\/product_cat?post=3018"},{"taxonomy":"product_tag","embeddable":true,"href":"https:\/\/libreriahistoriasdebolsillo.com\/index.php\/wp-json\/wp\/v2\/product_tag?post=3018"}],"curies":[{"name":"wp","href":"https:\/\/api.w.org\/{rel}","templated":true}]}}