{"id":3022,"date":"2023-12-13T13:02:28","date_gmt":"2023-12-13T19:02:28","guid":{"rendered":"https:\/\/libreriahistoriasdebolsillo.com\/?post_type=product&#038;p=3022"},"modified":"2025-03-03T17:25:02","modified_gmt":"2025-03-03T23:25:02","slug":"homo-deus","status":"publish","type":"product","link":"https:\/\/libreriahistoriasdebolsillo.com\/index.php\/producto\/homo-deus\/","title":{"rendered":"Homo deus"},"content":{"rendered":"<p><b>Tras el \u00e9xito internacional de\u00a0<i>De animales a dioses<\/i>, con m\u00e1s de un mill\u00f3n de ejemplares vendidos, Harari vuelve su mirada al futuro.<\/b><\/p>\n<p>\u00bfQu\u00e9 nos depara el\u00a0<b>futuro<\/b>? Yuval Noah Harari, autor del bestseller\u00a0<i>De animales a dioses<\/i>, augura un mundo no tan lejano en el cual nos veremos enfrentados a una nueva serie de retos.\u00a0<i>Homo Deus<\/i>\u00a0explora los proyectos, los sue\u00f1os y las pesadillas que ir\u00e1n moldeando el\u00a0<b>siglo XXI<\/b>, desde superar la muerte hasta la creaci\u00f3n de la inteligencia artificial.<\/p>\n<p>&#8211; Cuando tu smartphone te conoce mejor de lo que te conoces a ti mismo, \u00bfseguir\u00e1s escogiendo tu trabajo, a tu pareja y a tu presidente?<\/p>\n<p>&#8211; Cuando la inteligencia artificial nos saque del mercado laboral, \u00bfencontrar\u00e1n los millones de desempleados alg\u00fan tipo de significado en las drogas o los juegos virtuales?<\/p>\n<p>&#8211; Cuando los cuerpos y los cerebros sean productos de dise\u00f1o, \u00bfceder\u00e1 la selecci\u00f3n natural el paso al dise\u00f1o inteligente?<\/p>\n<p>Esto es el futuro de la\u00a0<b>evoluci\u00f3n<\/b>. Esto es\u00a0<i>Homo Deus<\/i>.<\/p>\n<p><b>La cr\u00edtica ha opinado:<\/b><\/p>\n<p>\u00ab<i>Homo Deus<\/i>\u00a0te impactar\u00e1 y te cautivar\u00e1, pero sobre todo te har\u00e1 pensar como nunca antes.\u00bb -Daniel Kahneman-<\/p>\n","protected":false},"excerpt":{"rendered":"<p>Yuval Noah Harari<\/p>\n","protected":false},"featured_media":3023,"template":"","meta":{"_joinchat":[]},"product_brand":[],"product_cat":[41],"product_tag":[34],"class_list":{"0":"post-3022","1":"product","2":"type-product","3":"status-publish","4":"has-post-thumbnail","6":"product_cat-desarrollo-humano","7":"product_tag-penguin-random-house","9":"first","10":"outofstock","11":"shipping-taxable","12":"purchasable","13":"product-type-simple"},"_links":{"self":[{"href":"https:\/\/libreriahistoriasdebolsillo.com\/index.php\/wp-json\/wp\/v2\/product\/3022","targetHints":{"allow":["GET"]}}],"collection":[{"href":"https:\/\/libreriahistoriasdebolsillo.com\/index.php\/wp-json\/wp\/v2\/product"}],"about":[{"href":"https:\/\/libreriahistoriasdebolsillo.com\/index.php\/wp-json\/wp\/v2\/types\/product"}],"wp:featuredmedia":[{"embeddable":true,"href":"https:\/\/libreriahistoriasdebolsillo.com\/index.php\/wp-json\/wp\/v2\/media\/3023"}],"wp:attachment":[{"href":"https:\/\/libreriahistoriasdebolsillo.com\/index.php\/wp-json\/wp\/v2\/media?parent=3022"}],"wp:term":[{"taxonomy":"product_brand","embeddable":true,"href":"https:\/\/libreriahistoriasdebolsillo.com\/index.php\/wp-json\/wp\/v2\/product_brand?post=3022"},{"taxonomy":"product_cat","embeddable":true,"href":"https:\/\/libreriahistoriasdebolsillo.com\/index.php\/wp-json\/wp\/v2\/product_cat?post=3022"},{"taxonomy":"product_tag","embeddable":true,"href":"https:\/\/libreriahistoriasdebolsillo.com\/index.php\/wp-json\/wp\/v2\/product_tag?post=3022"}],"curies":[{"name":"wp","href":"https:\/\/api.w.org\/{rel}","templated":true}]}}