{"id":3024,"date":"2023-12-13T13:04:41","date_gmt":"2023-12-13T19:04:41","guid":{"rendered":"https:\/\/libreriahistoriasdebolsillo.com\/?post_type=product&#038;p=3024"},"modified":"2024-07-01T14:59:22","modified_gmt":"2024-07-01T20:59:22","slug":"sapiens-de-animales-a-dioses","status":"publish","type":"product","link":"https:\/\/libreriahistoriasdebolsillo.com\/index.php\/producto\/sapiens-de-animales-a-dioses\/","title":{"rendered":"Sapiens. De animales a dioses"},"content":{"rendered":"<p><b>\u00bfY si los humanos, doce mil a\u00f1os atr\u00e1s, hubi\u00e9semos ca\u00eddo en una trampa de la que no hemos sido capaces de escapar?<\/b><\/p>\n<p>Sapiens.\u00a0<b>Una<\/b>\u00a0<b>historia<\/b>\u00a0<b>gr\u00e1fica<\/b>. Los\u00a0<b>pilares<\/b><b>\u00a0de la<\/b>\u00a0<b>civilizaci\u00f3n<\/b>\u00a0explica c\u00f3mo la especie\u00a0<b>Homo sapiens<\/b>\u00a0pas\u00f3 de ser n\u00f3mada a sedentaria y empez\u00f3 a trabajar m\u00e1s duro sin por ello mejorar su calidad de vida. Revela c\u00f3mo el trigose apoder\u00f3 del mundo; c\u00f3mo un improbable matrimonio entre un dios y un bur\u00f3crata dio lugar a los primeros imperios; c\u00f3mo la<b>guerra<\/b>, el\u00a0<b>hambre<\/b>, las\u00a0<b>enfermedades<\/b>\u00a0y la\u00a0<b>desigualdad<\/b>\u00a0se convirtieron en parte esencial de la\u00a0<b>condici\u00f3n<\/b>\u00a0<b>humana<\/b>, y por qu\u00e9 solo nosotros somos responsables de ello.<\/p>\n<p>\u00bfDesolador? No con el elenco de divertidos personajes que prosiguen con el incre\u00edble viaje emprendido en el primer volumen de esta novelagr\u00e1fica, adaptaci\u00f3n radical, ingeniosa y colorida de Sapiens. De animales a dioses, que ha vendido m\u00e1s de 21 millones de ejemplares en 65 idiomas.<\/p>\n<p>Los pilares de la civilizaci\u00f3n puede leerse como una continuaci\u00f3n del primer volumen o de forma independiente, y pretende entretener a nuevos lectores y explorar de qu\u00e9 manera la\u00a0<b>biolog\u00eda<\/b>\u00a0y la\u00a0<b>historia<\/b>\u00a0nos han definido y nos han ayudado a comprender lo\u00a0<b>que<\/b>\u00a0<b>significa<\/b><b>\u00a0ser \u00ab<\/b><b>humano<\/b>\u00bb. Si quieres averiguar por qu\u00e9 estamos todos atrapados en los sue\u00f1os de nuestros ancestros, este es tu libro.<\/p>\n","protected":false},"excerpt":{"rendered":"<p>Yuval Noah Harari<\/p>\n","protected":false},"featured_media":3025,"template":"","meta":{"_joinchat":[]},"product_brand":[],"product_cat":[41],"product_tag":[34],"class_list":{"0":"post-3024","1":"product","2":"type-product","3":"status-publish","4":"has-post-thumbnail","6":"product_cat-desarrollo-humano","7":"product_tag-penguin-random-house","9":"first","10":"outofstock","11":"shipping-taxable","12":"purchasable","13":"product-type-simple"},"_links":{"self":[{"href":"https:\/\/libreriahistoriasdebolsillo.com\/index.php\/wp-json\/wp\/v2\/product\/3024","targetHints":{"allow":["GET"]}}],"collection":[{"href":"https:\/\/libreriahistoriasdebolsillo.com\/index.php\/wp-json\/wp\/v2\/product"}],"about":[{"href":"https:\/\/libreriahistoriasdebolsillo.com\/index.php\/wp-json\/wp\/v2\/types\/product"}],"wp:featuredmedia":[{"embeddable":true,"href":"https:\/\/libreriahistoriasdebolsillo.com\/index.php\/wp-json\/wp\/v2\/media\/3025"}],"wp:attachment":[{"href":"https:\/\/libreriahistoriasdebolsillo.com\/index.php\/wp-json\/wp\/v2\/media?parent=3024"}],"wp:term":[{"taxonomy":"product_brand","embeddable":true,"href":"https:\/\/libreriahistoriasdebolsillo.com\/index.php\/wp-json\/wp\/v2\/product_brand?post=3024"},{"taxonomy":"product_cat","embeddable":true,"href":"https:\/\/libreriahistoriasdebolsillo.com\/index.php\/wp-json\/wp\/v2\/product_cat?post=3024"},{"taxonomy":"product_tag","embeddable":true,"href":"https:\/\/libreriahistoriasdebolsillo.com\/index.php\/wp-json\/wp\/v2\/product_tag?post=3024"}],"curies":[{"name":"wp","href":"https:\/\/api.w.org\/{rel}","templated":true}]}}