{"id":3032,"date":"2023-12-13T16:03:09","date_gmt":"2023-12-13T22:03:09","guid":{"rendered":"https:\/\/libreriahistoriasdebolsillo.com\/?post_type=product&#038;p=3032"},"modified":"2024-03-27T16:33:14","modified_gmt":"2024-03-27T22:33:14","slug":"cita-a-ciegas-con-un-libro-81","status":"publish","type":"product","link":"https:\/\/libreriahistoriasdebolsillo.com\/index.php\/producto\/cita-a-ciegas-con-un-libro-81\/","title":{"rendered":"Cita a ciegas con un libro 81"},"content":{"rendered":"<ul>\n<li>Nambeko, nuestra hero\u00edna, habita en un gueto de Johannesburgo.<\/li>\n<li>Inicia un viaje pintoresco donde conocer\u00e1 distintos personajes, desde un falso especialista en f\u00edsica nuclear, hasta un rey de Suecia.<\/li>\n<li>Tras todo este viaje, Nambeko se convertir\u00e1 en una mujer clave para la supervivencia de la humanidad.<\/li>\n<li>Una novela con mucho sentido del humor.<\/li>\n<\/ul>\n","protected":false},"excerpt":{"rendered":"<p>Nambeko, nuestra hero\u00edna, habita en un gueto de Johannesburgo. Inicia un viaje pintoresco donde conocer\u00e1 distintos personajes, desde un falso especialista en f\u00edsica nuclear, hasta un rey de Suecia. Tras todo este viaje, Nambeko se convertir\u00e1 en una mujer clave para la supervivencia de la humanidad. Una novela con mucho sentido del humor.<\/p>\n","protected":false},"featured_media":3033,"template":"","meta":{"_joinchat":[]},"product_brand":[],"product_cat":[44,51],"product_tag":[],"class_list":{"0":"post-3032","1":"product","2":"type-product","3":"status-publish","4":"has-post-thumbnail","6":"product_cat-cita-a-ciegas-con-un-libro","7":"product_cat-oferta","9":"first","10":"outofstock","11":"shipping-taxable","12":"purchasable","13":"product-type-simple"},"_links":{"self":[{"href":"https:\/\/libreriahistoriasdebolsillo.com\/index.php\/wp-json\/wp\/v2\/product\/3032","targetHints":{"allow":["GET"]}}],"collection":[{"href":"https:\/\/libreriahistoriasdebolsillo.com\/index.php\/wp-json\/wp\/v2\/product"}],"about":[{"href":"https:\/\/libreriahistoriasdebolsillo.com\/index.php\/wp-json\/wp\/v2\/types\/product"}],"wp:featuredmedia":[{"embeddable":true,"href":"https:\/\/libreriahistoriasdebolsillo.com\/index.php\/wp-json\/wp\/v2\/media\/3033"}],"wp:attachment":[{"href":"https:\/\/libreriahistoriasdebolsillo.com\/index.php\/wp-json\/wp\/v2\/media?parent=3032"}],"wp:term":[{"taxonomy":"product_brand","embeddable":true,"href":"https:\/\/libreriahistoriasdebolsillo.com\/index.php\/wp-json\/wp\/v2\/product_brand?post=3032"},{"taxonomy":"product_cat","embeddable":true,"href":"https:\/\/libreriahistoriasdebolsillo.com\/index.php\/wp-json\/wp\/v2\/product_cat?post=3032"},{"taxonomy":"product_tag","embeddable":true,"href":"https:\/\/libreriahistoriasdebolsillo.com\/index.php\/wp-json\/wp\/v2\/product_tag?post=3032"}],"curies":[{"name":"wp","href":"https:\/\/api.w.org\/{rel}","templated":true}]}}