{"id":3041,"date":"2023-12-18T14:28:16","date_gmt":"2023-12-18T20:28:16","guid":{"rendered":"https:\/\/libreriahistoriasdebolsillo.com\/?post_type=product&#038;p=3041"},"modified":"2026-03-27T10:37:40","modified_gmt":"2026-03-27T16:37:40","slug":"el-curioso-caso-de-benjamin-button-pasta-dura-edicion-de-bolsillo","status":"publish","type":"product","link":"https:\/\/libreriahistoriasdebolsillo.com\/index.php\/producto\/el-curioso-caso-de-benjamin-button-pasta-dura-edicion-de-bolsillo\/","title":{"rendered":"El curioso caso de Benjamin Button (Pasta dura edici\u00f3n de bolsillo)"},"content":{"rendered":"<p>Este libro contiene los relatos m\u00e1s representativos del universo de Fitzgerald, quiz\u00e1 el narrador m\u00e1s dotado que dio la literatura norteamericana del siglo XX. En todas estas narraciones el autor aborda sus obsesiones recurrentes: la melancol\u00eda por el final de una \u00e9poca, los fracasos del amor, la fascinaci\u00f3n por el lujo y la riqueza.<\/p>\n","protected":false},"excerpt":{"rendered":"<p>F. Scott Fitzgerald<\/p>\n","protected":false},"featured_media":3042,"template":"","meta":{"_joinchat":[]},"product_brand":[],"product_cat":[42,51],"product_tag":[47],"class_list":{"0":"post-3041","1":"product","2":"type-product","3":"status-publish","4":"has-post-thumbnail","6":"product_cat-literatura-clasica","7":"product_cat-oferta","8":"product_tag-editories-mexicanos-unidos","10":"first","11":"outofstock","12":"shipping-taxable","13":"purchasable","14":"product-type-simple"},"_links":{"self":[{"href":"https:\/\/libreriahistoriasdebolsillo.com\/index.php\/wp-json\/wp\/v2\/product\/3041","targetHints":{"allow":["GET"]}}],"collection":[{"href":"https:\/\/libreriahistoriasdebolsillo.com\/index.php\/wp-json\/wp\/v2\/product"}],"about":[{"href":"https:\/\/libreriahistoriasdebolsillo.com\/index.php\/wp-json\/wp\/v2\/types\/product"}],"wp:featuredmedia":[{"embeddable":true,"href":"https:\/\/libreriahistoriasdebolsillo.com\/index.php\/wp-json\/wp\/v2\/media\/3042"}],"wp:attachment":[{"href":"https:\/\/libreriahistoriasdebolsillo.com\/index.php\/wp-json\/wp\/v2\/media?parent=3041"}],"wp:term":[{"taxonomy":"product_brand","embeddable":true,"href":"https:\/\/libreriahistoriasdebolsillo.com\/index.php\/wp-json\/wp\/v2\/product_brand?post=3041"},{"taxonomy":"product_cat","embeddable":true,"href":"https:\/\/libreriahistoriasdebolsillo.com\/index.php\/wp-json\/wp\/v2\/product_cat?post=3041"},{"taxonomy":"product_tag","embeddable":true,"href":"https:\/\/libreriahistoriasdebolsillo.com\/index.php\/wp-json\/wp\/v2\/product_tag?post=3041"}],"curies":[{"name":"wp","href":"https:\/\/api.w.org\/{rel}","templated":true}]}}