{"id":3047,"date":"2023-12-18T18:02:32","date_gmt":"2023-12-19T00:02:32","guid":{"rendered":"https:\/\/libreriahistoriasdebolsillo.com\/?post_type=product&#038;p=3047"},"modified":"2025-07-04T17:25:53","modified_gmt":"2025-07-04T23:25:53","slug":"por-que-a-mi","status":"publish","type":"product","link":"https:\/\/libreriahistoriasdebolsillo.com\/index.php\/producto\/por-que-a-mi\/","title":{"rendered":"\u00bfPor qu\u00e9 a m\u00ed?"},"content":{"rendered":"<p>Con su c\u00e9lebre libro\u00a0<i>Las mujeres que aman demasiado<\/i>, Robin Norwood cambi\u00f3 definitivamente la manera de pensar acerca de las<b>relaciones de pareja<\/b>\u00a0e instaur\u00f3 una nueva actitud en las mujeres que sufr\u00edan por amor.<\/p>\n<p>En\u00a0<i>\u00bfPor qu\u00e9 a m\u00ed?<\/i>\u00a0nos ense\u00f1a a comprender la forma de\u00a0<b>enfrentarnos a las<\/b>\u00a0<b>adversidades<\/b>\u00a0y a modificarlas cuando noshacen sufrir demasiado, al tiempo que nos anima a cooperar conscientemente con nuestro\u00a0<b>propio destino<\/b>\u00a0y descubrir el sentido detr\u00e1s de cada dificultad.<\/p>\n","protected":false},"excerpt":{"rendered":"<p>Robin Norwood<\/p>\n","protected":false},"featured_media":3048,"template":"","meta":{"_joinchat":[]},"product_brand":[],"product_cat":[58,41,51],"product_tag":[34],"class_list":{"0":"post-3047","1":"product","2":"type-product","3":"status-publish","4":"has-post-thumbnail","6":"product_cat-desarrollo-humano-y-superacion","7":"product_cat-desarrollo-humano","8":"product_cat-oferta","9":"product_tag-penguin-random-house","11":"first","12":"outofstock","13":"shipping-taxable","14":"purchasable","15":"product-type-simple"},"_links":{"self":[{"href":"https:\/\/libreriahistoriasdebolsillo.com\/index.php\/wp-json\/wp\/v2\/product\/3047","targetHints":{"allow":["GET"]}}],"collection":[{"href":"https:\/\/libreriahistoriasdebolsillo.com\/index.php\/wp-json\/wp\/v2\/product"}],"about":[{"href":"https:\/\/libreriahistoriasdebolsillo.com\/index.php\/wp-json\/wp\/v2\/types\/product"}],"wp:featuredmedia":[{"embeddable":true,"href":"https:\/\/libreriahistoriasdebolsillo.com\/index.php\/wp-json\/wp\/v2\/media\/3048"}],"wp:attachment":[{"href":"https:\/\/libreriahistoriasdebolsillo.com\/index.php\/wp-json\/wp\/v2\/media?parent=3047"}],"wp:term":[{"taxonomy":"product_brand","embeddable":true,"href":"https:\/\/libreriahistoriasdebolsillo.com\/index.php\/wp-json\/wp\/v2\/product_brand?post=3047"},{"taxonomy":"product_cat","embeddable":true,"href":"https:\/\/libreriahistoriasdebolsillo.com\/index.php\/wp-json\/wp\/v2\/product_cat?post=3047"},{"taxonomy":"product_tag","embeddable":true,"href":"https:\/\/libreriahistoriasdebolsillo.com\/index.php\/wp-json\/wp\/v2\/product_tag?post=3047"}],"curies":[{"name":"wp","href":"https:\/\/api.w.org\/{rel}","templated":true}]}}