{"id":3051,"date":"2023-12-18T18:12:42","date_gmt":"2023-12-19T00:12:42","guid":{"rendered":"https:\/\/libreriahistoriasdebolsillo.com\/?post_type=product&#038;p=3051"},"modified":"2023-12-30T13:50:14","modified_gmt":"2023-12-30T19:50:14","slug":"mas-importante-que-el-dinero","status":"publish","type":"product","link":"https:\/\/libreriahistoriasdebolsillo.com\/index.php\/producto\/mas-importante-que-el-dinero\/","title":{"rendered":"M\u00e1s importante que el dinero"},"content":{"rendered":"<p><b>Muchas personas tienen ideas millonarias. Conf\u00edan en que su nuevo producto, servicio o innovaci\u00f3n los har\u00e1 ricos. \u00bfEl problema? Muchas personas no saben c\u00f3mo convertir su idea millonaria en millones de d\u00f3lares.<\/b><\/p>\n<p>Conoce a los Asesores de\u00a0<i>Padre Rico<\/i>\u00a0de Robert y Kim&#8230; y aprende por qu\u00e9 est\u00e1n entre sus activos m\u00e1s valiosos:<\/p>\n<p><b>-Ken McElroy:<\/b>\u00a0Asesor en Bienes Ra\u00edces, Deuda y Recaudaci\u00f3n de Capital<\/p>\n<p><b>-Blair Singer:<\/b>\u00a0Asesor en Ventas y Formaci\u00f3n de Equipos<\/p>\n<p><b>-Garrett Sutton, Esq:<\/b>\u00a0Asesor en Protecci\u00f3n Patrimonial y Planes de Negocios<\/p>\n<p><b>-Tom Wheelwright:<\/b>\u00a0CPA Asesor en Impuestos y Estrategias de Riqueza<\/p>\n<p><b>-Andy Tanner:<\/b>\u00a0Asesor en Activos de Papel<\/p>\n<p><b>-Josh y Lisa Lannon:<\/b>\u00a0Asesores en Emprendimiento Social<\/p>\n","protected":false},"excerpt":{"rendered":"<p>Robert T. Kiyosaki<\/p>\n","protected":false},"featured_media":3052,"template":"","meta":{"_joinchat":[]},"product_brand":[],"product_cat":[58,41,51],"product_tag":[34],"class_list":{"0":"post-3051","1":"product","2":"type-product","3":"status-publish","4":"has-post-thumbnail","6":"product_cat-desarrollo-humano-y-superacion","7":"product_cat-desarrollo-humano","8":"product_cat-oferta","9":"product_tag-penguin-random-house","11":"first","12":"outofstock","13":"shipping-taxable","14":"purchasable","15":"product-type-simple"},"_links":{"self":[{"href":"https:\/\/libreriahistoriasdebolsillo.com\/index.php\/wp-json\/wp\/v2\/product\/3051","targetHints":{"allow":["GET"]}}],"collection":[{"href":"https:\/\/libreriahistoriasdebolsillo.com\/index.php\/wp-json\/wp\/v2\/product"}],"about":[{"href":"https:\/\/libreriahistoriasdebolsillo.com\/index.php\/wp-json\/wp\/v2\/types\/product"}],"wp:featuredmedia":[{"embeddable":true,"href":"https:\/\/libreriahistoriasdebolsillo.com\/index.php\/wp-json\/wp\/v2\/media\/3052"}],"wp:attachment":[{"href":"https:\/\/libreriahistoriasdebolsillo.com\/index.php\/wp-json\/wp\/v2\/media?parent=3051"}],"wp:term":[{"taxonomy":"product_brand","embeddable":true,"href":"https:\/\/libreriahistoriasdebolsillo.com\/index.php\/wp-json\/wp\/v2\/product_brand?post=3051"},{"taxonomy":"product_cat","embeddable":true,"href":"https:\/\/libreriahistoriasdebolsillo.com\/index.php\/wp-json\/wp\/v2\/product_cat?post=3051"},{"taxonomy":"product_tag","embeddable":true,"href":"https:\/\/libreriahistoriasdebolsillo.com\/index.php\/wp-json\/wp\/v2\/product_tag?post=3051"}],"curies":[{"name":"wp","href":"https:\/\/api.w.org\/{rel}","templated":true}]}}