{"id":3053,"date":"2023-12-18T18:15:44","date_gmt":"2023-12-19T00:15:44","guid":{"rendered":"https:\/\/libreriahistoriasdebolsillo.com\/?post_type=product&#038;p=3053"},"modified":"2024-07-31T12:21:15","modified_gmt":"2024-07-31T18:21:15","slug":"falso","status":"publish","type":"product","link":"https:\/\/libreriahistoriasdebolsillo.com\/index.php\/producto\/falso\/","title":{"rendered":"Falso"},"content":{"rendered":"<p><b>HAZ FRENTE A LO FALSO CON HECHOS<\/b><\/p>\n<p><b>DINERO FALSO<\/b><\/p>\n<p>En 1971, el d\u00f3lar estadounidense se convirti\u00f3 en dinero fiduciario. El dinero fiduciario es dinero del gobierno. Padre Rico llam\u00f3 al dinero del gobierno #dinero falso#. El dinero falso hace a los ricos m\u00e1s ricos. El problema es que el dinero falso hace que los pobres y la clase media sean m\u00e1s pobres.<\/p>\n<p><b>MAESTROS FALSOS<\/b><\/p>\n<p>\u00bfQu\u00e9 te ense\u00f1\u00f3 la escuela sobre el dinero? \u00bfQu\u00e9 sab\u00edan tus padres sobre el dinero? \u00bfQu\u00e9 sabe tu asesor financiero sobre el dinero? \u00bfQu\u00e9 saben nuestros l\u00edderes sobre el dinero? \u00bfPor qu\u00e9 78% de las personas vive de quincena en quincena? \u00bfPor qu\u00e9 los estudiantes se tambalean bajo una deuda millonaria de pr\u00e9stamos estudiantiles? \u00bfPor qu\u00e9 los maestros se ponen en huelga pidiendo m\u00e1s dinero?<\/p>\n<p><b>ACTIVOS FALSOS<\/b><\/p>\n<p>En 2008 la econom\u00eda mundial colaps\u00f3 cuando los activos falsos, hipotecas de bienes ra\u00edces de alto riesgo, colapsaron. \u00bfSiguen los mismos banqueros que vendieron los activos falsos en 2008 vendiendo activos falsos para ti, para m\u00ed y para los planes de pensi\u00f3n de los empleados? \u00bfPor qu\u00e9 hay tantas pensiones con fondos insuficientes? \u00bfCu\u00e1ntos baby boomers se quedar\u00e1n sin dinero en la jubilaci\u00f3n?<\/p>\n<p><b>\u00bfSe aproxima una crisis m\u00e1s grande?<\/b><\/p>\n","protected":false},"excerpt":{"rendered":"<p>Robert T. Kiyosaki<\/p>\n","protected":false},"featured_media":3054,"template":"","meta":{"_joinchat":[]},"product_brand":[],"product_cat":[58,41,51],"product_tag":[34],"class_list":{"0":"post-3053","1":"product","2":"type-product","3":"status-publish","4":"has-post-thumbnail","6":"product_cat-desarrollo-humano-y-superacion","7":"product_cat-desarrollo-humano","8":"product_cat-oferta","9":"product_tag-penguin-random-house","11":"first","12":"outofstock","13":"sale","14":"shipping-taxable","15":"purchasable","16":"product-type-simple"},"_links":{"self":[{"href":"https:\/\/libreriahistoriasdebolsillo.com\/index.php\/wp-json\/wp\/v2\/product\/3053","targetHints":{"allow":["GET"]}}],"collection":[{"href":"https:\/\/libreriahistoriasdebolsillo.com\/index.php\/wp-json\/wp\/v2\/product"}],"about":[{"href":"https:\/\/libreriahistoriasdebolsillo.com\/index.php\/wp-json\/wp\/v2\/types\/product"}],"wp:featuredmedia":[{"embeddable":true,"href":"https:\/\/libreriahistoriasdebolsillo.com\/index.php\/wp-json\/wp\/v2\/media\/3054"}],"wp:attachment":[{"href":"https:\/\/libreriahistoriasdebolsillo.com\/index.php\/wp-json\/wp\/v2\/media?parent=3053"}],"wp:term":[{"taxonomy":"product_brand","embeddable":true,"href":"https:\/\/libreriahistoriasdebolsillo.com\/index.php\/wp-json\/wp\/v2\/product_brand?post=3053"},{"taxonomy":"product_cat","embeddable":true,"href":"https:\/\/libreriahistoriasdebolsillo.com\/index.php\/wp-json\/wp\/v2\/product_cat?post=3053"},{"taxonomy":"product_tag","embeddable":true,"href":"https:\/\/libreriahistoriasdebolsillo.com\/index.php\/wp-json\/wp\/v2\/product_tag?post=3053"}],"curies":[{"name":"wp","href":"https:\/\/api.w.org\/{rel}","templated":true}]}}