{"id":3057,"date":"2023-12-18T18:24:30","date_gmt":"2023-12-19T00:24:30","guid":{"rendered":"https:\/\/libreriahistoriasdebolsillo.com\/?post_type=product&#038;p=3057"},"modified":"2025-07-04T17:25:11","modified_gmt":"2025-07-04T23:25:11","slug":"los-juegos-del-hambre-0-la-balada-de-pajaros-cantores-y-serpientes","status":"publish","type":"product","link":"https:\/\/libreriahistoriasdebolsillo.com\/index.php\/producto\/los-juegos-del-hambre-0-la-balada-de-pajaros-cantores-y-serpientes\/","title":{"rendered":"Los juegos del hambre 0. La balada de p\u00e1jaros cantores y serpientes"},"content":{"rendered":"<p>Es la ma\u00f1ana de la\u00a0<b>cosecha<\/b>\u00a0que dar\u00e1 inicio a los\u00a0<b>D\u00e9cimos Juegos del Hambre<\/b>. En el\u00a0<b>Capitolio<\/b>, Coriolanus Snow, de dieciocho a\u00f1os de edad, se prepara para la oportunidad \u00fanica de alcanzar la gloria como mentor de los Juegos. La casa de los Snow, antes tan influyente, atraviesa tiempos dif\u00edciles, por lo que su destino depende de que\u00a0<b>Coriolanus<\/b>\u00a0consiga superar a sus compa\u00f1eros en encanto, ingenio y estrategia como mentor del tributo que le sea adjudicado. Todoest\u00e1 en su contra&#8230; lo han humillado al asignarle a la tributo del distrito 12 y ahora sus destinos est\u00e1n irremediablemente unidos.<\/p>\n","protected":false},"excerpt":{"rendered":"<p>Suzanne Collins<\/p>\n","protected":false},"featured_media":3058,"template":"","meta":{"_joinchat":[]},"product_brand":[],"product_cat":[40,72,52],"product_tag":[34],"class_list":{"0":"post-3057","1":"product","2":"type-product","3":"status-publish","4":"has-post-thumbnail","6":"product_cat-ciencia-ficcion","7":"product_cat-distopico","8":"product_cat-juvenil","9":"product_tag-penguin-random-house","11":"first","12":"outofstock","13":"shipping-taxable","14":"purchasable","15":"product-type-simple"},"_links":{"self":[{"href":"https:\/\/libreriahistoriasdebolsillo.com\/index.php\/wp-json\/wp\/v2\/product\/3057","targetHints":{"allow":["GET"]}}],"collection":[{"href":"https:\/\/libreriahistoriasdebolsillo.com\/index.php\/wp-json\/wp\/v2\/product"}],"about":[{"href":"https:\/\/libreriahistoriasdebolsillo.com\/index.php\/wp-json\/wp\/v2\/types\/product"}],"wp:featuredmedia":[{"embeddable":true,"href":"https:\/\/libreriahistoriasdebolsillo.com\/index.php\/wp-json\/wp\/v2\/media\/3058"}],"wp:attachment":[{"href":"https:\/\/libreriahistoriasdebolsillo.com\/index.php\/wp-json\/wp\/v2\/media?parent=3057"}],"wp:term":[{"taxonomy":"product_brand","embeddable":true,"href":"https:\/\/libreriahistoriasdebolsillo.com\/index.php\/wp-json\/wp\/v2\/product_brand?post=3057"},{"taxonomy":"product_cat","embeddable":true,"href":"https:\/\/libreriahistoriasdebolsillo.com\/index.php\/wp-json\/wp\/v2\/product_cat?post=3057"},{"taxonomy":"product_tag","embeddable":true,"href":"https:\/\/libreriahistoriasdebolsillo.com\/index.php\/wp-json\/wp\/v2\/product_tag?post=3057"}],"curies":[{"name":"wp","href":"https:\/\/api.w.org\/{rel}","templated":true}]}}