{"id":3061,"date":"2023-12-18T18:38:32","date_gmt":"2023-12-19T00:38:32","guid":{"rendered":"https:\/\/libreriahistoriasdebolsillo.com\/?post_type=product&#038;p=3061"},"modified":"2024-04-26T16:28:22","modified_gmt":"2024-04-26T22:28:22","slug":"el-alquimista-edicion-de-bolsillo","status":"publish","type":"product","link":"https:\/\/libreriahistoriasdebolsillo.com\/index.php\/producto\/el-alquimista-edicion-de-bolsillo\/","title":{"rendered":"Biblioteca Paulo Coelho. El alquimista"},"content":{"rendered":"<p>\u00c9sta es la historia de\u00a0<b>Santiago, un joven pastor\u00a0<\/b>andaluz que viaja desde su tierra natal hacia el desierto egipcio en busca de un\u00a0<b>tesoro\u00a0<\/b>oculto en las pir\u00e1mides. Nadie sabe lo que contiene, ni si Santiago ser\u00e1 capaz de superar los obst\u00e1culos del camino.<\/p>\n<p>\u00abCuando escrib\u00ed\u00a0<i>El Alquimista\u00a0<\/i>intentaba comprender la<b>\u00a0raz\u00f3n de la existencia.\u00a0<\/b>En lugar de hacer un tratado filos\u00f3fico, decid\u00ed conversar con el ni\u00f1o que exist\u00eda en mi alma. Para mi sorpresa, este ni\u00f1o viv\u00eda todav\u00eda en millones de personas en el mundo entero. Con este libro quiero compartir con mis lectores las preguntas que, justamente por no tener respuestas, hacen de la vida una gran aventura.\u00bb<\/p>\n<p><b>\u00abEscucha tu coraz\u00f3n, \u00e9l conoce todas las cosas\u00bb<\/b><\/p>\n","protected":false},"excerpt":{"rendered":"<p>Paulo Coelho<\/p>\n","protected":false},"featured_media":3062,"template":"","meta":{"_joinchat":[]},"product_brand":[],"product_cat":[58,41,51],"product_tag":[34],"class_list":{"0":"post-3061","1":"product","2":"type-product","3":"status-publish","4":"has-post-thumbnail","6":"product_cat-desarrollo-humano-y-superacion","7":"product_cat-desarrollo-humano","8":"product_cat-oferta","9":"product_tag-penguin-random-house","11":"first","12":"outofstock","13":"shipping-taxable","14":"purchasable","15":"product-type-simple"},"_links":{"self":[{"href":"https:\/\/libreriahistoriasdebolsillo.com\/index.php\/wp-json\/wp\/v2\/product\/3061","targetHints":{"allow":["GET"]}}],"collection":[{"href":"https:\/\/libreriahistoriasdebolsillo.com\/index.php\/wp-json\/wp\/v2\/product"}],"about":[{"href":"https:\/\/libreriahistoriasdebolsillo.com\/index.php\/wp-json\/wp\/v2\/types\/product"}],"wp:featuredmedia":[{"embeddable":true,"href":"https:\/\/libreriahistoriasdebolsillo.com\/index.php\/wp-json\/wp\/v2\/media\/3062"}],"wp:attachment":[{"href":"https:\/\/libreriahistoriasdebolsillo.com\/index.php\/wp-json\/wp\/v2\/media?parent=3061"}],"wp:term":[{"taxonomy":"product_brand","embeddable":true,"href":"https:\/\/libreriahistoriasdebolsillo.com\/index.php\/wp-json\/wp\/v2\/product_brand?post=3061"},{"taxonomy":"product_cat","embeddable":true,"href":"https:\/\/libreriahistoriasdebolsillo.com\/index.php\/wp-json\/wp\/v2\/product_cat?post=3061"},{"taxonomy":"product_tag","embeddable":true,"href":"https:\/\/libreriahistoriasdebolsillo.com\/index.php\/wp-json\/wp\/v2\/product_tag?post=3061"}],"curies":[{"name":"wp","href":"https:\/\/api.w.org\/{rel}","templated":true}]}}