{"id":3063,"date":"2023-12-18T18:44:21","date_gmt":"2023-12-19T00:44:21","guid":{"rendered":"https:\/\/libreriahistoriasdebolsillo.com\/?post_type=product&#038;p=3063"},"modified":"2024-03-12T13:36:45","modified_gmt":"2024-03-12T19:36:45","slug":"a-dos-metros-de-ti","status":"publish","type":"product","link":"https:\/\/libreriahistoriasdebolsillo.com\/index.php\/producto\/a-dos-metros-de-ti\/","title":{"rendered":"A dos metros de ti"},"content":{"rendered":"<p>A Stella Grant le gusta<b>\u00a0tener el control<\/b>, a pesar de no poder controlar sus propios pulmones, que la han tenido en el hospital la mayor parte de su vida. Por encima de todo, Stella necesita controlar su espacio para mantenerse alejada de cualquier persona o cosa que pueda transmitirle una infecci\u00f3n y poner en peligro su trasplante de pulm\u00f3n.<b>\u00a0Dos metros de distancia. Sin excepciones.<\/b><\/p>\n<p>Lo \u00fanico que Will Newman quiere controlar es c\u00f3mo salir de este hospital. No le importan sus tratamientos, o si hay una nueva medicaci\u00f3n en ensayo cl\u00ednico. Pronto cumplir\u00e1 dieciocho a\u00f1os y podr\u00e1 desconectar todas estas m\u00e1quinas. Desea ir a<b>\u00a0ver el mundo,\u00a0<\/b>no solo sus hospitales.<\/p>\n<p>Will y Stella no pueden acercarse. Solo con que respiren cerca, Will podr\u00eda provocar que Stella perdiera su puesto en la lista de trasplantes. La \u00fanica forma de mantenerse con vida es mantenerse alejados.<\/p>\n<p><b>\u00bfPuedes amar a alguien que no puedes tocar?<\/b><\/p>\n","protected":false},"excerpt":{"rendered":"<p>Rachel Lippincott, Mikki Daughtry y Tobias Iaconis<\/p>\n","protected":false},"featured_media":3064,"template":"","meta":{"_joinchat":[]},"product_brand":[],"product_cat":[52,35],"product_tag":[34],"class_list":{"0":"post-3063","1":"product","2":"type-product","3":"status-publish","4":"has-post-thumbnail","6":"product_cat-juvenil","7":"product_cat-romantica","8":"product_tag-penguin-random-house","10":"first","11":"outofstock","12":"shipping-taxable","13":"purchasable","14":"product-type-simple"},"_links":{"self":[{"href":"https:\/\/libreriahistoriasdebolsillo.com\/index.php\/wp-json\/wp\/v2\/product\/3063","targetHints":{"allow":["GET"]}}],"collection":[{"href":"https:\/\/libreriahistoriasdebolsillo.com\/index.php\/wp-json\/wp\/v2\/product"}],"about":[{"href":"https:\/\/libreriahistoriasdebolsillo.com\/index.php\/wp-json\/wp\/v2\/types\/product"}],"wp:featuredmedia":[{"embeddable":true,"href":"https:\/\/libreriahistoriasdebolsillo.com\/index.php\/wp-json\/wp\/v2\/media\/3064"}],"wp:attachment":[{"href":"https:\/\/libreriahistoriasdebolsillo.com\/index.php\/wp-json\/wp\/v2\/media?parent=3063"}],"wp:term":[{"taxonomy":"product_brand","embeddable":true,"href":"https:\/\/libreriahistoriasdebolsillo.com\/index.php\/wp-json\/wp\/v2\/product_brand?post=3063"},{"taxonomy":"product_cat","embeddable":true,"href":"https:\/\/libreriahistoriasdebolsillo.com\/index.php\/wp-json\/wp\/v2\/product_cat?post=3063"},{"taxonomy":"product_tag","embeddable":true,"href":"https:\/\/libreriahistoriasdebolsillo.com\/index.php\/wp-json\/wp\/v2\/product_tag?post=3063"}],"curies":[{"name":"wp","href":"https:\/\/api.w.org\/{rel}","templated":true}]}}