{"id":3065,"date":"2023-12-18T18:46:19","date_gmt":"2023-12-19T00:46:19","guid":{"rendered":"https:\/\/libreriahistoriasdebolsillo.com\/?post_type=product&#038;p=3065"},"modified":"2025-10-04T11:14:37","modified_gmt":"2025-10-04T17:14:37","slug":"como-ganar-amigos-e-influir-sobre-las-personas","status":"publish","type":"product","link":"https:\/\/libreriahistoriasdebolsillo.com\/index.php\/producto\/como-ganar-amigos-e-influir-sobre-las-personas\/","title":{"rendered":"C\u00f3mo ganar amigos e influir sobre las personas"},"content":{"rendered":"<p><b>Uno de los primeros best sellers de autoayuda, fue publicado por primera vez en 1936 y lleva vendidas 15 millones de copias a nivel mundial.<\/b><\/p>\n<p>Dale Carnegie escribi\u00f3 este libro con el prop\u00f3sito de ser un suplemento a su curso sobre oratoria y relaciones humanas y nunca se imagin\u00f3 que se convertir\u00eda en un \u00e9xito de ventas y que la gente lo leer\u00eda, lo criticar\u00eda y vivir\u00eda seg\u00fan sus reglas. Carnegie entrevist\u00f3 a muchas personas de renombre para tomar ejemplos de sus vidas. Entre ellas est\u00e1n Edison, Franklin D. Rooselvelt y James Farley.<\/p>\n<p><b>Algunos puntos importantes del contenido son:<\/b><\/p>\n<p><b>Primera parte:<\/b>\u00a0T\u00e9cnicas fundamentales para tratar con el pr\u00f3jimo. Si quieres recoger miel, no des puntapi\u00e9s a la colmena. El gran secreto para tratar con la gente.<\/p>\n<p><b>Segunda parte:<\/b>\u00a0Seis maneras de agradar a los dem\u00e1s. Haga esto y ser\u00e1 bienvenido en todas partes. Una manera de causar una buena impresi\u00f3n. Una manera f\u00e1cil de convertirse en un buen conversador. C\u00f3mo interesar a la gente.<\/p>\n<p><b>Tercera parte:\u00a0<\/b>Logre que los dem\u00e1s piensen como usted. No es posible ganar una discusi\u00f3n. Un medio seguro de conquistar enemigos. Si se equivoca usted, adm\u00edtalo. El secreto de S\u00f3crates. C\u00f3mo obtener cooperaci\u00f3n. Un llamado que gusta a todos.<\/p>\n<p>Cuarta parte: Sea un l\u00edder. C\u00f3mo criticar y no ser odiado por ello. Hable primero de sus propios errores. A nadie le gusta recibir \u00f3rdenes. Permita que la otra persona salve su prestigio. Procure que la otra persona se sienta satisfecha con lo que usted quiere.<\/p>\n","protected":false},"excerpt":{"rendered":"<p>Dale Carnegie<\/p>\n","protected":false},"featured_media":3066,"template":"","meta":{"_joinchat":[]},"product_brand":[],"product_cat":[58,41],"product_tag":[34],"class_list":{"0":"post-3065","1":"product","2":"type-product","3":"status-publish","4":"has-post-thumbnail","6":"product_cat-desarrollo-humano-y-superacion","7":"product_cat-desarrollo-humano","8":"product_tag-penguin-random-house","10":"first","11":"outofstock","12":"shipping-taxable","13":"purchasable","14":"product-type-simple"},"_links":{"self":[{"href":"https:\/\/libreriahistoriasdebolsillo.com\/index.php\/wp-json\/wp\/v2\/product\/3065","targetHints":{"allow":["GET"]}}],"collection":[{"href":"https:\/\/libreriahistoriasdebolsillo.com\/index.php\/wp-json\/wp\/v2\/product"}],"about":[{"href":"https:\/\/libreriahistoriasdebolsillo.com\/index.php\/wp-json\/wp\/v2\/types\/product"}],"wp:featuredmedia":[{"embeddable":true,"href":"https:\/\/libreriahistoriasdebolsillo.com\/index.php\/wp-json\/wp\/v2\/media\/3066"}],"wp:attachment":[{"href":"https:\/\/libreriahistoriasdebolsillo.com\/index.php\/wp-json\/wp\/v2\/media?parent=3065"}],"wp:term":[{"taxonomy":"product_brand","embeddable":true,"href":"https:\/\/libreriahistoriasdebolsillo.com\/index.php\/wp-json\/wp\/v2\/product_brand?post=3065"},{"taxonomy":"product_cat","embeddable":true,"href":"https:\/\/libreriahistoriasdebolsillo.com\/index.php\/wp-json\/wp\/v2\/product_cat?post=3065"},{"taxonomy":"product_tag","embeddable":true,"href":"https:\/\/libreriahistoriasdebolsillo.com\/index.php\/wp-json\/wp\/v2\/product_tag?post=3065"}],"curies":[{"name":"wp","href":"https:\/\/api.w.org\/{rel}","templated":true}]}}