{"id":3079,"date":"2023-12-18T19:23:08","date_gmt":"2023-12-19T01:23:08","guid":{"rendered":"https:\/\/libreriahistoriasdebolsillo.com\/?post_type=product&#038;p=3079"},"modified":"2025-07-03T12:40:15","modified_gmt":"2025-07-03T18:40:15","slug":"tan-poca-vida","status":"publish","type":"product","link":"https:\/\/libreriahistoriasdebolsillo.com\/index.php\/producto\/tan-poca-vida\/","title":{"rendered":"Tan poca vida"},"content":{"rendered":"<p><b>Un aut\u00e9ntico fen\u00f3meno literario. Ganadora del premio Kirkus, finalista del Man Booker y del National Book. Hanya Yanagihara ha sido comparada con Jonathan Franzen y Donna Tartt por su habilidad narrativa.<\/b><\/p>\n<p><b>Mejor novela del a\u00f1o seg\u00fan\u00a0<\/b><i><b>The New York Times, The Washington Post, The Wall Street Journal, Vanity Fair, Vogue, The Guardian, The Economist, People, Time Out New York, Huffington Post<\/b><\/i><b>, entre otras.<\/b><\/p>\n<p><i>Para saber&#8230;<\/i><\/p>\n<p><i>Qu\u00e9 dicen y qu\u00e9 callan los hombres<\/i><\/p>\n<p><i>De d\u00f3nde viene y ad\u00f3nde va la culpa<\/i><\/p>\n<p><i>Cu\u00e1nto importa el sexo<\/i><\/p>\n<p><i>A qui\u00e9n podemos llamar amigo<\/i><\/p>\n<p><i>Y finalmente&#8230;<\/i><\/p>\n<p><i>Qu\u00e9 precio tiene la vida cuando ya no tiene valor<\/i><\/p>\n<p>Paradescubrir eso y m\u00e1s, aqu\u00ed est\u00e1\u00a0<i>Tan poca vida<\/i>, una historia que recorre m\u00e1s de\u00a0<b>tres d\u00e9cadas<\/b>\u00a0de amistad en la vida de\u00a0<b>cuatro hombres<\/b>\u00a0que crecen juntos en\u00a0<b>Manhattan<\/b>. Cuatro hombres que tienen que sobrevivir al fracaso y al \u00e9xito y que, a lo largo de los a\u00f1os, aprenden a sobreponerse a las crisis econ\u00f3micas, sociales y emocionales. Cuatro hombres que comparten una idea muy peculiar de la intimidad, una manera de estar juntos hecha de pocas palabras y muchos gestos. Cuatro hombres cuya relaci\u00f3n la autora utiliza para realizar una minuciosa indagaci\u00f3n de los l\u00edmites de la naturaleza humana.<\/p>\n<p><b>La cr\u00edtica ha opinado:<\/b><\/p>\n<p>\u00abUn libro extraordinario&#8230; Dar\u00eda lo que fuera para escribir una novela tan potente como\u00a0<i>Tan poca vida<\/i>.\u00bb -James Rhodes, m\u00fasico y autor de\u00a0<i>Instrumental<\/i>&#8211;<\/p>\n<p>\u00ab\u00bfCu\u00e1ntas veces al a\u00f1o tienes la sensaci\u00f3n de no poder parar de leer un libro? \u00bfCu\u00e1ntas veces sientes que esa lectura podr\u00eda cambiar tu vida?&#8230; S\u00e9 que he encontrado una obra maestra.\u00bb &#8211;<i>The Bookseller<\/i>&#8211;<\/p>\n<p>\u00ab<i>Tan poca vida<\/i>\u00a0es hipn\u00f3tica, te obliga a leer.\u00bb &#8211;<i>The Independent<\/i>&#8211;<\/p>\n","protected":false},"excerpt":{"rendered":"<p>Hanya Yanagihara<\/p>\n","protected":false},"featured_media":3080,"template":"","meta":{"_joinchat":[]},"product_brand":[],"product_cat":[33],"product_tag":[34],"class_list":{"0":"post-3079","1":"product","2":"type-product","3":"status-publish","4":"has-post-thumbnail","6":"product_cat-ficcion-general","7":"product_tag-penguin-random-house","9":"first","10":"outofstock","11":"shipping-taxable","12":"purchasable","13":"product-type-simple"},"_links":{"self":[{"href":"https:\/\/libreriahistoriasdebolsillo.com\/index.php\/wp-json\/wp\/v2\/product\/3079","targetHints":{"allow":["GET"]}}],"collection":[{"href":"https:\/\/libreriahistoriasdebolsillo.com\/index.php\/wp-json\/wp\/v2\/product"}],"about":[{"href":"https:\/\/libreriahistoriasdebolsillo.com\/index.php\/wp-json\/wp\/v2\/types\/product"}],"wp:featuredmedia":[{"embeddable":true,"href":"https:\/\/libreriahistoriasdebolsillo.com\/index.php\/wp-json\/wp\/v2\/media\/3080"}],"wp:attachment":[{"href":"https:\/\/libreriahistoriasdebolsillo.com\/index.php\/wp-json\/wp\/v2\/media?parent=3079"}],"wp:term":[{"taxonomy":"product_brand","embeddable":true,"href":"https:\/\/libreriahistoriasdebolsillo.com\/index.php\/wp-json\/wp\/v2\/product_brand?post=3079"},{"taxonomy":"product_cat","embeddable":true,"href":"https:\/\/libreriahistoriasdebolsillo.com\/index.php\/wp-json\/wp\/v2\/product_cat?post=3079"},{"taxonomy":"product_tag","embeddable":true,"href":"https:\/\/libreriahistoriasdebolsillo.com\/index.php\/wp-json\/wp\/v2\/product_tag?post=3079"}],"curies":[{"name":"wp","href":"https:\/\/api.w.org\/{rel}","templated":true}]}}