{"id":3108,"date":"2023-12-29T13:32:10","date_gmt":"2023-12-29T19:32:10","guid":{"rendered":"https:\/\/libreriahistoriasdebolsillo.com\/?post_type=product&#038;p=3108"},"modified":"2026-03-17T15:02:43","modified_gmt":"2026-03-17T21:02:43","slug":"historias-de-cathalian-1-hija-de-la-tierra","status":"publish","type":"product","link":"https:\/\/libreriahistoriasdebolsillo.com\/index.php\/producto\/historias-de-cathalian-1-hija-de-la-tierra\/","title":{"rendered":"Historias de Cathalian 1. Hija de la tierra"},"content":{"rendered":"<p>Ziara vive en la Casa Verde y es una de las Novias del Nuevo Mundo, la esperanza de los \u00faltimos hombres. A\u00fan no ha sucedido, pero un d\u00eda so\u00f1ar\u00e1 con el hombre destinado a ella y cruzar\u00e1 los muros de su hogar para adentrarse en terreno desconocido: En ese mundo del que la han protegido y que tanto ans\u00eda conocer. Un encuentro inesperado en el Bosque Sagrado, una uni\u00f3n entre dos personas que se ven obligadas a compartir camino y un secreto revelado har\u00e1n que la vida de Ziara cambie para siempre. \u00bfEst\u00e1s preparado para adentrarte en el reino de Cathalian?<\/p>\n","protected":false},"excerpt":{"rendered":"<p>Andrea Longarela<\/p>\n","protected":false},"featured_media":3109,"template":"","meta":{"_joinchat":[]},"product_brand":[],"product_cat":[51,76],"product_tag":[34],"class_list":{"0":"post-3108","1":"product","2":"type-product","3":"status-publish","4":"has-post-thumbnail","6":"product_cat-oferta","7":"product_cat-romantasy","8":"product_tag-penguin-random-house","10":"first","11":"instock","12":"sale","13":"shipping-taxable","14":"purchasable","15":"product-type-simple"},"_links":{"self":[{"href":"https:\/\/libreriahistoriasdebolsillo.com\/index.php\/wp-json\/wp\/v2\/product\/3108","targetHints":{"allow":["GET"]}}],"collection":[{"href":"https:\/\/libreriahistoriasdebolsillo.com\/index.php\/wp-json\/wp\/v2\/product"}],"about":[{"href":"https:\/\/libreriahistoriasdebolsillo.com\/index.php\/wp-json\/wp\/v2\/types\/product"}],"wp:featuredmedia":[{"embeddable":true,"href":"https:\/\/libreriahistoriasdebolsillo.com\/index.php\/wp-json\/wp\/v2\/media\/3109"}],"wp:attachment":[{"href":"https:\/\/libreriahistoriasdebolsillo.com\/index.php\/wp-json\/wp\/v2\/media?parent=3108"}],"wp:term":[{"taxonomy":"product_brand","embeddable":true,"href":"https:\/\/libreriahistoriasdebolsillo.com\/index.php\/wp-json\/wp\/v2\/product_brand?post=3108"},{"taxonomy":"product_cat","embeddable":true,"href":"https:\/\/libreriahistoriasdebolsillo.com\/index.php\/wp-json\/wp\/v2\/product_cat?post=3108"},{"taxonomy":"product_tag","embeddable":true,"href":"https:\/\/libreriahistoriasdebolsillo.com\/index.php\/wp-json\/wp\/v2\/product_tag?post=3108"}],"curies":[{"name":"wp","href":"https:\/\/api.w.org\/{rel}","templated":true}]}}