{"id":3111,"date":"2023-12-29T13:41:48","date_gmt":"2023-12-29T19:41:48","guid":{"rendered":"https:\/\/libreriahistoriasdebolsillo.com\/?post_type=product&#038;p=3111"},"modified":"2024-12-09T12:22:23","modified_gmt":"2024-12-09T18:22:23","slug":"trono-de-cristal-2-corona-de-medianoche","status":"publish","type":"product","link":"https:\/\/libreriahistoriasdebolsillo.com\/index.php\/producto\/trono-de-cristal-2-corona-de-medianoche\/","title":{"rendered":"Trono de cristal 2. Corona de medianoche"},"content":{"rendered":"<p><b>El mal corona a la bella asesina de palacio. Guiada por el deber y dividida por el amor, Celaena Sardothien afronta duras encrucijadas.<\/b><\/p>\n<p>Vuelve la asesina palaciega, el arma m\u00e1s letal del reino de Endovier. Su encomienda es cobrar la sangre de los enemigos del rey Adarlan para comprar su libertad. Pero Celaena se niega a aceptar con sumisi\u00f3n las macabras \u00f3rdenes del monarca de Endovier, cuya alma es oscura como boca de lobo, y secretamente se convierte en disidente de la corona, poniendo en riesgo todo lo que ha aprendido a querer, a la princesa de coraz\u00f3n rebelde, al atractivo capit\u00e1n de la guardia y al pr\u00edncipe.<\/p>\n<p>Mantener aquella farsa se vuelve cada vez m\u00e1s dif\u00edcil cuando Celaena se da cuenta de que no es la \u00fanica que busca justicia. Sin embargo, se empe\u00f1a en desentra\u00f1ar los misterios que yacen en lo m\u00e1s hondo del castillo de cristal. Celaena se ver\u00e1 obligada a renunciar a lo m\u00e1s preciado para ella y tendr\u00e1 que definir de una vez por todas a qu\u00e9 le debe lealtad, aquello por lo que est\u00e1 m\u00e1s dispuesta a luchar.<\/p>\n","protected":false},"excerpt":{"rendered":"<p>Sarah J. Maas<\/p>\n","protected":false},"featured_media":3112,"template":"","meta":{"_joinchat":[]},"product_brand":[],"product_cat":[39,52,76],"product_tag":[34],"class_list":{"0":"post-3111","1":"product","2":"type-product","3":"status-publish","4":"has-post-thumbnail","6":"product_cat-fantasia","7":"product_cat-juvenil","8":"product_cat-romantasy","9":"product_tag-penguin-random-house","11":"first","12":"outofstock","13":"shipping-taxable","14":"purchasable","15":"product-type-simple"},"_links":{"self":[{"href":"https:\/\/libreriahistoriasdebolsillo.com\/index.php\/wp-json\/wp\/v2\/product\/3111","targetHints":{"allow":["GET"]}}],"collection":[{"href":"https:\/\/libreriahistoriasdebolsillo.com\/index.php\/wp-json\/wp\/v2\/product"}],"about":[{"href":"https:\/\/libreriahistoriasdebolsillo.com\/index.php\/wp-json\/wp\/v2\/types\/product"}],"wp:featuredmedia":[{"embeddable":true,"href":"https:\/\/libreriahistoriasdebolsillo.com\/index.php\/wp-json\/wp\/v2\/media\/3112"}],"wp:attachment":[{"href":"https:\/\/libreriahistoriasdebolsillo.com\/index.php\/wp-json\/wp\/v2\/media?parent=3111"}],"wp:term":[{"taxonomy":"product_brand","embeddable":true,"href":"https:\/\/libreriahistoriasdebolsillo.com\/index.php\/wp-json\/wp\/v2\/product_brand?post=3111"},{"taxonomy":"product_cat","embeddable":true,"href":"https:\/\/libreriahistoriasdebolsillo.com\/index.php\/wp-json\/wp\/v2\/product_cat?post=3111"},{"taxonomy":"product_tag","embeddable":true,"href":"https:\/\/libreriahistoriasdebolsillo.com\/index.php\/wp-json\/wp\/v2\/product_tag?post=3111"}],"curies":[{"name":"wp","href":"https:\/\/api.w.org\/{rel}","templated":true}]}}