{"id":3113,"date":"2023-12-29T13:57:29","date_gmt":"2023-12-29T19:57:29","guid":{"rendered":"https:\/\/libreriahistoriasdebolsillo.com\/?post_type=product&#038;p=3113"},"modified":"2026-02-10T16:25:28","modified_gmt":"2026-02-10T22:25:28","slug":"los-heroes-del-olimpo-4-la-casa-de-hades","status":"publish","type":"product","link":"https:\/\/libreriahistoriasdebolsillo.com\/index.php\/producto\/los-heroes-del-olimpo-4-la-casa-de-hades\/","title":{"rendered":"Los h\u00e9roes del Olimpo 4. La casa de Hades"},"content":{"rendered":"<p><b>Vuelve el autor de\u00a0<i>La pir\u00e1mide roja<\/i>\u00a0con una nueva y apasionante aventura: un ej\u00e9rcito de monstruos. Siete chicos al l\u00edmite de sus fuerzas. Y solo unas horas para salvar la humanidad.<\/b><\/p>\n<p>Gaia, la madre tierra, se ha propuesto destruir el mundo de los mortales con sus tropas de monstruos y gigantes, y solo hay un modo de impedirlo: cerrar las Puertas de la Muerte, por donde estas criaturas est\u00e1n escapando de los infiernos. Y, lo m\u00e1s importante, hay que hacerlo desde fuera&#8230; y desde dentro.<\/p>\n<p>Hazel, Nico, Piper, Leo, Frank y Jason han descubierto que la parte exterior se halla en Grecia, en el templo de Hades, dios del inframundo, aunque tienen un largo viaje hasta all\u00ed e ignoran a qu\u00e9 deber\u00e1n enfrentarse cuando lleguen.<\/p>\n<p>Mientras, Percy y Annabeth se encuentran en alg\u00fan lugar al otro lado, luchando por su supervivencia, por encontrar las puertas&#8230; y por salir antes de que sea demasiado tarde.<\/p>\n","protected":false},"excerpt":{"rendered":"<p>Rick Riordan<\/p>\n","protected":false},"featured_media":3114,"template":"","meta":{"_joinchat":[]},"product_brand":[],"product_cat":[39,52],"product_tag":[34],"class_list":{"0":"post-3113","1":"product","2":"type-product","3":"status-publish","4":"has-post-thumbnail","6":"product_cat-fantasia","7":"product_cat-juvenil","8":"product_tag-penguin-random-house","10":"first","11":"outofstock","12":"shipping-taxable","13":"purchasable","14":"product-type-simple"},"_links":{"self":[{"href":"https:\/\/libreriahistoriasdebolsillo.com\/index.php\/wp-json\/wp\/v2\/product\/3113","targetHints":{"allow":["GET"]}}],"collection":[{"href":"https:\/\/libreriahistoriasdebolsillo.com\/index.php\/wp-json\/wp\/v2\/product"}],"about":[{"href":"https:\/\/libreriahistoriasdebolsillo.com\/index.php\/wp-json\/wp\/v2\/types\/product"}],"wp:featuredmedia":[{"embeddable":true,"href":"https:\/\/libreriahistoriasdebolsillo.com\/index.php\/wp-json\/wp\/v2\/media\/3114"}],"wp:attachment":[{"href":"https:\/\/libreriahistoriasdebolsillo.com\/index.php\/wp-json\/wp\/v2\/media?parent=3113"}],"wp:term":[{"taxonomy":"product_brand","embeddable":true,"href":"https:\/\/libreriahistoriasdebolsillo.com\/index.php\/wp-json\/wp\/v2\/product_brand?post=3113"},{"taxonomy":"product_cat","embeddable":true,"href":"https:\/\/libreriahistoriasdebolsillo.com\/index.php\/wp-json\/wp\/v2\/product_cat?post=3113"},{"taxonomy":"product_tag","embeddable":true,"href":"https:\/\/libreriahistoriasdebolsillo.com\/index.php\/wp-json\/wp\/v2\/product_tag?post=3113"}],"curies":[{"name":"wp","href":"https:\/\/api.w.org\/{rel}","templated":true}]}}