{"id":3115,"date":"2023-12-29T13:59:38","date_gmt":"2023-12-29T19:59:38","guid":{"rendered":"https:\/\/libreriahistoriasdebolsillo.com\/?post_type=product&#038;p=3115"},"modified":"2026-02-10T16:25:42","modified_gmt":"2026-02-10T22:25:42","slug":"los-heroes-del-olimpo-5-la-sangre-del-olimpo","status":"publish","type":"product","link":"https:\/\/libreriahistoriasdebolsillo.com\/index.php\/producto\/los-heroes-del-olimpo-5-la-sangre-del-olimpo\/","title":{"rendered":"Los h\u00e9roes del Olimpo 5. La sangre del Olimpo"},"content":{"rendered":"<p><b><i>La sangre del olimpo<\/i>\u00a0es la quinta entrega de la serie H\u00e9roes del Olimpo, precedida por\u00a0<i>El h\u00e9roe perdido, El hijo de Neptuno, La marca de Atenea<\/i>\u00a0y\u00a0<i>La casa de Hades<\/i>.<\/b><\/p>\n<p><b>Un ej\u00e9rcito de gigantes. Dos batallas a vida o muerte. Y siete h\u00e9roes dispuestos a impedir el fin del mundo&#8230;<\/b><\/p>\n<p>Los tripulantes del Argo II han salido victoriosos de sus misiones, pero est\u00e1n lejos de derrotar a Gaia, la Madre Tierra. Ella ha conseguido alzar a todos sus gigantes y planea sacrificar a dos semidioses en la festividad de Spes: necesita su sangre, la sangre del Olimpo, para despertar.<\/p>\n<p>Por otro lado, la legi\u00f3n romana del Campamento J\u00fapiter, liderada por Octavio, est\u00e1 cada d\u00eda m\u00e1s cerca del Campamento Mestizo. La Atenea Partenos deber\u00e1 dirigirse al oeste para impedir la guerra entre los campamentos, mientras el Argo II navega hacia Atenas&#8230;<\/p>\n<p>\u00bfC\u00f3mo podr\u00e1n los j\u00f3venes semidioses derrotar a los gigantes de Gaia? Ya han sacrificado demasiado, pero si Gaia despierta&#8230; ser\u00e1 el final.<\/p>\n","protected":false},"excerpt":{"rendered":"<p>Rick Riordan<\/p>\n","protected":false},"featured_media":3116,"template":"","meta":{"_joinchat":[]},"product_brand":[],"product_cat":[39,52],"product_tag":[34],"class_list":{"0":"post-3115","1":"product","2":"type-product","3":"status-publish","4":"has-post-thumbnail","6":"product_cat-fantasia","7":"product_cat-juvenil","8":"product_tag-penguin-random-house","10":"first","11":"outofstock","12":"shipping-taxable","13":"purchasable","14":"product-type-simple"},"_links":{"self":[{"href":"https:\/\/libreriahistoriasdebolsillo.com\/index.php\/wp-json\/wp\/v2\/product\/3115","targetHints":{"allow":["GET"]}}],"collection":[{"href":"https:\/\/libreriahistoriasdebolsillo.com\/index.php\/wp-json\/wp\/v2\/product"}],"about":[{"href":"https:\/\/libreriahistoriasdebolsillo.com\/index.php\/wp-json\/wp\/v2\/types\/product"}],"wp:featuredmedia":[{"embeddable":true,"href":"https:\/\/libreriahistoriasdebolsillo.com\/index.php\/wp-json\/wp\/v2\/media\/3116"}],"wp:attachment":[{"href":"https:\/\/libreriahistoriasdebolsillo.com\/index.php\/wp-json\/wp\/v2\/media?parent=3115"}],"wp:term":[{"taxonomy":"product_brand","embeddable":true,"href":"https:\/\/libreriahistoriasdebolsillo.com\/index.php\/wp-json\/wp\/v2\/product_brand?post=3115"},{"taxonomy":"product_cat","embeddable":true,"href":"https:\/\/libreriahistoriasdebolsillo.com\/index.php\/wp-json\/wp\/v2\/product_cat?post=3115"},{"taxonomy":"product_tag","embeddable":true,"href":"https:\/\/libreriahistoriasdebolsillo.com\/index.php\/wp-json\/wp\/v2\/product_tag?post=3115"}],"curies":[{"name":"wp","href":"https:\/\/api.w.org\/{rel}","templated":true}]}}