{"id":3117,"date":"2023-12-29T14:01:47","date_gmt":"2023-12-29T20:01:47","guid":{"rendered":"https:\/\/libreriahistoriasdebolsillo.com\/?post_type=product&#038;p=3117"},"modified":"2024-03-12T13:27:02","modified_gmt":"2024-03-12T19:27:02","slug":"conversaciones-entre-amigos","status":"publish","type":"product","link":"https:\/\/libreriahistoriasdebolsillo.com\/index.php\/producto\/conversaciones-entre-amigos\/","title":{"rendered":"Conversaciones entre amigos"},"content":{"rendered":"<p>Tras recitar sus poemas en una velada literaria en Dubl\u00edn, Frances y Bobbi conocen a Melissa, una atractiva escritora que quiere publicar un reportaje sobre ellas. Estas dos universitarias que en el pasado fueron pareja se ver\u00e1n atra\u00eddas hacia ella y su marido Nick: un matrimonio acomodado que se acerca a la cuarentena y con el que terminar\u00e1n formando un complejo<i>\u00a0m\u00e9nage \u00e0 quatre<\/i>.<\/p>\n<p>Ambientada en la bohemia art\u00edstica irlandesa, esta historia de amores libres y relaciones ambiguas ofrece un retrato honesto de una generaci\u00f3n que rechaza las etiquetas impuestas.<\/p>\n<p>Entre presentaciones de libros, estrenos teatrales y vacaciones en la Breta\u00f1a francesa, las conversaciones de los personajes convierten el debut de Sally Rooney en una novela de ideas marcada por unos di\u00e1logos ocurrentes y un h\u00e1bil sentido del humor. La autora indaga en las delicadas crueldades de la interacci\u00f3n humana en una obra inteligente sobre la amistad, el deseo y los celos.<\/p>\n<p>Mientras sus personajes descubren el poder que tienen sobre los otros, Rooney articula una adictiva historia sobre el funcionamiento de la inocencia, el impacto de la infidelidad y el espejismo del libre albedr\u00edo.<\/p>\n<p><b><i>Conversaciones entre amigos<\/i>\u00a0ha situado a Rooney como una de las voces m\u00e1s prometedoras de su generaci\u00f3n. Una obra aguda y reveladora que es a la vez una novela de iniciaci\u00f3n, una comedia sobre el amor y un alegato feminista.<\/b><\/p>\n","protected":false},"excerpt":{"rendered":"<p>Sally Rooney<\/p>\n","protected":false},"featured_media":3118,"template":"","meta":{"_joinchat":[]},"product_brand":[],"product_cat":[33],"product_tag":[34],"class_list":{"0":"post-3117","1":"product","2":"type-product","3":"status-publish","4":"has-post-thumbnail","6":"product_cat-ficcion-general","7":"product_tag-penguin-random-house","9":"first","10":"outofstock","11":"shipping-taxable","12":"purchasable","13":"product-type-simple"},"_links":{"self":[{"href":"https:\/\/libreriahistoriasdebolsillo.com\/index.php\/wp-json\/wp\/v2\/product\/3117","targetHints":{"allow":["GET"]}}],"collection":[{"href":"https:\/\/libreriahistoriasdebolsillo.com\/index.php\/wp-json\/wp\/v2\/product"}],"about":[{"href":"https:\/\/libreriahistoriasdebolsillo.com\/index.php\/wp-json\/wp\/v2\/types\/product"}],"wp:featuredmedia":[{"embeddable":true,"href":"https:\/\/libreriahistoriasdebolsillo.com\/index.php\/wp-json\/wp\/v2\/media\/3118"}],"wp:attachment":[{"href":"https:\/\/libreriahistoriasdebolsillo.com\/index.php\/wp-json\/wp\/v2\/media?parent=3117"}],"wp:term":[{"taxonomy":"product_brand","embeddable":true,"href":"https:\/\/libreriahistoriasdebolsillo.com\/index.php\/wp-json\/wp\/v2\/product_brand?post=3117"},{"taxonomy":"product_cat","embeddable":true,"href":"https:\/\/libreriahistoriasdebolsillo.com\/index.php\/wp-json\/wp\/v2\/product_cat?post=3117"},{"taxonomy":"product_tag","embeddable":true,"href":"https:\/\/libreriahistoriasdebolsillo.com\/index.php\/wp-json\/wp\/v2\/product_tag?post=3117"}],"curies":[{"name":"wp","href":"https:\/\/api.w.org\/{rel}","templated":true}]}}